{"id":702,"date":"2022-02-12T12:25:57","date_gmt":"2022-02-12T11:25:57","guid":{"rendered":"https:\/\/b48apartment.eu\/?page_id=702"},"modified":"2026-02-10T10:46:00","modified_gmt":"2026-02-10T09:46:00","slug":"lakasok","status":"publish","type":"page","link":"https:\/\/b48apartment.eu\/ru\/lakasok\/","title":{"rendered":"\u0410\u043f\u0430\u0440\u0442\u0430\u043c\u0435\u043d\u0442\u044b"},"content":{"rendered":"<h6>\n\t\t\t\t\t\u041f\u043e\u0441\u043c\u043e\u0442\u0440\u0438\u0442\u0435 \u043d\u0430 \u0441\u043e\u0432\u0440\u0435\u043c\u0435\u043d\u043d\u044b\u0439, \u043d\u043e \u0443\u044e\u0442\u043d\u044b\u0439\n\t\t\t\t<\/h6>\n\t\t\t<h1>\n\t\t\t\t\t\u0414\u043e\u043c\u0430 \u043d\u0430\u0448\u0435\u0439 \u043c\u0435\u0447\u0442\u044b\n\t\t\t\t<\/h1>\n\t\t\t<h2>\n\t\t\t\t\t\"\u041d\u0430\u0448\u0438 \u043f\u0440\u0435\u0434\u043b\u043e\u0436\u0435\u043d\u0438\u044f \u0443\u0434\u043e\u0432\u043b\u0435\u0442\u0432\u043e\u0440\u044f\u0442 \u0432\u0441\u0435 \u0432\u0430\u0448\u0438 \u043f\u043e\u0442\u0440\u0435\u0431\u043d\u043e\u0441\u0442\u0438: \u0434\u0435\u043b\u043e\u0432\u0430\u044f \u043f\u043e\u0435\u0437\u0434\u043a\u0430 \u043d\u0430 1 - 2 \u0434\u043d\u044f \u0438\u043b\u0438 \u0441\u0435\u043c\u0435\u0439\u043d\u044b\u0439 \u043e\u0442\u0434\u044b\u0445\"\n\t\t\t\t<\/h2>\n\t\t\t<h2>\n\t\t\t\t\tBIGFLAT\n\t\t\t\t<\/h2>\n\t\t\t\t<img decoding=\"async\" src=\"http:\/\/b48apartment.eu\/wp-content\/uploads\/2025\/02\/10-_DSC7177-scaled.jpg\" alt=\"10_DSC7177\" itemprop=\"image\" title=\"10_DSC7177\" onerror=\"this.style.display='none'\"  \/>\n\t\t\t\t<img decoding=\"async\" src=\"http:\/\/b48apartment.eu\/wp-content\/uploads\/2025\/02\/Bigflat-tersz-szauna-nelkul-scaled.jpg\" alt=\"Bigflat dare \u0431\u0435\u0437 \u0441\u0430\u0443\u043d\u044b\" itemprop=\"image\" title=\"Bigflat dare \u0431\u0435\u0437 \u0441\u0430\u0443\u043d\u044b\" onerror=\"this.style.display='none'\"  \/>\n\t\t\t\t<img decoding=\"async\" src=\"http:\/\/b48apartment.eu\/wp-content\/uploads\/2025\/02\/Szuloi_halo_180x200-scaled.jpg\" alt=\"\u0420\u043e\u0434\u0438\u0442\u0435\u043b\u044c\u0441\u043a\u0430\u044f_\u0441\u0435\u0442\u044c_180x200\" itemprop=\"image\" title=\"\u0420\u043e\u0434\u0438\u0442\u0435\u043b\u044c\u0441\u043a\u0430\u044f_\u0441\u0435\u0442\u044c_180x200\" onerror=\"this.style.display='none'\"  \/>\n\t\t\t<a href=\"https:\/\/b48apartment.eu\/ru\/bigflat\/\" target=\"_blank\" rel=\"noopener\">\n\t\t\t\t\t\t\t\u0427\u0438\u0442\u0430\u0442\u044c \u0434\u0430\u043b\u0435\u0435\n\t\t\t\t\t<\/a>\n\t\t\t<h2>\n\t\t\t\t\tDUPLEX\n\t\t\t\t<\/h2>\n\t\t\t\t<img decoding=\"async\" src=\"http:\/\/b48apartment.eu\/wp-content\/uploads\/2025\/02\/27-_DSC7214-scaled.jpg\" alt=\"27-_DSC7214\" itemprop=\"image\" title=\"27-_DSC7214\" onerror=\"this.style.display='none'\"  \/>\n\t\t\t\t<img decoding=\"async\" src=\"http:\/\/b48apartment.eu\/wp-content\/uploads\/2025\/02\/Szuloi-halo_160x200--scaled.jpg\" alt=\"\u0420\u043e\u0434\u0438\u0442\u0435\u043b\u044c\u0441\u043a\u0430\u044f \u0441\u043f\u0430\u043b\u044c\u043d\u044f_160x200\" itemprop=\"image\" title=\"\u0420\u043e\u0434\u0438\u0442\u0435\u043b\u044c\u0441\u043a\u0430\u044f \u0441\u043f\u0430\u043b\u044c\u043d\u044f_160x200\" onerror=\"this.style.display='none'\"  \/>\n\t\t\t\t<img decoding=\"async\" src=\"https:\/\/b48apartment.eu\/wp-content\/plugins\/beaver-builder-lite-version\/img\/pixel.png\" alt=\"\" itemprop=\"image\" onerror=\"this.style.display='none'\"  \/>\n\t\t\t\t<img decoding=\"async\" src=\"http:\/\/b48apartment.eu\/wp-content\/uploads\/2025\/02\/Pad-es-szauna-scaled.jpg\" alt=\"\u041f\u043b\u043e\u0449\u0430\u0434\u043a\u0430 \u0438 \u0441\u0430\u0443\u043d\u0430\" itemprop=\"image\" title=\"\u041f\u043b\u043e\u0449\u0430\u0434\u043a\u0430 \u0438 \u0441\u0430\u0443\u043d\u0430\" onerror=\"this.style.display='none'\"  \/>\n\t\t\t<a href=\"https:\/\/b48apartment.eu\/ru\/%d0%b4%d1%83%d0%bf%d0%bb%d0%b5%d0%ba%d1%81\/\" target=\"_blank\" rel=\"noopener\">\n\t\t\t\t\t\t\t\u0427\u0438\u0442\u0430\u0442\u044c \u0434\u0430\u043b\u0435\u0435\n\t\t\t\t\t<\/a>\n\t\t\t<h2>\n\t\t\t\t\tGARDENHOUSE\n\t\t\t\t<\/h2>\n\t\t\t<a href=\"https:\/\/b48apartment.eu\/ru\/woodhouse\/\" target=\"_blank\" rel=\"noopener\">\n\t\t\t\t\t\t\t\u0427\u0438\u0442\u0430\u0442\u044c \u0434\u0430\u043b\u0435\u0435\n\t\t\t\t\t<\/a>\n\t\t\t\t<img decoding=\"async\" src=\"http:\/\/b48apartment.eu\/wp-content\/uploads\/2025\/02\/48-_DSC7257-scaled.jpg\" alt=\"48-_DSC7257\" itemprop=\"image\" title=\"48-_DSC7257\" onerror=\"this.style.display='none'\"  \/>\n\t\t\t\t<img decoding=\"async\" src=\"http:\/\/b48apartment.eu\/wp-content\/uploads\/2025\/02\/49-_DSC7258-scaled.jpg\" alt=\"49-_DSC7258\" itemprop=\"image\" title=\"49-_DSC7258\" onerror=\"this.style.display='none'\"  \/>\n\t\t\t\t<img decoding=\"async\" src=\"http:\/\/b48apartment.eu\/wp-content\/uploads\/2025\/02\/42-_DSC7246-scaled.jpg\" alt=\"42-_DSC7246\" itemprop=\"image\" title=\"42-_DSC7246\" onerror=\"this.style.display='none'\"  \/>\n\t\t\t<h2>\n\t\t\t\t\tSIMPLEX\n\t\t\t\t<\/h2>\n\t\t\t<a href=\"https:\/\/b48apartment.eu\/ru\/simplex\/\" target=\"_blank\" rel=\"noopener\">\n\t\t\t\t\t\t\t\u0427\u0438\u0442\u0430\u0442\u044c \u0434\u0430\u043b\u0435\u0435\n\t\t\t\t\t<\/a>\n\t\t\t\t<img decoding=\"async\" src=\"http:\/\/b48apartment.eu\/wp-content\/uploads\/2025\/02\/15-_DSC7186-scaled.jpg\" alt=\"15-_DSC7186\" itemprop=\"image\" title=\"15-_DSC7186\" onerror=\"this.style.display='none'\"  \/>\n\t\t\t\t<img decoding=\"async\" src=\"http:\/\/b48apartment.eu\/wp-content\/uploads\/2025\/02\/Szuloi_halo_160x200_kilatassal_a_fedett_teraszra-scaled.jpg\" alt=\"\u0420\u043e\u0434\u0438\u0442\u0435\u043b\u044c\u0441\u043a\u0430\u044f_\u0441\u0435\u0442\u044c_160x200_\u0441_\u0432\u0438\u0434\u043e\u043c_\u043d\u0430_\u043f\u043e\u043a\u0440\u044b\u0442\u0443\u044e_\u0442\u0435\u0440\u0440\u0430\u0441\u0443\" itemprop=\"image\" title=\"\u0420\u043e\u0434\u0438\u0442\u0435\u043b\u044c\u0441\u043a\u0430\u044f_\u0441\u0435\u0442\u044c_160x200_\u0441_\u0432\u0438\u0434\u043e\u043c_\u043d\u0430_\u043f\u043e\u043a\u0440\u044b\u0442\u0443\u044e_\u0442\u0435\u0440\u0440\u0430\u0441\u0443\" onerror=\"this.style.display='none'\"  \/>\n\t\t\t\t<img decoding=\"async\" src=\"http:\/\/b48apartment.eu\/wp-content\/uploads\/2025\/02\/Fedett_terasz_este_szaunaval-scaled.jpg\" alt=\"\u041a\u0440\u044b\u0442\u0430\u044f_\u0442\u0435\u0440\u0440\u0430\u0441\u0430_\u0441_\u043e\u0442\u043a\u0440\u044b\u0442\u043e\u0439_\u0441\u0430\u0443\u043d\u043e\u0439\" itemprop=\"image\" title=\"\u041a\u0440\u044b\u0442\u0430\u044f_\u0442\u0435\u0440\u0440\u0430\u0441\u0430_\u0441_\u043e\u0442\u043a\u0440\u044b\u0442\u043e\u0439_\u0441\u0430\u0443\u043d\u043e\u0439\" onerror=\"this.style.display='none'\"  \/>","protected":false},"excerpt":{"rendered":"<p>Tekintse meg modern \u00e9s m\u00e9gis csal\u00e1dias \u00c1lomlak\u00e1sainkat &#8222;aj\u00e1nlataink minden ig\u00e9nyt lefednek: 1 &#8211; 2 napos \u00fczleti \u00fat vagy csal\u00e1di szabads\u00e1g&#8221; BIGFLAT Tov\u00e1bb DUPLEX Tov\u00e1bb GARDENHOUSE Tov\u00e1bb SIMPLEX Tov\u00e1bb<\/p>","protected":false},"author":1,"featured_media":0,"parent":0,"menu_order":0,"comment_status":"closed","ping_status":"closed","template":"","meta":{"site-sidebar-layout":"no-sidebar","site-content-layout":"page-builder","ast-global-header-display":"","ast-main-header-display":"","ast-hfb-above-header-display":"","ast-hfb-below-header-display":"","ast-hfb-mobile-header-display":"","site-post-title":"disabled","ast-breadcrumbs-content":"","ast-featured-img":"disabled","footer-sml-layout":"","theme-transparent-header-meta":"enabled","adv-header-id-meta":"","stick-header-meta":"","header-above-stick-meta":"","header-main-stick-meta":"","header-below-stick-meta":"","ngg_post_thumbnail":0,"footnotes":""},"class_list":["post-702","page","type-page","status-publish","hentry"],"_links":{"self":[{"href":"https:\/\/b48apartment.eu\/ru\/wp-json\/wp\/v2\/pages\/702","targetHints":{"allow":["GET"]}}],"collection":[{"href":"https:\/\/b48apartment.eu\/ru\/wp-json\/wp\/v2\/pages"}],"about":[{"href":"https:\/\/b48apartment.eu\/ru\/wp-json\/wp\/v2\/types\/page"}],"author":[{"embeddable":true,"href":"https:\/\/b48apartment.eu\/ru\/wp-json\/wp\/v2\/users\/1"}],"replies":[{"embeddable":true,"href":"https:\/\/b48apartment.eu\/ru\/wp-json\/wp\/v2\/comments?post=702"}],"version-history":[{"count":0,"href":"https:\/\/b48apartment.eu\/ru\/wp-json\/wp\/v2\/pages\/702\/revisions"}],"wp:attachment":[{"href":"https:\/\/b48apartment.eu\/ru\/wp-json\/wp\/v2\/media?parent=702"}],"curies":[{"name":"wp","href":"https:\/\/api.w.org\/{rel}","templated":true}]}}