{"id":660,"date":"2018-10-04T06:18:10","date_gmt":"2018-10-04T04:18:10","guid":{"rendered":"https:\/\/b48apartment.eu\/about\/"},"modified":"2024-01-17T09:21:09","modified_gmt":"2024-01-17T08:21:09","slug":"%d0%bf%d1%80%d0%be%d0%b8%d0%b7%d0%b2%d0%b5%d1%81%d1%82%d0%b8-%d0%b2%d0%bf%d0%b5%d1%87%d0%b0%d1%82%d0%bb%d0%b5%d0%bd%d0%b8%d0%b5","status":"publish","type":"page","link":"https:\/\/b48apartment.eu\/ru\/%d0%bf%d1%80%d0%be%d0%b8%d0%b7%d0%b2%d0%b5%d1%81%d1%82%d0%b8-%d0%b2%d0%bf%d0%b5%d1%87%d0%b0%d1%82%d0%bb%d0%b5%d0%bd%d0%b8%d0%b5\/","title":{"rendered":"\u041e\u0442\u0442\u0438\u0441\u043a"},"content":{"rendered":"<h1>\n\t\t\t\t\t\u043c\u0430\u0441\u0442\u0445\u044d\u0432\n\t\t\t\t<\/h1>\n\t\u041e\u043f\u0435\u0440\u0430\u0442\u043e\u0440: \u0411\u0440\u0438\u0433\u0438\u0442\u0442\u0430 \u041a\u043e\u0432\u0430\u0447<br>\n\u0447\u0430\u0441\u0442\u043d\u044b\u0439 \u043f\u043e\u0441\u0442\u0430\u0432\u0449\u0438\u043a \u0436\u0438\u043b\u044c\u044f\n<p>\u0410\u0434\u0440\u0435\u0441: 2045 T\u00f6r\u00f6kb\u00e1lint, Baross utca 48<\/p>\n\u0422\u0435\u043b\u0435\u0444\u043e\u043d: +36-20-456-9779<br>\nE-mail: info@b48apartment.eu\n<p>\u041d\u0430\u043b\u043e\u0433\u043e\u0432\u044b\u0439 \u043d\u043e\u043c\u0435\u0440: 55690890-1-33<\/p>\n\t<h2>\n\t\t\t\t\t4\n\t\t\t\t<\/h2>\n\t\t\t<p>\u043a\u0432\u0430\u0440\u0442\u0438\u0440\u0430 \u0432 \u0430\u0440\u0435\u043d\u0434\u0443<\/p>\n\t<h2>\n\t\t\t\t\t20\n\t\t\t\t<\/h2>\n\t\t\t<p>\u0433\u043e\u0441\u0442\u0438 \u043c\u043e\u0433\u0443\u0442 \u0441\u043f\u0430\u0442\u044c \u0441 \u043a\u043e\u043c\u0444\u043e\u0440\u0442\u043e\u043c<\/p>\n\t<h2>\n\t\t\t\t\t15\n\t\t\t\t<\/h2>\n\t\t\t<p>\u043c\u044b \u043f\u0440\u0438\u043d\u0438\u043c\u0430\u043b\u0438 \u043f\u043e\u0441\u0435\u0442\u0438\u0442\u0435\u043b\u0435\u0439 \u0438\u0437<\/p>\n\t<h2>\n\t\t\t\t\t300+\n\t\t\t\t<\/h2>\n\t\t\t<p>\u0433\u043e\u0441\u0442\u044c, \u043f\u0440\u043e\u0436\u0438\u0432\u0430\u044e\u0449\u0438\u0439 \u0443 \u043d\u0430\u0441<\/p>\n\t<h3>\n\t\t\t\t\t\u0417\u0430\u0440\u0430\u043d\u0435\u0435 \u0431\u043b\u0430\u0433\u043e\u0434\u0430\u0440\u0438\u043c \u0412\u0430\u0441 \u0437\u0430 \u043f\u0440\u0435\u0434\u043b\u043e\u0436\u0435\u043d\u0438\u044f \u0438 \u043e\u0442\u0437\u044b\u0432\u044b.\n\t\t\t\t<\/h3>\n\t\t\t\t<img decoding=\"async\" src=\"https:\/\/b48apartment.eu\/wp-content\/uploads\/bb-plugin\/cache\/Viber-Bild_2022-04-16_11-40-03-130-300x225-square.jpg\" alt=\"Viber-Bild_2022-04-16_11-40-03-130\" itemprop=\"image\">\n\t<h5>\n\t\t\t\t\t\u0411\u0440\u0438\u0433\u0438\u0442\u0442\u0430 \u0438 \u0417\u043e\u043b\u0442\u0430\u043d \u041a\u043e\u0432\u0430\u0447\n\t\t\t\t<\/h5>\n\t\t\t<p>\u0421\u043e\u0431\u0441\u0442\u0432\u0435\u043d\u043d\u0438\u043a\u0438 \u0436\u0438\u043b\u044c\u044f<\/p>","protected":false},"excerpt":{"rendered":"<p>\u041e\u043f\u0435\u0440\u0430\u0442\u043e\u0440: \u0411\u0440\u0438\u0433\u0438\u0442\u0442\u0430 \u041a\u043e\u0432\u0430\u0447 \u0427\u0430\u0441\u0442\u043d\u044b\u0439 \u043f\u043e\u0441\u0442\u0430\u0432\u0449\u0438\u043a \u0443\u0441\u043b\u0443\u0433 \u0440\u0430\u0437\u043c\u0435\u0449\u0435\u043d\u0438\u044f \u0410\u0434\u0440\u0435\u0441: 2045 T\u00f6r\u00f6kb\u00e1lint, Baross utca 48 \u0422\u0435\u043b\u0435\u0444\u043e\u043d: +36-20-456-9779 E-mail: info@b48apartment.eu \u041d\u0430\u043b\u043e\u0433\u043e\u0432\u044b\u0439 \u043d\u043e\u043c\u0435\u0440: 55690890-1-33 4 \u043a\u0432\u0430\u0440\u0442\u0438\u0440\u044b \u0432 \u0430\u0440\u0435\u043d\u0434\u0443 \u0434\u043e\u0441\u0442\u0443\u043f\u043d\u044b 20 \u0433\u043e\u0441\u0442\u0435\u0439 \u043c\u043e\u0433\u0443\u0442 \u043a\u043e\u043c\u0444\u043e\u0440\u0442\u043d\u043e \u0440\u0430\u0437\u043c\u0435\u0441\u0442\u0438\u0442\u044c\u0441\u044f \u0443 \u043d\u0430\u0441 \u041c\u044b \u043f\u0440\u0438\u043d\u0438\u043c\u0430\u043b\u0438 \u0433\u043e\u0441\u0442\u0435\u0439 \u0438\u0437 15 \u0441\u0442\u0440\u0430\u043d 300+ \u0433\u043e\u0441\u0442\u0435\u0439 \u043e\u0441\u0442\u0430\u043d\u0430\u0432\u043b\u0438\u0432\u0430\u043b\u0438\u0441\u044c \u0443 \u043d\u0430\u0441 \u041c\u044b \u0437\u0430\u0440\u0430\u043d\u0435\u0435 \u0431\u043b\u0430\u0433\u043e\u0434\u0430\u0440\u0438\u043c \u0432\u0430\u0441 \u0437\u0430 \u0432\u0430\u0448\u0438 \u043f\u0440\u0435\u0434\u043b\u043e\u0436\u0435\u043d\u0438\u044f \u0438 \u043e\u0442\u0437\u044b\u0432\u044b. \u0411\u0440\u0438\u0433\u0438\u0442\u0442\u0430 \u0438 \u0417\u043e\u043b\u0442\u0430\u043d \u041a\u043e\u0432\u0430\u0447 \u0412\u043b\u0430\u0434\u0435\u043b\u044c\u0446\u044b \u0434\u043e\u043c\u0430<\/p>","protected":false},"author":1,"featured_media":0,"parent":0,"menu_order":0,"comment_status":"closed","ping_status":"closed","template":"","meta":{"site-sidebar-layout":"no-sidebar","site-content-layout":"page-builder","ast-global-header-display":"","ast-main-header-display":"","ast-hfb-above-header-display":"","ast-hfb-below-header-display":"","ast-hfb-mobile-header-display":"","site-post-title":"disabled","ast-breadcrumbs-content":"","ast-featured-img":"disabled","footer-sml-layout":"","theme-transparent-header-meta":"enabled","adv-header-id-meta":"","stick-header-meta":"","header-above-stick-meta":"","header-main-stick-meta":"","header-below-stick-meta":"","ngg_post_thumbnail":0,"footnotes":""},"class_list":["post-660","page","type-page","status-publish","hentry"],"_links":{"self":[{"href":"https:\/\/b48apartment.eu\/ru\/wp-json\/wp\/v2\/pages\/660","targetHints":{"allow":["GET"]}}],"collection":[{"href":"https:\/\/b48apartment.eu\/ru\/wp-json\/wp\/v2\/pages"}],"about":[{"href":"https:\/\/b48apartment.eu\/ru\/wp-json\/wp\/v2\/types\/page"}],"author":[{"embeddable":true,"href":"https:\/\/b48apartment.eu\/ru\/wp-json\/wp\/v2\/users\/1"}],"replies":[{"embeddable":true,"href":"https:\/\/b48apartment.eu\/ru\/wp-json\/wp\/v2\/comments?post=660"}],"version-history":[{"count":0,"href":"https:\/\/b48apartment.eu\/ru\/wp-json\/wp\/v2\/pages\/660\/revisions"}],"wp:attachment":[{"href":"https:\/\/b48apartment.eu\/ru\/wp-json\/wp\/v2\/media?parent=660"}],"curies":[{"name":"wp","href":"https:\/\/api.w.org\/{rel}","templated":true}]}}