{"id":837,"date":"2022-03-12T18:36:56","date_gmt":"2022-03-12T17:36:56","guid":{"rendered":"https:\/\/b48apartment.eu\/?page_id=837"},"modified":"2025-11-23T11:56:48","modified_gmt":"2025-11-23T10:56:48","slug":"simplex","status":"publish","type":"page","link":"https:\/\/b48apartment.eu\/es\/simplex\/","title":{"rendered":"Simplex"},"content":{"rendered":"<h6>\n\t\t\t\t\tNuestra \u00faltima opci\u00f3n de apartamento para una familia de hasta cinco miembros\n\t\t\t\t<\/h6>\n\t\t\t<h1>\n\t\t\t\t\tSIMPLEX\n\t\t\t\t<\/h1>\n<h6>\n\t\t<a href=\"#gal_simplex\" title=\"\u27a4 Ver m\u00e1s fotos\" target=\"_self\" rel=\"noopener\">\n\t\t\t\u27a4 Ver m\u00e1s fotos\t\t<\/a>\n\t<\/h6>\n<h6>\n\t\t<a href=\"#booking_simplex\" title=\"\u27a4 Reservar un apartamento\" target=\"_self\" rel=\"noopener\">\n\t\t\t\u27a4 Reservar un apartamento\t\t<\/a>\n\t<\/h6>\n\t\t\t<h3>\n\t\t\t\t\tAlojamiento elegante para una familia de hasta cinco miembros\n\t\t\t\t<\/h3>\n\t\t\t<p>Nuestro apartamento del patio es un dise\u00f1o de una sola planta, lo que permite un f\u00e1cil acceso entre nuestros dormitorios, sala de estar, cocina, ba\u00f1o y comedor. Nuestros dormitorios separados cuentan con camas dobles e individuales, mientras que nuestro sal\u00f3n dispone de un sof\u00e1 cama doble. Nuestra cocina totalmente equipada, lavadora y secadora satisfar\u00e1n todas las necesidades de las familias que se alojen con nosotros durante un largo periodo de tiempo. Nuestra sauna finlandesa para 8 personas le ayudar\u00e1 a relajarse despu\u00e9s de un duro d\u00eda de trabajo. Nuestra sala de sal Parajdi le mimar\u00e1 con el aire salado del mar. Ven, coge tu port\u00e1til y trabaja unas horas dentro... \u00a1tus pulmones te agradecer\u00e1n el cuidado! \ud83d\ude42<\/p>\n\t<h3>VISUALIZACI\u00d3N VIRTUAL<\/h3>\n<p>la tecnolog\u00eda StreetView utilizada le permite ver nuestras habitaciones y experimentar en parte la atm\u00f3sfera y el ambiente de los apartamentos.<\/p>\n\t<iframe src=\"https:\/\/www.google.com\/maps\/embed?pb=!4v1698608579905!6m8!1m7!1sCAoSLEFGMVFpcE9pQ0tiSXJUNHVhanRtZmNyelRlNGRqQ3Bwc1hGR192aEpqamgt!2m2!1d47.4358098727287!2d18.91499913281623!3f265.6030797000538!4f-15.017759083123892!5f0.7820865974627469\" width=\"1000\" height=\"500\" allowfullscreen=\"\" loading=\"lazy\" referrerpolicy=\"no-referrer-when-downgrade\"><\/iframe>\n\t\t\t<h2>\n\t\t\t\t\tSal\u00f3n-cocina-comedor\n\t\t\t\t<\/h2>\n\t\t\t\t<img decoding=\"async\" src=\"http:\/\/b48apartment.eu\/wp-content\/uploads\/2025\/02\/15-_DSC7186-scaled.jpg\" alt=\"15-_DSC7186\" itemprop=\"image\" title=\"15-_DSC7186\" onerror=\"this.style.display='none'\" loading=\"lazy\" \/>\n\t\t\t\t<img decoding=\"async\" src=\"http:\/\/b48apartment.eu\/wp-content\/uploads\/2025\/02\/Nappali_kinyithato_kanape_160x200-scaled.jpg\" alt=\"Living_room_sofa_sofa_160x200\" itemprop=\"image\" title=\"Living_room_sofa_sofa_160x200\" onerror=\"this.style.display='none'\" loading=\"lazy\" \/>\n\t\t\t<h2>\n\t\t\t\t\tArmario de dormitorio\n\t\t\t\t<\/h2>\n\t\t\t\t<img decoding=\"async\" src=\"http:\/\/b48apartment.eu\/wp-content\/uploads\/2025\/02\/Szuloi_halo_160x200_kilatassal_a_fedett_teraszra-scaled.jpg\" alt=\"Red_parental_160x200_con_vista_a_la_terraza_cubierta\" itemprop=\"image\" title=\"Red_parental_160x200_con_vista_a_la_terraza_cubierta\" onerror=\"this.style.display='none'\" loading=\"lazy\" \/>\n\t\t\t\t<img decoding=\"async\" src=\"http:\/\/b48apartment.eu\/wp-content\/uploads\/2025\/02\/19-_DSC7194-scaled.jpg\" alt=\"19-_DSC7194\" itemprop=\"image\" title=\"19-_DSC7194\" onerror=\"this.style.display='none'\" loading=\"lazy\" \/>\n\t\t\t<h2>\n\t\t\t\t\tCuarto de ba\u00f1o\n\t\t\t\t<\/h2>\n\t\t\t\t<img decoding=\"async\" src=\"http:\/\/b48apartment.eu\/wp-content\/uploads\/2025\/02\/18-_DSC7193-scaled.jpg\" alt=\"18-_DSC7193\" itemprop=\"image\" title=\"18-_DSC7193\" onerror=\"this.style.display='none'\" loading=\"lazy\" \/>\n<h2>\n\t\t\tTerraza y sauna\t<\/h2>\n\t\t\t\t<img decoding=\"async\" src=\"http:\/\/b48apartment.eu\/wp-content\/uploads\/2025\/02\/Fedett_terasz_este_szaunaval-scaled.jpg\" alt=\"Terraza_cubierta_con_sauna_exterior\" itemprop=\"image\" title=\"Terraza_cubierta_con_sauna_exterior\" onerror=\"this.style.display='none'\" loading=\"lazy\" \/>\n\t\t\t<h2>\n\t\t\t\t\tReservas\n\t\t\t\t<\/h2>","protected":false},"excerpt":{"rendered":"<p>Leg\u00fajabb lak\u00e1sopci\u00f3nk egy ak\u00e1r \u00f6tf\u0151s csal\u00e1d r\u00e9sz\u00e9re SIMPLEX \u27a4 Tekintse meg tov\u00e1bbi k\u00e9peinket \u27a4 Lak\u00e1sfoglal\u00e1s Eleg\u00e1ns sz\u00e1ll\u00e1slehet\u0151s\u00e9g egy ak\u00e1r \u00f6t f\u0151s csal\u00e1d r\u00e9sz\u00e9re Udvari lak\u00e1sunk egyszintes kialak\u00edt\u00e1sa, akad\u00e1lymentes k\u00f6zleked\u00e9st eredm\u00e9nyez h\u00e1l\u00f3szob\u00e1ink, nappalink, konyh\u00e1nk, f\u00fcrd\u0151szob\u00e1nk \u00e9s \u00e9tkez\u0151nk k\u00f6z\u00f6tt. K\u00fcl\u00f6n\u00e1ll\u00f3 h\u00e1l\u00f3szob\u00e1inkban dupla \u00e9s szimpla \u00e1gy, nappalinkban kinyithat\u00f3 k\u00e9tszem\u00e9lyes kanap\u00e9 gondoskodik Vend\u00e9geink pihen\u00e9s\u00e9r\u0151l. Teljesen felszerelt konyh\u00e1nk, mos\u00f3-, \u00e9s [&hellip;]<\/p>\n","protected":false},"author":1,"featured_media":0,"parent":0,"menu_order":0,"comment_status":"closed","ping_status":"closed","template":"","meta":{"site-sidebar-layout":"no-sidebar","site-content-layout":"page-builder","ast-site-content-layout":"default","site-content-style":"default","site-sidebar-style":"default","ast-global-header-display":"","ast-banner-title-visibility":"","ast-main-header-display":"","ast-hfb-above-header-display":"","ast-hfb-below-header-display":"","ast-hfb-mobile-header-display":"","site-post-title":"disabled","ast-breadcrumbs-content":"","ast-featured-img":"disabled","footer-sml-layout":"","ast-disable-related-posts":"","theme-transparent-header-meta":"enabled","adv-header-id-meta":"","stick-header-meta":"","header-above-stick-meta":"","header-main-stick-meta":"","header-below-stick-meta":"","astra-migrate-meta-layouts":"default","ast-page-background-enabled":"default","ast-page-background-meta":{"desktop":{"background-color":"","background-image":"","background-repeat":"repeat","background-position":"center center","background-size":"auto","background-attachment":"scroll","background-type":"","background-media":"","overlay-type":"","overlay-color":"","overlay-opacity":"","overlay-gradient":""},"tablet":{"background-color":"","background-image":"","background-repeat":"repeat","background-position":"center center","background-size":"auto","background-attachment":"scroll","background-type":"","background-media":"","overlay-type":"","overlay-color":"","overlay-opacity":"","overlay-gradient":""},"mobile":{"background-color":"","background-image":"","background-repeat":"repeat","background-position":"center center","background-size":"auto","background-attachment":"scroll","background-type":"","background-media":"","overlay-type":"","overlay-color":"","overlay-opacity":"","overlay-gradient":""}},"ast-content-background-meta":{"desktop":{"background-color":"var(--ast-global-color-5)","background-image":"","background-repeat":"repeat","background-position":"center center","background-size":"auto","background-attachment":"scroll","background-type":"","background-media":"","overlay-type":"","overlay-color":"","overlay-opacity":"","overlay-gradient":""},"tablet":{"background-color":"var(--ast-global-color-5)","background-image":"","background-repeat":"repeat","background-position":"center center","background-size":"auto","background-attachment":"scroll","background-type":"","background-media":"","overlay-type":"","overlay-color":"","overlay-opacity":"","overlay-gradient":""},"mobile":{"background-color":"var(--ast-global-color-5)","background-image":"","background-repeat":"repeat","background-position":"center center","background-size":"auto","background-attachment":"scroll","background-type":"","background-media":"","overlay-type":"","overlay-color":"","overlay-opacity":"","overlay-gradient":""}},"ngg_post_thumbnail":0,"footnotes":""},"class_list":["post-837","page","type-page","status-publish","hentry"],"_links":{"self":[{"href":"https:\/\/b48apartment.eu\/es\/wp-json\/wp\/v2\/pages\/837","targetHints":{"allow":["GET"]}}],"collection":[{"href":"https:\/\/b48apartment.eu\/es\/wp-json\/wp\/v2\/pages"}],"about":[{"href":"https:\/\/b48apartment.eu\/es\/wp-json\/wp\/v2\/types\/page"}],"author":[{"embeddable":true,"href":"https:\/\/b48apartment.eu\/es\/wp-json\/wp\/v2\/users\/1"}],"replies":[{"embeddable":true,"href":"https:\/\/b48apartment.eu\/es\/wp-json\/wp\/v2\/comments?post=837"}],"version-history":[{"count":0,"href":"https:\/\/b48apartment.eu\/es\/wp-json\/wp\/v2\/pages\/837\/revisions"}],"wp:attachment":[{"href":"https:\/\/b48apartment.eu\/es\/wp-json\/wp\/v2\/media?parent=837"}],"curies":[{"name":"wp","href":"https:\/\/api.w.org\/{rel}","templated":true}]}}