{"id":691,"date":"2022-02-12T12:18:18","date_gmt":"2022-02-12T11:18:18","guid":{"rendered":"https:\/\/b48apartment.eu\/?page_id=691"},"modified":"2025-02-17T12:24:00","modified_gmt":"2025-02-17T11:24:00","slug":"woodhouse","status":"publish","type":"page","link":"https:\/\/b48apartment.eu\/es\/woodhouse\/","title":{"rendered":"Casa de madera"},"content":{"rendered":"<h6>\n\t\t\t\t\tSoluci\u00f3n compacta para grandes necesidades\n\t\t\t\t<\/h6>\n\t\t\t<h1>\n\t\t\t\t\tCASAJARD\u00cdN\n\t\t\t\t<\/h1>\n<h6>\n\t\t<a href=\"#gal_woodhouse\" title=\"\u27a4 Ver m\u00e1s fotos\" target=\"_self\" rel=\"noopener\">\n\t\t\u27a4 Ver m\u00e1s fotos\n\t\t<\/a>\n\t<\/h6>\n<h6>\n\t\t<a href=\"#booking_woodhouse\" title=\"\u27a4 Reservar un apartamento\" target=\"_self\" rel=\"noopener\">\n\t\t\u27a4 Reservar un apartamento\n\t\t<\/a>\n\t<\/h6>\n\t\t\t<h3>\n\t\t\t\t\tuna soluci\u00f3n acogedora con todo el confort para parejas\n\t\t\t\t<\/h3>\n\t\t\t<p>Al final de nuestro jard\u00edn, en plena vegetaci\u00f3n, tenemos una casa de vacaciones con revestimiento de pino rojo - terraza de madera. Con su peque\u00f1o tama\u00f1o pero el uso pr\u00e1ctico de cada cent\u00edmetro, hemos creado una casa de vacaciones perfectamente utilizable para una o dos personas. Un cuarto de ba\u00f1o con ducha, aseo, cocina totalmente equipada (cocina, horno, campana extractora, nevera, lavadora y secadora) y una cocina totalmente equipada (cocina, horno, campana extractora, nevera, lavadora y secadora) proporcionan la comodidad del hogar, incluso para estancias m\u00e1s largas. El apartamento est\u00e1 equipado con Smart TV, Internet r\u00e1pido e independiente.  Despu\u00e9s de sacar el c\u00f3modo sof\u00e1 cama en la sala de estar, podemos crear un 180 x 200 cm perfectamente plana, c\u00f3modamente muelles, cama doble de calidad rinc\u00f3n para dormir. En el jard\u00edn trasero tambi\u00e9n encontrar\u00e1 la sauna finlandesa para 8 personas, que tambi\u00e9n se puede utilizar como una sala de sal Parajdi cuando no hace tanto calor. \u00a1Venga a probarla!<\/p>\n\t<p>Nuestro apartamento en el \"<em><strong>Reservas<\/strong><\/em>\" para el a\u00f1o 2023 en \"<em><strong>Premios Traveller Review<\/strong><\/em>\"premio. \u00a1Tenemos una calificaci\u00f3n \"SUPERHOST\" en AIRBNB!<\/p>\n<p><img loading=\"lazy\" decoding=\"async\" src=\"http:\/\/b48apartment.eu\/wp-content\/uploads\/2023\/01\/Digital-Award-TRA-2023_woodhouse-300x300.png\" alt=\"\" width=\"173\" height=\"173\" \/><\/p>\n\t\t\t<h3>\n\t\t\t\t\tVISUALIZACI\u00d3N VIRTUAL\n\t\t\t\t<\/h3>\n\t<p>La tecnolog\u00eda StreetView utilizada le permite ver nuestras habitaciones y experimentar en parte la atm\u00f3sfera y el ambiente de los apartamentos. No solo puede cambiar la posici\u00f3n con las teclas de flecha, sino que tambi\u00e9n puede ver las habitaciones en 360\u00b0 manteniendo pulsado y girando el rat\u00f3n.<\/p>\n\t<iframe src=\"https:\/\/www.google.com\/maps\/embed?pb=!4v1698608902296!6m8!1m7!1sCAoSLEFGMVFpcE5EMS04WThrMlBaUkhjRllQbEh4NUd5eEtPQWN6NmdJX1FqZEVr!2m2!1d47.43571125171769!2d18.91478020594027!3f28.56113466777583!4f-15.158630613117808!5f0.4000000000000002\" width=\"1000\" height=\"500\" allowfullscreen=\"\" loading=\"lazy\" referrerpolicy=\"no-referrer-when-downgrade\"><\/iframe>\n\t\t\t<h2>\n\t\t\t\t\tZona suburbana\n\t\t\t\t<\/h2>\n\t\t\t\t<img decoding=\"async\" src=\"http:\/\/b48apartment.eu\/wp-content\/uploads\/2025\/02\/49-_DSC7258-scaled.jpg\" alt=\"49-_DSC7258\" itemprop=\"image\" title=\"49-_DSC7258\" onerror=\"this.style.display='none'\"  \/>\n\t\t\t\t<img decoding=\"async\" src=\"http:\/\/b48apartment.eu\/wp-content\/uploads\/2025\/02\/Kulso_esti-scaled.jpg\" alt=\"Exterior_esti\" itemprop=\"image\" title=\"Exterior_esti\" onerror=\"this.style.display='none'\"  \/>\n\t\t\t\t<img decoding=\"async\" src=\"https:\/\/b48apartment.eu\/wp-content\/plugins\/beaver-builder-lite-version\/img\/pixel.png\" alt=\"\" itemprop=\"image\" onerror=\"this.style.display='none'\"  \/>\n\t\t\t<h2>\n\t\t\t\t\tSal\u00f3n-cocina-comedor y habitaci\u00f3n de noche\n\t\t\t\t<\/h2>\n\t\t\t\t<img decoding=\"async\" src=\"http:\/\/b48apartment.eu\/wp-content\/uploads\/2025\/02\/48-_DSC7257-scaled.jpg\" alt=\"48-_DSC7257\" itemprop=\"image\" title=\"48-_DSC7257\" onerror=\"this.style.display='none'\"  \/>\n\t\t\t\t<img decoding=\"async\" src=\"http:\/\/b48apartment.eu\/wp-content\/uploads\/2025\/02\/42-_DSC7246-scaled.jpg\" alt=\"42-_DSC7246\" itemprop=\"image\" title=\"42-_DSC7246\" onerror=\"this.style.display='none'\"  \/>\n\t\t\t\t<img decoding=\"async\" src=\"http:\/\/b48apartment.eu\/wp-content\/uploads\/2025\/02\/44-_DSC7251-scaled.jpg\" alt=\"44-_DSC7251\" itemprop=\"image\" title=\"44-_DSC7251\" onerror=\"this.style.display='none'\"  \/>\n\t\t\t<h2>\n\t\t\t\t\tCuarto de ba\u00f1o\n\t\t\t\t<\/h2>\n\t\t\t\t<img decoding=\"async\" src=\"http:\/\/b48apartment.eu\/wp-content\/uploads\/2025\/02\/46-_DSC7255-scaled.jpg\" alt=\"46-_DSC7255\" itemprop=\"image\" title=\"46-_DSC7255\" onerror=\"this.style.display='none'\"  \/>\n\t\t\t\t<img decoding=\"async\" src=\"http:\/\/b48apartment.eu\/wp-content\/uploads\/2025\/02\/45-_DSC7254-683x1024.jpg\" alt=\"45-_DSC7254\" itemprop=\"image\" title=\"45-_DSC7254\" onerror=\"this.style.display='none'\"  \/>\n<h2>\n\t\tBarbacoa y sauna\n\t<\/h2>\n\t\t\t\t<img decoding=\"async\" src=\"http:\/\/b48apartment.eu\/wp-content\/uploads\/2025\/02\/Pad-es-szauna-scaled.jpg\" alt=\"Pad y sauna\" itemprop=\"image\" title=\"Pad y sauna\" onerror=\"this.style.display='none'\"  \/>\n\t\t\t\t<img decoding=\"async\" src=\"http:\/\/b48apartment.eu\/wp-content\/uploads\/2025\/02\/35-_DSC7236-masolata-scaled.jpg\" alt=\"Copia de 35-_DSC7236\" itemprop=\"image\" title=\"Copia de 35-_DSC7236\" onerror=\"this.style.display='none'\"  \/>\n\t\t\t<h2>\n\t\t\t\t\tReservas de habitaciones:\n\t\t\t\t<\/h2>\n<h3>\n\t\tEl apartamento est\u00e1 disponible los d\u00edas siguientes:\n\t<\/h3>","protected":false},"excerpt":{"rendered":"<p>Una soluci\u00f3n compacta - para grandes necesidades CASA DE JARD\u00cdN \u27a4 Ver m\u00e1s fotos \u27a4 Reservar una soluci\u00f3n de casa de vacaciones con todas las comodidades para parejas Nuestra casa de vacaciones con terraza de madera y revestimiento de alerce est\u00e1 enclavada en el extremo de nuestro jard\u00edn, en pleno cintur\u00f3n verde. Con sus reducidas dimensiones pero aprovechando al m\u00e1ximo cada cent\u00edmetro, hemos creado una casa de vacaciones perfecta para una o dos personas. Dispone de cuarto de ba\u00f1o con ducha, aseo, cocina totalmente equipada (placa, horno, ...<\/p>\n<p class=\"read-more\"> <a class=\"\" href=\"https:\/\/b48apartment.eu\/es\/woodhouse\/\"> <span class=\"screen-reader-text\">Casa de madera<\/span> Leer m\u00e1s \"<\/a><\/p>","protected":false},"author":1,"featured_media":0,"parent":0,"menu_order":0,"comment_status":"closed","ping_status":"closed","template":"","meta":{"site-sidebar-layout":"no-sidebar","site-content-layout":"page-builder","ast-global-header-display":"","ast-main-header-display":"","ast-hfb-above-header-display":"","ast-hfb-below-header-display":"","ast-hfb-mobile-header-display":"","site-post-title":"disabled","ast-breadcrumbs-content":"","ast-featured-img":"disabled","footer-sml-layout":"","theme-transparent-header-meta":"enabled","adv-header-id-meta":"","stick-header-meta":"","header-above-stick-meta":"","header-main-stick-meta":"","header-below-stick-meta":"","ngg_post_thumbnail":0,"footnotes":""},"class_list":["post-691","page","type-page","status-publish","hentry"],"_links":{"self":[{"href":"https:\/\/b48apartment.eu\/es\/wp-json\/wp\/v2\/pages\/691","targetHints":{"allow":["GET"]}}],"collection":[{"href":"https:\/\/b48apartment.eu\/es\/wp-json\/wp\/v2\/pages"}],"about":[{"href":"https:\/\/b48apartment.eu\/es\/wp-json\/wp\/v2\/types\/page"}],"author":[{"embeddable":true,"href":"https:\/\/b48apartment.eu\/es\/wp-json\/wp\/v2\/users\/1"}],"replies":[{"embeddable":true,"href":"https:\/\/b48apartment.eu\/es\/wp-json\/wp\/v2\/comments?post=691"}],"version-history":[{"count":0,"href":"https:\/\/b48apartment.eu\/es\/wp-json\/wp\/v2\/pages\/691\/revisions"}],"wp:attachment":[{"href":"https:\/\/b48apartment.eu\/es\/wp-json\/wp\/v2\/media?parent=691"}],"curies":[{"name":"wp","href":"https:\/\/api.w.org\/{rel}","templated":true}]}}