{"id":687,"date":"2022-02-12T12:15:12","date_gmt":"2022-02-12T11:15:12","guid":{"rendered":"https:\/\/b48apartment.eu\/?page_id=687"},"modified":"2026-03-11T23:19:49","modified_gmt":"2026-03-11T22:19:49","slug":"bigflat","status":"publish","type":"page","link":"https:\/\/b48apartment.eu\/es\/bigflat\/","title":{"rendered":"BigFlat"},"content":{"rendered":"<h6>\n\t\t\t\t\tnuestra oferta familiar\n\t\t\t\t<\/h6>\n\t\t\t<h1>\n\t\t\t\t\tBIGFLAT\n\t\t\t\t<\/h1>\n<h6>\n\t\t<a href=\"#booking_bigflat\" title=\"\u27a4 Reserva\"  target=\"_self\">\n\t\t\t\u27a4 Reserva\t\t<\/a>\n\t<\/h6>\n<h6>\n\t\t<a href=\"#gal_bigflat\" title=\"\u27a4 Ver m\u00e1s fotos\"  target=\"_self\">\n\t\t\t\u27a4 Ver m\u00e1s fotos\t\t<\/a>\n\t<\/h6>\n\t\t\t<h3>\n\t\t\t\t\tLa soluci\u00f3n \u00f3ptima para las familias numerosas\n\t\t\t\t<\/h3>\n\t\t\t<p>gustar\u00eda presentar este apartamento, que satisface todas las necesidades de nuestra familia. \u00a1Con 130 metros cuadrados, una hermosa \u00fanica sala de estar-cocina-comedor, un luminoso invernadero, cada gran familia o grupo de amigos que viajan juntos encontrar\u00e1 su n\u00famero! En nuestros tres dormitorios pueden dormir c\u00f3modamente 5 personas y en el sal\u00f3n 2. Para un ni\u00f1o de 10 a\u00f1os, un sof\u00e1 cama se puede utilizar como una cama. En la sala de estar encontrar\u00e1 un Samsung Smart TV de 150 cm, acceso a Internet independiente y r\u00e1pido y una lavadora y secadora. La terraza de 35 metros cuadrados anexa a este apartamento es perfecta para desayunos y comidas familiares y barbacoas nocturnas. Para su comodidad, hay una sauna de infrarrojos para dos personas o una sauna finlandesa en el patio con capacidad para ocho personas.\u00a0<\/p>\n\t<p>Nuestro apartamento en el \"<em><strong>Reservas<\/strong><\/em>\" para el a\u00f1o 2023 en \"<em><strong>Premios Traveller Review<\/strong><\/em>\". Estamos certificados como \"SUPERHOST\" por AIRBNB<\/p>\n<p><img loading=\"lazy\" decoding=\"async\" src=\"http:\/\/b48apartment.eu\/wp-content\/uploads\/2023\/02\/Digital-Award-TRA-2023-300x300.png\" alt=\"\" width=\"174\" height=\"174\" \/> \u00a0<img loading=\"lazy\" decoding=\"async\" src=\"http:\/\/b48apartment.eu\/wp-content\/uploads\/2025\/02\/Digital-Award-TRA-2024-300x300.png\" alt=\"\" width=\"174\" height=\"174\" \/> \u00a0<img loading=\"lazy\" decoding=\"async\" src=\"http:\/\/b48apartment.eu\/wp-content\/uploads\/2025\/02\/Digital-Award-TRA-2025-300x300.png\" alt=\"\" width=\"174\" height=\"174\" \/><\/p>\n\t<h3>VISUALIZACI\u00d3N VIRTUAL<\/h3>\n<p>la tecnolog\u00eda StreetView utilizada le permite ver nuestras instalaciones y experimentar en parte la atm\u00f3sfera y el ambiente de los apartamentos<\/p>\n\t<iframe src=\"https:\/\/www.google.com\/maps\/embed?pb=!4v1698608379300!6m8!1m7!1sCAoSLEFGMVFpcE9EYklRejJTSC1VYy0xWldIZ1lNSEpxVE5XbC1PcHR3cTdIZE9z!2m2!1d47.43587896499255!2d18.91517027614461!3f253.31902185895962!4f-12.49126439045429!5f0.7820865974627469\" width=\"1000\" height=\"500\" allowfullscreen=\"\" loading=\"lazy\" referrerpolicy=\"no-referrer-when-downgrade\"><\/iframe>\n\t\t\t<h2>\n\t\t\t\t\tTerraza acristalada\n\t\t\t\t<\/h2>\n<figure itemscope itemtype=\"https:\/\/schema.org\/ImageObject\">\n\t\t\t\t<img decoding=\"async\" src=\"http:\/\/b48apartment.eu\/wp-content\/uploads\/2025\/01\/Telikert_a-teraszra_kilatas-scaled.jpg\" alt=\"Conservatorio_vista_a_la_terraza\" title=\"Conservatorio_vista_a_la_terraza\" onerror=\"this.style.display='none'\" loading=\"lazy\" \/>\n\t<\/figure>\n<figure itemscope itemtype=\"https:\/\/schema.org\/ImageObject\">\n\t\t\t\t<img decoding=\"async\" src=\"https:\/\/b48apartment.eu\/wp-content\/plugins\/beaver-builder-lite-version\/img\/pixel.png\" alt=\"\" onerror=\"this.style.display='none'\" loading=\"lazy\" \/>\n\t<\/figure>\n<figure itemscope itemtype=\"https:\/\/schema.org\/ImageObject\">\n\t\t\t\t<img decoding=\"async\" src=\"http:\/\/b48apartment.eu\/wp-content\/uploads\/2024\/12\/Bigflat-tersz-szauna-nelkul-scaled.jpg\" alt=\"Bigflat atr\u00e9vete sin sauna\" title=\"Bigflat atr\u00e9vete sin sauna\" onerror=\"this.style.display='none'\" loading=\"lazy\" \/>\n\t<\/figure>\n<figure itemscope itemtype=\"https:\/\/schema.org\/ImageObject\">\n\t\t\t\t<img decoding=\"async\" src=\"http:\/\/b48apartment.eu\/wp-content\/uploads\/2025\/01\/Telikert_belulrol-scaled.jpg\" alt=\"Conservatorio_arriba\" title=\"Conservatorio_arriba\" onerror=\"this.style.display='none'\" loading=\"lazy\" \/>\n\t<\/figure>\n\t\t\t<h2>\n\t\t\t\t\tSala de estar\n\t\t\t\t<\/h2>\n<figure itemscope itemtype=\"https:\/\/schema.org\/ImageObject\">\n\t\t\t\t<img decoding=\"async\" src=\"http:\/\/b48apartment.eu\/wp-content\/uploads\/2025\/02\/10-_DSC7177-scaled.jpg\" alt=\"10_DSC7177\" title=\"10_DSC7177\" onerror=\"this.style.display='none'\" loading=\"lazy\" \/>\n\t<\/figure>\n<figure itemscope itemtype=\"https:\/\/schema.org\/ImageObject\">\n\t\t\t\t<img decoding=\"async\" src=\"https:\/\/b48apartment.eu\/wp-content\/uploads\/2025\/02\/12-_DSC7180-1024x683.jpg\" alt=\"12-_DSC7180\" height=\"683\" width=\"1024\" title=\"12-_DSC7180\" onerror=\"this.style.display='none'\" loading=\"lazy\" \/>\n\t<\/figure>\n\t\t\t<h2>\n\t\t\t\t\tCocina\n\t\t\t\t<\/h2>\n<figure itemscope itemtype=\"https:\/\/schema.org\/ImageObject\">\n\t\t\t\t<img decoding=\"async\" src=\"http:\/\/b48apartment.eu\/wp-content\/uploads\/2025\/02\/7-_DSC7165-scaled.jpg\" alt=\"7-_DSC7165\" title=\"7-_DSC7165\" onerror=\"this.style.display='none'\" loading=\"lazy\" \/>\n\t<\/figure>\n<figure itemscope itemtype=\"https:\/\/schema.org\/ImageObject\">\n\t\t\t\t<img decoding=\"async\" src=\"http:\/\/b48apartment.eu\/wp-content\/uploads\/2025\/02\/8-_DSC7172-scaled.jpg\" alt=\"8-_DSC7172\" title=\"8-_DSC7172\" onerror=\"this.style.display='none'\" loading=\"lazy\" \/>\n\t<\/figure>\n\t\t\t<h2>\n\t\t\t\t\tDormitorios\n\t\t\t\t<\/h2>\n<figure itemscope itemtype=\"https:\/\/schema.org\/ImageObject\">\n\t\t\t\t<img decoding=\"async\" src=\"http:\/\/b48apartment.eu\/wp-content\/uploads\/2025\/02\/1-_DSC7151-masolata-scaled.jpg\" alt=\"Copia de 1-_DSC7151\" title=\"Copia de 1-_DSC7151\" onerror=\"this.style.display='none'\" loading=\"lazy\" \/>\n\t<\/figure>\n<figure itemscope itemtype=\"https:\/\/schema.org\/ImageObject\">\n\t\t\t\t<img decoding=\"async\" src=\"http:\/\/b48apartment.eu\/wp-content\/uploads\/2025\/02\/9-_DSC7173-scaled.jpg\" alt=\"9-_DSC7173\" title=\"9-_DSC7173\" onerror=\"this.style.display='none'\" loading=\"lazy\" \/>\n\t<\/figure>\n<figure itemscope itemtype=\"https:\/\/schema.org\/ImageObject\">\n\t\t\t\t<img decoding=\"async\" src=\"http:\/\/b48apartment.eu\/wp-content\/uploads\/2025\/02\/2-_DSC7153-masolata-scaled.jpg\" alt=\"Copia de 2-_DSC7153\" title=\"Copia de 2-_DSC7153\" onerror=\"this.style.display='none'\" loading=\"lazy\" \/>\n\t<\/figure>\n<figure itemscope itemtype=\"https:\/\/schema.org\/ImageObject\">\n\t\t\t\t<img decoding=\"async\" src=\"http:\/\/b48apartment.eu\/wp-content\/uploads\/2025\/02\/Szuloi_halo_180x200-scaled.jpg\" alt=\"Red_parental_180x200\" title=\"Red_parental_180x200\" onerror=\"this.style.display='none'\" loading=\"lazy\" \/>\n\t<\/figure>\n<figure itemscope itemtype=\"https:\/\/schema.org\/ImageObject\">\n\t\t\t\t<img decoding=\"async\" src=\"http:\/\/b48apartment.eu\/wp-content\/uploads\/2025\/02\/2_szimpla_agy100X200--scaled.jpg\" alt=\"2_simple_cama100X200\" title=\"2_simple_cama100X200\" onerror=\"this.style.display='none'\" loading=\"lazy\" \/>\n\t<\/figure>\n<figure itemscope itemtype=\"https:\/\/schema.org\/ImageObject\">\n\t\t\t\t<img decoding=\"async\" src=\"https:\/\/b48apartment.eu\/wp-content\/plugins\/beaver-builder-lite-version\/img\/pixel.png\" alt=\"\" onerror=\"this.style.display='none'\" loading=\"lazy\" \/>\n\t<\/figure>\n<figure itemscope itemtype=\"https:\/\/schema.org\/ImageObject\">\n\t\t\t\t<img decoding=\"async\" src=\"https:\/\/b48apartment.eu\/wp-content\/plugins\/beaver-builder-lite-version\/img\/pixel.png\" alt=\"\" onerror=\"this.style.display='none'\" loading=\"lazy\" \/>\n\t<\/figure>\n\t\t\t<h2>\n\t\t\t\t\tCuarto de ba\u00f1o\n\t\t\t\t<\/h2>\n\t\n<figure itemscope itemtype=\"https:\/\/schema.org\/ImageObject\">\n\t\t\t\t<img decoding=\"async\" src=\"http:\/\/b48apartment.eu\/wp-content\/uploads\/2025\/02\/3-_DSC7155-scaled.jpg\" alt=\"3-_DSC7155\" title=\"3-_DSC7155\" onerror=\"this.style.display='none'\" loading=\"lazy\" \/>\n\t<\/figure>\n<figure itemscope itemtype=\"https:\/\/schema.org\/ImageObject\">\n\t\t\t\t<img decoding=\"async\" src=\"http:\/\/b48apartment.eu\/wp-content\/uploads\/2025\/02\/2-_DSC7156-200x300.jpg\" alt=\"2-_DSC7156\" title=\"2-_DSC7156\" onerror=\"this.style.display='none'\" loading=\"lazy\" \/>\n\t<\/figure>\n\t\t\t<h2>\n\t\t\t\t\tReservas\n\t\t\t\t<\/h2>","protected":false},"excerpt":{"rendered":"<p>nuestra oferta familiar BIGFLAT \u27a4 Reservar una habitaci\u00f3n \u27a4 Ver m\u00e1s fotos La soluci\u00f3n \u00f3ptima para familias numerosas Les presentamos este apartamento, que satisface todas las necesidades familiares. Con 130 metros cuadrados, un hermoso sal\u00f3n-cocina-comedor individual, un luminoso invernadero, \u00a1toda familia numerosa o grupo de amigos que viajen juntos encontrar\u00e1n su n\u00famero! Nuestros tres dormitorios pueden alojar c\u00f3modamente a 5 personas y la sala de estar tiene capacidad para 2 personas. ...<\/p>\n<p class=\"read-more\"> <a class=\"\" href=\"https:\/\/b48apartment.eu\/es\/bigflat\/\"> <span class=\"screen-reader-text\">BigFlat<\/span> Leer m\u00e1s \"<\/a><\/p>","protected":false},"author":1,"featured_media":0,"parent":0,"menu_order":0,"comment_status":"closed","ping_status":"closed","template":"","meta":{"site-sidebar-layout":"no-sidebar","site-content-layout":"page-builder","ast-global-header-display":"","ast-main-header-display":"","ast-hfb-above-header-display":"","ast-hfb-below-header-display":"","ast-hfb-mobile-header-display":"","site-post-title":"disabled","ast-breadcrumbs-content":"","ast-featured-img":"disabled","footer-sml-layout":"","theme-transparent-header-meta":"enabled","adv-header-id-meta":"","stick-header-meta":"","header-above-stick-meta":"","header-main-stick-meta":"","header-below-stick-meta":"","ngg_post_thumbnail":0,"footnotes":""},"class_list":["post-687","page","type-page","status-publish","hentry"],"_links":{"self":[{"href":"https:\/\/b48apartment.eu\/es\/wp-json\/wp\/v2\/pages\/687","targetHints":{"allow":["GET"]}}],"collection":[{"href":"https:\/\/b48apartment.eu\/es\/wp-json\/wp\/v2\/pages"}],"about":[{"href":"https:\/\/b48apartment.eu\/es\/wp-json\/wp\/v2\/types\/page"}],"author":[{"embeddable":true,"href":"https:\/\/b48apartment.eu\/es\/wp-json\/wp\/v2\/users\/1"}],"replies":[{"embeddable":true,"href":"https:\/\/b48apartment.eu\/es\/wp-json\/wp\/v2\/comments?post=687"}],"version-history":[{"count":0,"href":"https:\/\/b48apartment.eu\/es\/wp-json\/wp\/v2\/pages\/687\/revisions"}],"wp:attachment":[{"href":"https:\/\/b48apartment.eu\/es\/wp-json\/wp\/v2\/media?parent=687"}],"curies":[{"name":"wp","href":"https:\/\/api.w.org\/{rel}","templated":true}]}}