{"id":660,"date":"2018-10-04T06:18:10","date_gmt":"2018-10-04T04:18:10","guid":{"rendered":"https:\/\/b48apartment.eu\/about\/"},"modified":"2024-01-17T09:21:09","modified_gmt":"2024-01-17T08:21:09","slug":"impresionar","status":"publish","type":"page","link":"https:\/\/b48apartment.eu\/es\/impresionar\/","title":{"rendered":"Pie de imprenta"},"content":{"rendered":"<h1>\n\t\t\t\t\tcabecera\n\t\t\t\t<\/h1>\n\tOperadora: Brigitta Kov\u00e1cs<br>\nproveedor de alojamiento privado\n<p>Direcci\u00f3n: 2045 T\u00f6r\u00f6kb\u00e1lint, Baross utca 48<\/p>\nTel\u00e9fono: +36-20-456-9779<br>\nCorreo electr\u00f3nico: info@b48apartment.eu\n<p>N\u00famero de identificaci\u00f3n fiscal: 55690890-1-33<\/p>\n\t<h2>\n\t\t\t\t\t4\n\t\t\t\t<\/h2>\n\t\t\t<p>apartamento en alquiler disponible<\/p>\n\t<h2>\n\t\t\t\t\t20\n\t\t\t\t<\/h2>\n\t\t\t<p>los hu\u00e9spedes pueden dormir c\u00f3modamente<\/p>\n\t<h2>\n\t\t\t\t\t15\n\t\t\t\t<\/h2>\n\t\t\t<p>recibimos visitas de<\/p>\n\t<h2>\n\t\t\t\t\t300+\n\t\t\t\t<\/h2>\n\t\t\t<p>hu\u00e9spedes que se alojan con nosotros<\/p>\n\t<h3>\n\t\t\t\t\tLe agradecemos de antemano sus sugerencias y comentarios.\n\t\t\t\t<\/h3>\n\t\t\t\t<img decoding=\"async\" src=\"https:\/\/b48apartment.eu\/wp-content\/uploads\/bb-plugin\/cache\/Viber-Bild_2022-04-16_11-40-03-130-300x225-square.jpg\" alt=\"Viber-Bild_2022-04-16_11-40-03-130\" itemprop=\"image\">\n\t<h5>\n\t\t\t\t\tBrigitta y Zolt\u00e1n Kov\u00e1cs\n\t\t\t\t<\/h5>\n\t\t\t<p>Propietarios<\/p>","protected":false},"excerpt":{"rendered":"<p>Pie de imprenta Operador: brigitta Kov\u00e1cs proveedor de servicios de alojamiento privado Direcci\u00f3n: 2045 T\u00f6r\u00f6kb\u00e1lint, Baross utca 48 Tel\u00e9fono: +36-20-456-9779 Correo electr\u00f3nico: info@b48apartment.eu N\u00famero de identificaci\u00f3n fiscal: 55690890-1-33 4 apartamentos de alquiler disponibles 20 hu\u00e9spedes pueden dormir c\u00f3modamente con nosotros Hemos recibido visitantes de 15 pa\u00edses 300+ hu\u00e9spedes se han alojado con nosotros Le agradecemos de antemano sus sugerencias y comentarios. Brigitta y Zolt\u00e1n Kov\u00e1cs Propietarios<\/p>","protected":false},"author":1,"featured_media":0,"parent":0,"menu_order":0,"comment_status":"closed","ping_status":"closed","template":"","meta":{"site-sidebar-layout":"no-sidebar","site-content-layout":"page-builder","ast-global-header-display":"","ast-main-header-display":"","ast-hfb-above-header-display":"","ast-hfb-below-header-display":"","ast-hfb-mobile-header-display":"","site-post-title":"disabled","ast-breadcrumbs-content":"","ast-featured-img":"disabled","footer-sml-layout":"","theme-transparent-header-meta":"enabled","adv-header-id-meta":"","stick-header-meta":"","header-above-stick-meta":"","header-main-stick-meta":"","header-below-stick-meta":"","ngg_post_thumbnail":0,"footnotes":""},"class_list":["post-660","page","type-page","status-publish","hentry"],"_links":{"self":[{"href":"https:\/\/b48apartment.eu\/es\/wp-json\/wp\/v2\/pages\/660","targetHints":{"allow":["GET"]}}],"collection":[{"href":"https:\/\/b48apartment.eu\/es\/wp-json\/wp\/v2\/pages"}],"about":[{"href":"https:\/\/b48apartment.eu\/es\/wp-json\/wp\/v2\/types\/page"}],"author":[{"embeddable":true,"href":"https:\/\/b48apartment.eu\/es\/wp-json\/wp\/v2\/users\/1"}],"replies":[{"embeddable":true,"href":"https:\/\/b48apartment.eu\/es\/wp-json\/wp\/v2\/comments?post=660"}],"version-history":[{"count":0,"href":"https:\/\/b48apartment.eu\/es\/wp-json\/wp\/v2\/pages\/660\/revisions"}],"wp:attachment":[{"href":"https:\/\/b48apartment.eu\/es\/wp-json\/wp\/v2\/media?parent=660"}],"curies":[{"name":"wp","href":"https:\/\/api.w.org\/{rel}","templated":true}]}}