{"id":659,"date":"2018-10-04T05:15:09","date_gmt":"2018-10-04T03:15:09","guid":{"rendered":"https:\/\/b48apartment.eu\/portfolio\/"},"modified":"2025-11-23T11:53:26","modified_gmt":"2025-11-23T10:53:26","slug":"duplex","status":"publish","type":"page","link":"https:\/\/b48apartment.eu\/es\/duplex\/","title":{"rendered":"D\u00faplex"},"content":{"rendered":"<h6>\n\t\t\t\t\tOferta exclusiva: alquile un apartamento y m\u00fadese a un edificio independiente...\n\t\t\t\t<\/h6>\n\t\t\t<h1>\n\t\t\t\t\tD\u00daPLEX\n\t\t\t\t<\/h1>\n<h6>\n\t\t<a href=\"#gal_duplex\" title=\"\u27a4 Ver m\u00e1s fotos\" target=\"_self\" rel=\"noopener\">\n\t\t\t\u27a4 Ver m\u00e1s fotos\t\t<\/a>\n\t<\/h6>\n<h6>\n\t\t<a href=\"#booking_duplex\" title=\"\u27a4 Reserva\" target=\"_self\" rel=\"noopener\">\n\t\t\t\u27a4 Reserva\t\t<\/a>\n\t<\/h6>\n\t\t\t<h3>\n\t\t\t\t\tLo \u00f3ptimo para familias peque\u00f1as\n\t\t\t\t<\/h3>\n\t\t\t<p>Nuestra casa independiente con patio ha sido dise\u00f1ada pensando en las necesidades de las familias con dos o tres hijos. Nuestra casa fue dise\u00f1ada para acomodar las funciones de nuestra vida diaria: cocina, sala de estar, comedor, cuarto de ba\u00f1o inferior. Arriba tenemos un dormitorio principal, un dormitorio infantil y un cuarto de ba\u00f1o contiguo con ba\u00f1era de esquina. Nuestra casa de hu\u00e9spedes est\u00e1 equipada con una Smart TV de 100 cm, internet independiente y r\u00e1pido, as\u00ed como lavadora y secadora. Toda nuestra ropa y equipo personal se puede guardar en pr\u00e1cticos armarios empotrados. Nuestra sala de estar con vistas al jard\u00edn y terraza jard\u00edn contiguo son los m\u00e1s atmosf\u00e9rica durante el canto de los p\u00e1jaros por la ma\u00f1ana. Nuestra cocina est\u00e1 totalmente equipada, para que no tengas que renunciar a lo que est\u00e1s acostumbrado en casa, aunque te quedes varias semanas.\u00a0<\/p>\n\t<p>Nuestro apartamento en el \"<em><strong>Reservas<\/strong><\/em>\" para el a\u00f1o 2023 en \"<em><strong>Premios Traveller Review<\/strong><\/em>\". Tenemos una calificaci\u00f3n \"SUPERHOST\" con AIRBNB.<\/p>\n\t\t\t\t<img decoding=\"async\" src=\"https:\/\/b48apartment.eu\/wp-content\/uploads\/2023\/01\/Digital-Award-TRA-2023_duplex-150x150.png\" alt=\"Digital-Award-TRA-2023_duplex\" itemprop=\"image\" height=\"150\" width=\"150\" title=\"Digital-Award-TRA-2023_duplex\" onerror=\"this.style.display='none'\" loading=\"lazy\" \/>\n\t\t\t\t<img decoding=\"async\" src=\"http:\/\/b48apartment.eu\/wp-content\/uploads\/2023\/11\/airbnb-superhost-logo-1E4451535F-seeklogo.com_.png\" alt=\"Airbnb SUPERHOST\" itemprop=\"image\" title=\"Airbnb SUPERHOST\" onerror=\"this.style.display='none'\" loading=\"lazy\" \/>\n\t<h3>VISUALIZACI\u00d3N VIRTUAL<\/h3>\n<p>la tecnolog\u00eda StreetView utilizada le permite ver nuestras habitaciones y experimentar en parte la atm\u00f3sfera y el ambiente de los apartamentos. No solo puede cambiar la posici\u00f3n con las teclas de flecha, sino que tambi\u00e9n puede ver las habitaciones en 360\u00b0 pulsando y moviendo el rat\u00f3n.<\/p>\n\t<h3>DUPLEX - planta baja<\/h3>\n<p>&nbsp;<\/p>\n\t<iframe src=\"https:\/\/www.google.com\/maps\/embed?pb=!4v1698609029680!6m8!1m7!1sCAoSLEFGMVFpcFBJdzhXeFRlcFJmYlFHV3QxX1dJRTJqeUI3SVl5OV95dmx2QnFW!2m2!1d47.43572181549264!2d18.91494490656959!3f224.89711161332224!4f-14.033190891253213!5f0.4000000000000002\" width=\"1000\" height=\"500\" allowfullscreen=\"\" loading=\"lazy\" referrerpolicy=\"no-referrer-when-downgrade\"><\/iframe>\n\t<h3>DUPLEX - piso<\/h3>\n<p>&nbsp;<\/p>\n\t<iframe src=\"https:\/\/www.google.com\/maps\/embed?pb=!4v1698609135932!6m8!1m7!1sCAoSLEFGMVFpcE1zOGI2THYyRVVBQXlfeFpCOXAySGJaeGVlb2lGM2ltS2NLWTVI!2m2!1d47.43569971227738!2d18.9149220477344!3f64.03295045042289!4f-22.14066553845494!5f0.4000000000000002\" width=\"1000\" height=\"500\" allowfullscreen=\"\" loading=\"lazy\" referrerpolicy=\"no-referrer-when-downgrade\"><\/iframe>\n\t\t\t<h2>\n\t\t\t\t\tZona suburbana\n\t\t\t\t<\/h2>\n\t\t\t\t<img decoding=\"async\" src=\"http:\/\/b48apartment.eu\/wp-content\/uploads\/2025\/02\/27-_DSC7214-scaled.jpg\" alt=\"27-_DSC7214\" itemprop=\"image\" title=\"27-_DSC7214\" onerror=\"this.style.display='none'\" loading=\"lazy\" \/>\n\t\t\t\t<img decoding=\"async\" src=\"http:\/\/b48apartment.eu\/wp-content\/uploads\/2025\/02\/40-_DSC7243-scaled.jpg\" alt=\"40-_DSC7243\" itemprop=\"image\" title=\"40-_DSC7243\" onerror=\"this.style.display='none'\" loading=\"lazy\" \/>\n\t\t\t\t<img decoding=\"async\" src=\"http:\/\/b48apartment.eu\/wp-content\/uploads\/2025\/02\/Duplex_este-scaled.jpg\" alt=\"D\u00faplex_mejor\" itemprop=\"image\" title=\"D\u00faplex_mejor\" onerror=\"this.style.display='none'\" loading=\"lazy\" \/>\n\t\t\t<h2>\n\t\t\t\t\tSal\u00f3n-cocina compartido\n\t\t\t\t<\/h2>\n\t\t\t\t<img decoding=\"async\" src=\"http:\/\/b48apartment.eu\/wp-content\/uploads\/2025\/02\/34-_DSC7233-scaled.jpg\" alt=\"34-_DSC7233\" itemprop=\"image\" title=\"34-_DSC7233\" onerror=\"this.style.display='none'\" loading=\"lazy\" \/>\n\t\t\t\t<img decoding=\"async\" src=\"http:\/\/b48apartment.eu\/wp-content\/uploads\/2025\/02\/28-_DSC7218-scaled.jpg\" alt=\"28-_DSC7218\" itemprop=\"image\" title=\"28-_DSC7218\" onerror=\"this.style.display='none'\" loading=\"lazy\" \/>\n\t\t\t\t<img decoding=\"async\" src=\"http:\/\/b48apartment.eu\/wp-content\/uploads\/2025\/02\/Nappali-scaled.jpg\" alt=\"Sala de estar\" itemprop=\"image\" title=\"Sala de estar\" onerror=\"this.style.display='none'\" loading=\"lazy\" \/>\n\t\t\t<h2>\n\t\t\t\t\tDormitorios\n\t\t\t\t<\/h2>\n\t\t\t\t<img decoding=\"async\" src=\"http:\/\/b48apartment.eu\/wp-content\/uploads\/2025\/02\/Szuloi-halo_160x200--scaled.jpg\" alt=\"Dormitorio de los padres_160x200\" itemprop=\"image\" title=\"Dormitorio de los padres_160x200\" onerror=\"this.style.display='none'\" loading=\"lazy\" \/>\n\t\t\t\t<img decoding=\"async\" src=\"http:\/\/b48apartment.eu\/wp-content\/uploads\/2025\/02\/Duplex_2halo_140x200-scaled.jpg\" alt=\"D\u00faplex_2mesh_140x200\" itemprop=\"image\" title=\"D\u00faplex_2mesh_140x200\" onerror=\"this.style.display='none'\" loading=\"lazy\" \/>\n\t\t\t<h2>\n\t\t\t\t\tBa\u00f1os\n\t\t\t\t<\/h2>\n\t\t\t\t<img decoding=\"async\" src=\"http:\/\/b48apartment.eu\/wp-content\/uploads\/2025\/02\/32-_DSC7227-scaled.jpg\" alt=\"32-_DSC7227\" itemprop=\"image\" title=\"32-_DSC7227\" onerror=\"this.style.display='none'\" loading=\"lazy\" \/>\n\t\t\t\t<img decoding=\"async\" src=\"http:\/\/b48apartment.eu\/wp-content\/uploads\/2025\/02\/39-_DSC7241-scaled.jpg\" alt=\"39-_DSC7241\" itemprop=\"image\" title=\"39-_DSC7241\" onerror=\"this.style.display='none'\" loading=\"lazy\" \/>\n\t\t\t\t<img decoding=\"async\" src=\"http:\/\/b48apartment.eu\/wp-content\/uploads\/2025\/02\/38-_DSC7240-scaled.jpg\" alt=\"38-_DSC7240\" itemprop=\"image\" title=\"38-_DSC7240\" onerror=\"this.style.display='none'\" loading=\"lazy\" \/>\n\t\t\t\t<img decoding=\"async\" src=\"http:\/\/b48apartment.eu\/wp-content\/uploads\/2025\/02\/33-_DSC7228-200x300.jpg\" alt=\"33-_DSC7228\" itemprop=\"image\" title=\"33-_DSC7228\" onerror=\"this.style.display='none'\" loading=\"lazy\" \/>\n<h2>\n\t\t\tBarbacoa y sauna\t<\/h2>\n\t\t\t\t<img decoding=\"async\" src=\"http:\/\/b48apartment.eu\/wp-content\/uploads\/2025\/02\/Pad-es-szauna-scaled.jpg\" alt=\"Pad y sauna\" itemprop=\"image\" title=\"Pad y sauna\" onerror=\"this.style.display='none'\" loading=\"lazy\" \/>\n\t\t\t\t<img decoding=\"async\" src=\"http:\/\/b48apartment.eu\/wp-content\/uploads\/2025\/02\/35-_DSC7236-masolata-scaled.jpg\" alt=\"Copia de 35-_DSC7236\" itemprop=\"image\" title=\"Copia de 35-_DSC7236\" onerror=\"this.style.display='none'\" loading=\"lazy\" \/>\n\t\t\t<h2>\n\t\t\t\t\tReservas\n\t\t\t\t<\/h2>\n<h4>\n\t\t\tEl apartamento est\u00e1 disponible los d\u00edas siguientes:\t<\/h4>","protected":false},"excerpt":{"rendered":"<p>Oferta exclusiva - alquila un apartamento y m\u00fadate a una casa independiente... DUPLEX \u27a4 Ver m\u00e1s fotos \u27a4 Reserva una habitaci\u00f3n \u00d3ptimo para familias peque\u00f1as Hemos dise\u00f1ado nuestra casa independiente con patio pensando en las necesidades de las familias con dos o tres hijos. Nuestra casa ha sido dise\u00f1ada para que el nivel inferior tenga todas las funciones que necesitamos para nuestra vida diaria: cocina, sala de estar, comedor,...<\/p>\n<p class=\"read-more\"> <a class=\"\" href=\"https:\/\/b48apartment.eu\/es\/duplex\/\"> <span class=\"screen-reader-text\">D\u00faplex<\/span> Leer m\u00e1s \"<\/a><\/p>","protected":false},"author":1,"featured_media":0,"parent":0,"menu_order":0,"comment_status":"closed","ping_status":"closed","template":"","meta":{"site-sidebar-layout":"no-sidebar","site-content-layout":"page-builder","ast-global-header-display":"","ast-main-header-display":"","ast-hfb-above-header-display":"","ast-hfb-below-header-display":"","ast-hfb-mobile-header-display":"","site-post-title":"disabled","ast-breadcrumbs-content":"","ast-featured-img":"disabled","footer-sml-layout":"","theme-transparent-header-meta":"enabled","adv-header-id-meta":"","stick-header-meta":"","header-above-stick-meta":"","header-main-stick-meta":"","header-below-stick-meta":"","ngg_post_thumbnail":0,"footnotes":""},"class_list":["post-659","page","type-page","status-publish","hentry"],"_links":{"self":[{"href":"https:\/\/b48apartment.eu\/es\/wp-json\/wp\/v2\/pages\/659","targetHints":{"allow":["GET"]}}],"collection":[{"href":"https:\/\/b48apartment.eu\/es\/wp-json\/wp\/v2\/pages"}],"about":[{"href":"https:\/\/b48apartment.eu\/es\/wp-json\/wp\/v2\/types\/page"}],"author":[{"embeddable":true,"href":"https:\/\/b48apartment.eu\/es\/wp-json\/wp\/v2\/users\/1"}],"replies":[{"embeddable":true,"href":"https:\/\/b48apartment.eu\/es\/wp-json\/wp\/v2\/comments?post=659"}],"version-history":[{"count":0,"href":"https:\/\/b48apartment.eu\/es\/wp-json\/wp\/v2\/pages\/659\/revisions"}],"wp:attachment":[{"href":"https:\/\/b48apartment.eu\/es\/wp-json\/wp\/v2\/media?parent=659"}],"curies":[{"name":"wp","href":"https:\/\/api.w.org\/{rel}","templated":true}]}}