{"id":658,"date":"2018-10-04T05:14:57","date_gmt":"2018-10-04T03:14:57","guid":{"rendered":"https:\/\/b48apartment.eu\/home\/"},"modified":"2026-03-28T12:39:03","modified_gmt":"2026-03-28T11:39:03","slug":"nuestro-interlocutor","status":"publish","type":"page","link":"https:\/\/b48apartment.eu\/es\/","title":{"rendered":"Qui\u00e9nes somos"},"content":{"rendered":"<h6>\n\t\t\t\t\tAlojamiento para familias y mascotas\n\t\t\t\t<\/h6>\n\t\t\t<h2>\n\t\t\t\t\tB48apartment - alquiler de apartamentos\n\t\t\t\t<\/h2>\n\t\t\t<h2>\n\t\t\t\t\ten los tranquilos alrededores de Budapest\n\t\t\t\t<\/h2>\n\t\t\t<a href=\"https:\/\/b48apartment.eu\/es\/lakasok\/\" target=\"_blank\" rel=\"noopener\"class=\"uabb-button uabb-creative-button uabb-creative-default-btn\"  role=\"button\">\n\t\t\t\t\t\tEche un vistazo a nuestros apartamentos\n\t\t<\/a>\n\t<ul>\n\t\t<li>\t\t\t\t\n\t\t<h4>Alojamiento flexible<\/h4><p>20 personas en cuatro apartamentos<\/p><\/li>\t<\/ul>\n\t<ul>\n\t\t<li>\t\t\t\t\n\t\t<h4>Ubicaci\u00f3n deseable<\/h4><p>T\u00f6r\u00f6kb\u00e1lint, Hungr\u00eda<\/p><\/li>\t<\/ul>\n\t\t\t<h2>\n\t\t\t\t\tLos alojamientos familiares y relajados de Budapest no tienen por qu\u00e9 ser caros ni estar alejados.\n\t\t\t\t<\/h2>\n\t\t\t<h6>\n\t\t\t\t\tS\u00f3lo unas palabras de presentaci\u00f3n...\n\t\t\t\t<\/h6>\n\t\t\t<h2>\n\t\t\t\t\tEstimado futuro hu\u00e9sped\n\t\t\t\t<\/h2>\n\t<p>\u00a1Nos gustar\u00eda ofrecerle nuestra propia propiedad! Situado en el centro de T\u00f6r\u00f6kb\u00e1lint, cerca de todas las cosas importantes - Spar, Oficina de Correos, Farmacia, Parque Infantil, Panader\u00eda, Desayuno, Confiter\u00eda, Restaurantes - nuestros apartamentos familiares, acogedores pero suficientemente separados est\u00e1n disponibles para alquiler a corto plazo. Estamos situados en el cruce de las autopistas M1, M7, M0, con aparcamiento gratuito. El centro sur de Budapest es f\u00e1cilmente accesible en transporte p\u00fablico. Conexi\u00f3n de autob\u00fas BKK a Etele t\u00e9r, desde all\u00ed Metro M4 a Keleti P\u00e1lyaudvar.<\/p>\n<p>Todos nuestros apartamentos est\u00e1n totalmente equipados y disponen de cocina y ba\u00f1o completos. No falta de nada para vivir c\u00f3modamente. Acogedor pero moderno, interior sofisticado, totalmente renovado. Nuestros apartamentos est\u00e1n equipados con los accesorios m\u00e1s modernos como Smart TV de 100 o 150 cm, internet de 1 Gbit\/s, internet TV, lavadora, lavavajillas, secadora, calefacci\u00f3n por suelo radiante, aire acondicionado. Por supuesto, el servicio de s\u00e1banas y toallas tambi\u00e9n est\u00e1 incluido en el alquiler.<\/p>\n<p>Despu\u00e9s de un largo viaje o un d\u00eda entero de reuniones, un poco de mimo y relajaci\u00f3n es sin duda agradable. Ya sea en una sauna de infrarrojos para dos personas, en una sauna finlandesa de vapor para ocho personas o en una sala de sal Parajdi para limpiar los pulmones, lo tenemos todo. Tambi\u00e9n disponemos de instalaciones de barbacoa y camping a poca distancia, todo ello en nuestro propio jard\u00edn privado.<\/p>\n<p>Esperamos haber despertado su inter\u00e9s, eche un vistazo a las fotos de los apartamentos, haga un recorrido en 3D y p\u00f3ngase en contacto con nosotros para hacer su reserva.<\/p>\n<p>Zolt\u00e1n Kov\u00e1cs y Brigitta (nuestros hijos, D\u00f3ri - M\u00f3zi y Jenny nuestra perra...:-)<\/p>\n\t\t\t<a href=\"https:\/\/b48apartment.eu\/es\/lakasok\/\" target=\"_blank\" rel=\"noopener\"class=\"uabb-button uabb-creative-button uabb-creative-default-btn\"  role=\"button\">\n\t\t\t\t\t\tEche un vistazo a nuestros apartamentos\n\t\t<\/a>\n\t\t\t\t<img decoding=\"async\" src=\"http:\/\/b48apartment.eu\/wp-content\/uploads\/2026\/02\/20251015_153649-1-1-scaled.jpg\" alt=\"20251015_153649 (1)\" itemprop=\"image\"\/>\n\t\t\t<h6>\n\t\t\t\t\tBrigitta, D\u00f3ri y Zolt\u00e1n Kov\u00e1cs\n\t\t\t\t<\/h6>\n<h4>\n\t\t\tNuestros premios\t<\/h4>\n<figure itemscope itemtype=\"https:\/\/schema.org\/ImageObject\">\n\t\t\t\t<img decoding=\"async\" src=\"https:\/\/b48apartment.eu\/wp-content\/uploads\/2025\/06\/b48_awards_2025.png\" alt=\"b48_premios_2025\" height=\"622\" width=\"622\" title=\"b48_premios_2025\" onerror=\"this.style.display='none'\" loading=\"lazy\" \/>\n\t<\/figure>\n\t\t\t<h2>\n\t\t\t\t\tNuestros alojamientos\n\t\t\t\t<\/h2>\n\t\t\t<a href=\"https:\/\/b48apartment.eu\/es\/bigflat\/\" target=\"_blank\" rel=\"noopener\"class=\"uabb-button uabb-creative-button uabb-creative-default-btn\"  role=\"button\">\n\t\t\t\t\t\tBIGFLAT\n\t\t<\/a>\n\t\t\t<a href=\"https:\/\/b48apartment.eu\/es\/simplex\/\" target=\"_blank\" rel=\"noopener\"class=\"uabb-button uabb-creative-button uabb-creative-default-btn\"  role=\"button\">\n\t\t\t\t\t\tSIMPLEX\n\t\t<\/a>\n\t\t\t<a href=\"https:\/\/b48apartment.eu\/es\/duplex\/\" target=\"_blank\" rel=\"noopener\"class=\"uabb-button uabb-creative-button uabb-creative-flat-btn  uabb-none-btn\"  role=\"button\">\n\t\t\t\t\t\tD\u00daPLEX\n\t\t<\/a>\n\t\t\t<a href=\"https:\/\/b48apartment.eu\/es\/woodhouse\/\" target=\"_blank\" rel=\"noopener\"class=\"uabb-button uabb-creative-button uabb-creative-default-btn\"  role=\"button\">\n\t\t\t\t\t\tCASAJARD\u00cdN\n\t\t<\/a>\n<h5>\n\t\t<a href=\"https:\/\/b48apartment.eu\/es\/pongase-en-contacto-con\/\" title=\"P\u00f3ngase en contacto con\"  target=\"_blank\"  rel=\"noopener\">\n\t\t\tP\u00f3ngase en contacto con\t\t<\/a>\n\t<\/h5>\n\t\t\t<h6>\n\t\t\t\t\tPor las siguientes razones\n\t\t\t\t<\/h6>\n\t\t\t<h2>\n\t\t\t\t\t\u00a1El\u00edjanos!\n\t\t\t\t<\/h2>\n\t\t\t\t<img decoding=\"async\" src=\"http:\/\/b48apartment.eu\/wp-content\/uploads\/2022\/04\/PikPng.com_home-icon-png_1819635-1-150x150.png\" alt=\"PikPng.com_home-icon-png_1819635 (1)\" itemprop=\"image\"\/>\n\t\t\t<h4>\n\t\t\t\t\tProximidad a Budapest\n\t\t\t\t<\/h4>\n\t\t\t\t<img decoding=\"async\" src=\"http:\/\/b48apartment.eu\/wp-content\/uploads\/2022\/04\/PikPng.com_home-icon-png_1819635-1.png\" alt=\"PikPng.com_home-icon-png_1819635 (1)\" itemprop=\"image\"\/>\n\t\t\t<h4>\n\t\t\t\t\tTranquilidad rural\n\t\t\t\t<\/h4>\n\t\t\t\t<img decoding=\"async\" src=\"http:\/\/b48apartment.eu\/wp-content\/uploads\/2022\/04\/PikPng.com_home-icon-png_1819635-1.png\" alt=\"PikPng.com_home-icon-png_1819635 (1)\" itemprop=\"image\"\/>\n\t\t\t<h4>\n\t\t\t\t\tCuatro apartamentos independientes disponibles\n\t\t\t\t<\/h4>\n\t\t\t\t<img decoding=\"async\" src=\"http:\/\/b48apartment.eu\/wp-content\/uploads\/2022\/04\/PikPng.com_home-icon-png_1819635-1.png\" alt=\"PikPng.com_home-icon-png_1819635 (1)\" itemprop=\"image\"\/>\n\t\t\t<h4>\n\t\t\t\t\tApartamentos totalmente equipados aptos para estancias largas\n\t\t\t\t<\/h4>\n\t\t\t\t<img decoding=\"async\" src=\"http:\/\/b48apartment.eu\/wp-content\/uploads\/2022\/04\/PikPng.com_home-icon-png_1819635-1.png\" alt=\"PikPng.com_home-icon-png_1819635 (1)\" itemprop=\"image\"\/>\n\t\t\t<h4>\n\t\t\t\t\tC\u00e1lida hospitalidad h\u00fangara\n\t\t\t\t<\/h4>\n\t\t\t\t<img decoding=\"async\" src=\"http:\/\/b48apartment.eu\/wp-content\/uploads\/2022\/04\/PikPng.com_home-icon-png_1819635-1.png\" alt=\"PikPng.com_home-icon-png_1819635 (1)\" itemprop=\"image\"\/>\n\t\t\t<h4>\n\t\t\t\t\tAlquiler flexible\n\t\t\t\t<\/h4>\n\t\t\t<h6>\n\t\t\t\t\tEstamos presentes en las siguientes plataformas:\n\t\t\t\t<\/h6>\n\t\t\t\t<img decoding=\"async\" src=\"http:\/\/b48apartment.eu\/wp-content\/uploads\/2023\/01\/2023-01-28-16_41_36-Window-150x150.png\" alt=\"2023-01-28 16_41_36-Ventana\" itemprop=\"image\"\/>\n\t\t\t\t<img decoding=\"async\" src=\"http:\/\/b48apartment.eu\/wp-content\/uploads\/2023\/01\/szallas-hu-logo-150x150.png\" alt=\"szallas-hu-logo\" itemprop=\"image\"\/>\n\t\t\t\t<img decoding=\"async\" src=\"http:\/\/b48apartment.eu\/wp-content\/uploads\/2022\/04\/toppng.com-airbnb-2-logo-png-2500x2500-1-150x150.png\" alt=\"toppng.com-airbnb-2-logo-png-2500x2500\" itemprop=\"image\"\/>\n\t\t\t\t<img decoding=\"async\" src=\"http:\/\/b48apartment.eu\/wp-content\/uploads\/2022\/04\/toppng.com-top-rated-on-booking-booking-svg-logo-947x345-1-300x109.png\" alt=\"toppng.com-top-rated-on-booking-booking-svg-logo-947x345\" itemprop=\"image\"\/>","protected":false},"excerpt":{"rendered":"<p>Alojamiento familiar y apto para mascotas B48apartment - alquiler de apartamentos en una zona tranquila cerca de Budapest \u00a1Vea nuestros apartamentos! Alojamiento flexible para hasta 20 personas en cuatro apartamentos Excelente ubicaci\u00f3n en T\u00f6r\u00f6kb\u00e1lint, Hungr\u00eda Alojamiento familiar y tranquilo cerca de Budapest no tiene por qu\u00e9 ser caro o aislado S\u00f3lo unas palabras de introducci\u00f3n... \u00a1Querido futuro hu\u00e9sped! \u00a1Nos gustar\u00eda ofrecerle nuestra propia propiedad! En el centro de T\u00f6r\u00f6kb\u00e1lint, con todas las comodidades importantes, ...<\/p>\n<p class=\"read-more\"> <a class=\"\" href=\"https:\/\/b48apartment.eu\/es\/\"> <span class=\"screen-reader-text\">Qui\u00e9nes somos<\/span> Leer m\u00e1s \"<\/a><\/p>","protected":false},"author":1,"featured_media":0,"parent":0,"menu_order":0,"comment_status":"closed","ping_status":"closed","template":"","meta":{"site-sidebar-layout":"no-sidebar","site-content-layout":"page-builder","ast-global-header-display":"","ast-main-header-display":"","ast-hfb-above-header-display":"","ast-hfb-below-header-display":"","ast-hfb-mobile-header-display":"","site-post-title":"disabled","ast-breadcrumbs-content":"","ast-featured-img":"disabled","footer-sml-layout":"","theme-transparent-header-meta":"enabled","adv-header-id-meta":"","stick-header-meta":"","header-above-stick-meta":"","header-main-stick-meta":"","header-below-stick-meta":"","ngg_post_thumbnail":0,"footnotes":""},"class_list":["post-658","page","type-page","status-publish","hentry"],"_links":{"self":[{"href":"https:\/\/b48apartment.eu\/es\/wp-json\/wp\/v2\/pages\/658","targetHints":{"allow":["GET"]}}],"collection":[{"href":"https:\/\/b48apartment.eu\/es\/wp-json\/wp\/v2\/pages"}],"about":[{"href":"https:\/\/b48apartment.eu\/es\/wp-json\/wp\/v2\/types\/page"}],"author":[{"embeddable":true,"href":"https:\/\/b48apartment.eu\/es\/wp-json\/wp\/v2\/users\/1"}],"replies":[{"embeddable":true,"href":"https:\/\/b48apartment.eu\/es\/wp-json\/wp\/v2\/comments?post=658"}],"version-history":[{"count":0,"href":"https:\/\/b48apartment.eu\/es\/wp-json\/wp\/v2\/pages\/658\/revisions"}],"wp:attachment":[{"href":"https:\/\/b48apartment.eu\/es\/wp-json\/wp\/v2\/media?parent=658"}],"curies":[{"name":"wp","href":"https:\/\/api.w.org\/{rel}","templated":true}]}}