{"id":16,"date":"2018-10-04T07:26:35","date_gmt":"2018-10-04T07:26:35","guid":{"rendered":"https:\/\/b48apartment.eu\/testimonials\/"},"modified":"2025-06-25T18:52:54","modified_gmt":"2025-06-25T16:52:54","slug":"resenas","status":"publish","type":"page","link":"https:\/\/b48apartment.eu\/es\/resenas\/","title":{"rendered":"Rese\u00f1as"},"content":{"rendered":"<h6>\n\t\t\t\t\tComentarios\n\t\t\t\t<\/h6>\n\t\t\t<h1>\n\t\t\t\t\tde nuestros clientes satisfechos\n\t\t\t\t<\/h1>\n\t\t\t<h4>\n\t\t\t\t\tComo siempre, lo pasamos muy bien. El apartamento es simplemente ideal para nuestra familia de cuatro, con todo lo que necesitamos, limpio, c\u00f3modo y acogedor. Los anfitriones son muy amables, atentos y siempre nos sorprenden con algo peque\u00f1o. Ya hemos reservado nuestro alojamiento de verano y estamos deseando pasar nuestras pr\u00f3ximas vacaciones en T\u00f6r\u00f6kb\u00e1lint. \u00a1Todo es estupendo!<img decoding=\"async\" alt=\"\ud83d\udd1d\" src=\"https:\/\/s.w.org\/images\/core\/emoji\/14.0.0\/svg\/1f51d.svg\" role=\"img\"\/>\n\t\t\t\t<\/h4>\n\t\t\t\t<img decoding=\"async\" src=\"https:\/\/b48apartment.eu\/wp-content\/uploads\/bb-plugin\/cache\/f8d56752-d4c3-4296-86b4-59a78f60edde-circle.webp\" alt=\"f8d56752-d4c3-4296-86b4-59a78f60edde\" itemprop=\"image\"\/>\n\t\t\t<h5>\n\t\t\t\t\tKrisztina Gause<br \/>&nbsp; (Hungr\u00eda)\n\t\t\t\t<\/h5>\n\t\t\t<h4>\n\t\t\t\t\tA 15 km del centro de Budapest, ubicaci\u00f3n muy tranquila, alojamiento que admite perros con jard\u00edn bien cuidado, tiendas a pocos metros, alojamiento estupendo con una familia anfitriona muy agradable. Nos gustar\u00eda dar las gracias a Mois\u00e9s en particular por su comportamiento amable, cari\u00f1oso y atento.<br \/>Volveremos si tenemos la oportunidad y estaremos encantados de recomendar el alojamiento.\n\t\t\t\t<\/h4>\n\t\t\t<h5>\n\t\t\t\t\tJessica Lang<br \/>&nbsp; (Alemania)\n\t\t\t\t<\/h5>\n\t\t\t\t<img decoding=\"async\" src=\"https:\/\/b48apartment.eu\/wp-content\/uploads\/bb-plugin\/cache\/f8d56752-d4c3-4296-86b4-59a78f60edde-circle.webp\" alt=\"f8d56752-d4c3-4296-86b4-59a78f60edde\" itemprop=\"image\"\/>\n\t\t\t<h4>\n\t\t\t\t\t\"El mejor alojamiento que hemos tenido este verano 2023. Zoltan es muy amable y si necesitas ayuda siempre est\u00e1 disponible. La casa est\u00e1 muy limpia y bien equipada. Puedes reservar y confiar en este lugar de calidad. Los hu\u00e9spedes con coche y que visiten Budapest pueden dejar su coche en el aparcamiento P&amp;R Etele P1 o P2 Parkolo por 350 FT al d\u00eda (de 6am a 10 pm). 15 mn desde el alquiler de Zlotan y tienes acceso directo a la estaci\u00f3n de metro Kelenfold M4 + tranv\u00eda 1, 19 y 49.\"\n\t\t\t\t<\/h4>\n\t\t\t\t<img decoding=\"async\" src=\"https:\/\/b48apartment.eu\/wp-content\/uploads\/bb-plugin\/cache\/f8d56752-d4c3-4296-86b4-59a78f60edde-circle.webp\" alt=\"f8d56752-d4c3-4296-86b4-59a78f60edde\" itemprop=\"image\"\/>\n\t\t\t<h5>\n\t\t\t\t\tGil (franc\u00e9s)\n\t\t\t\t<\/h5>\n\t\t\t<h4>\n\t\t\t\t\t\"Servicio muy agradable. Apartamentos c\u00f3modos y cerca de todas las facilidades (compras, deportes...). \ud83d\ude00\"\n\t\t\t\t<\/h4>\n\t\t\t\t<img decoding=\"async\" src=\"https:\/\/b48apartment.eu\/wp-content\/uploads\/bb-plugin\/cache\/koch-circle.png\" alt=\"cocinero\" itemprop=\"image\"\/>\n\t\t\t<h5>\n\t\t\t\t\tLilien Koch (alem\u00e1n)\n\t\t\t\t<\/h5>\n\t\t\t<h4>\n\t\t\t\t\t\"Super estancia. Muy acogedor, amable y familiar. Se adapta a peticiones especiales. Apartamento bonito, limpio y bien equipado. Nos encantar\u00eda volver de nuevo. (D\u00faplex)\"\n\t\t\t\t<\/h4>\n\t\t\t\t<img decoding=\"async\" src=\"https:\/\/b48apartment.eu\/wp-content\/uploads\/bb-plugin\/cache\/Duplex_benjamin-circle.webp\" alt=\"Duplex_benjamin\" itemprop=\"image\"\/>\n\t\t\t<h5>\n\t\t\t\t\tBenjamin (alem\u00e1n)\n\t\t\t\t<\/h5>\n\t\t\t<h4>\n\t\t\t\t\t\"Nos recibieron muy amablemente y en alem\u00e1n. Nos sentimos muy c\u00f3modos en el espacioso apartamento. Lamentablemente s\u00f3lo nos quedamos una noche. La ubicaci\u00f3n era ideal para nosotros, cerca de la autopista M1 y aparcamiento justo fuera de la puerta principal. Ser\u00eda un placer volver a hacerlo (BigFlat)\"\n\t\t\t\t<\/h4>\n\t\t\t\t<img decoding=\"async\" src=\"https:\/\/b48apartment.eu\/wp-content\/uploads\/bb-plugin\/cache\/johnny-circle.jpg\" alt=\"johnny\" itemprop=\"image\"\/>\n\t\t\t<h5>\n\t\t\t\t\tMartin (alem\u00e1n)\n\t\t\t\t<\/h5>\n\t\t\t<h4>\n\t\t\t\t\t\"Todo est\u00e1 muy bien, sobre todo para gente como nosotros, que tenemos un viaje largo y necesitamos descansar en mitad del trayecto. La ubicaci\u00f3n est\u00e1 cerca de la carretera de circunvalaci\u00f3n de Budapest. La relaci\u00f3n calidad-precio es m\u00e1xima.  Definitivamente volver\u00edamos, y por m\u00e1s tiempo\". (D\u00faplex)\n\t\t\t\t<\/h4>\n\t\t\t<h5>\n\t\t\t\t\tAn\u00f3nimo (Bulgaria)\n\t\t\t\t<\/h5>\n\t\t\t<h4>\n\t\t\t\t\t\"La propiedad es agradable en una zona tranquila fuera de la ciudad. es c\u00f3modo y agradable para una pareja o familia peque\u00f1a. est\u00e1 equipado con cocina y TV. Recomiendo esta propiedad si usted alquila un coche porque no hay muchos taxis en la zona. El propietario es agradable y vive cerca para ayudar con cualquier cosa, nos ofreci\u00f3 la sauna en la propiedad.\" (WoodHouse)\n\t\t\t\t<\/h4>\n\t\t\t<h5>\n\t\t\t\t\tAmeena (Emiratos \u00c1rabes Unidos)\n\t\t\t\t<\/h5>\n\t\t\t<h4>\n\t\t\t\t\tFueron unas vacaciones estupendas, los anfitriones estupendos. Sauna, 2 ba\u00f1os, lavadora, lavavajillas y todo el equipamiento necesario. Incluso nos dieron detergente y abrillantador para 4 lavadoras y pastillas de lavavajillas. Hay un jard\u00edn, barbacoa, todo es perfecto. Plaza de aparcamiento delante de la puerta y a pocos minutos en coche del P+R, desde donde se puede llegar a Budapest en transporte p\u00fablico. Volver\u00edamos en cualquier momento (2 adultos y 1 ni\u00f1o de viaje).\n\t\t\t\t<\/h4>\n\t\t\t\t<img decoding=\"async\" src=\"https:\/\/b48apartment.eu\/wp-content\/uploads\/bb-plugin\/cache\/f8d56752-d4c3-4296-86b4-59a78f60edde-circle.webp\" alt=\"f8d56752-d4c3-4296-86b4-59a78f60edde\" itemprop=\"image\"\/>\n\t\t\t<h5>\n\t\t\t\t\tossilinchen<br \/>&nbsp; (Alemania)\n\t\t\t\t<\/h5>\n\t\t\t<h4>\n\t\t\t\t\tZolt\u00e1n y su mujer son c\u00e1lidos, hospitalarios y muy amables. Tienen 4 unidades de alquiler en su propiedad. (Este es el segundo que me he alojado pulg) Tener estos alquileres en una zona cerrada trae una sensaci\u00f3n extra de seguridad y paz. Y tener un nuevo parque, una tienda de comestibles y un peque\u00f1o caf\u00e9 lindo a pocos pasos de distancia hace que este alquiler un gran lugar para una escapada corta.\n\t\t\t\t<\/h4>\n\t\t\t\t<img decoding=\"async\" src=\"https:\/\/b48apartment.eu\/wp-content\/uploads\/bb-plugin\/cache\/29496d2c-2e7e-4fa8-87b2-620f41d553c0-circle.webp\" alt=\"29496d2c-2e7e-4fa8-87b2-620f41d553c0\" itemprop=\"image\"\/>\n\t\t\t<h5>\n\t\t\t\t\tSharon (Eslovenia)\n\t\t\t\t<\/h5>\n\t\t\t<h4>\n\t\t\t\t\t\"Apartamento en una ubicaci\u00f3n tranquila, pero a\u00fan as\u00ed muy cerca de Budapest (10 minutos). El apartamento est\u00e1 muy c\u00f3modamente amueblado y equipado con todo (lavadora, estufa-horno, cafetera, aire acondicionado, TV, Wifi, terraza, etc.) y muy limpio! El anfitri\u00f3n Zolt\u00e1n es muy educado, cort\u00e9s y servicial y habla perfectamente alem\u00e1n. Nos encantar\u00eda volver otra vez!\" (BigFlat)\n\t\t\t\t<\/h4>\n\t\t\t\t<img decoding=\"async\" src=\"https:\/\/b48apartment.eu\/wp-content\/uploads\/bb-plugin\/cache\/mozes-circle.png\" alt=\"mozes\" itemprop=\"image\"\/>\n\t\t\t<h5>\n\t\t\t\t\tMozes (h\u00fangaro)\n\t\t\t\t<\/h5>\n\t\t\t<h4>\n\t\t\t\t\t\"Muy bonito apartamento limpio Los anfitriones son muy amables Puedo recomendar a todo el mundo estaremos encantados de volver.\" (BigFlat)\n\t\t\t\t<\/h4>\n\t\t\t<h5>\n\t\t\t\t\tGabor (alem\u00e1n)\n\t\t\t\t<\/h5>\n\t\t\t<h4>\n\t\t\t\t\t\"Zoltan es un gran anfitri\u00f3n y recomendamos encarecidamente este alojamiento. Todo fue f\u00e1cil y sencillo, el check in fue f\u00e1cil. El apartamento estaba super limpio y acogedor. S\u00f3lo nos quedamos una noche, sin embargo ser\u00eda genial para una estancia m\u00e1s larga. Esperamos volver alg\u00fan d\u00eda :)\" (BigFlat)\n\t\t\t\t<\/h4>\n\t\t\t\t<img decoding=\"async\" src=\"https:\/\/b48apartment.eu\/wp-content\/uploads\/bb-plugin\/cache\/Roman_BigFlat-circle.webp\" alt=\"Roman_BigFlat\" itemprop=\"image\"\/>\n\t\t\t<h5>\n\t\t\t\t\tRomano\n\t\t\t\t<\/h5>\n\t\t\t<h4>\n\t\t\t\t\t\"Apartamento bien amueblado. A 15 km del centro de Budapest por la autopista. Perfecto para familias. El propietario es servicial. Limpio, camas c\u00f3modas. S\u00f3lo puedo recomendar\" (BigFlat)\n\t\t\t\t<\/h4>\n\t\t\t\t<img decoding=\"async\" src=\"https:\/\/b48apartment.eu\/wp-content\/uploads\/bb-plugin\/cache\/smit-circle.jpg\" alt=\"smit\" itemprop=\"image\"\/>\n\t\t\t<h5>\n\t\t\t\t\tJi\u0159\u00ed (Rep\u00fablica Checa)\n\t\t\t\t<\/h5>\n\t\t\t<h4>\n\t\t\t\t\t\"Bonito, espacioso, limpio y moderno apartamento. Estuvimos muy contentos con todo. Los anfitriones tambi\u00e9n fueron muy amables\". (BigFlat)\n\t\t\t\t<\/h4>\n\t\t\t\t<img decoding=\"async\" src=\"https:\/\/b48apartment.eu\/wp-content\/uploads\/bb-plugin\/cache\/marcos-150x150-1-circle.jpg\" alt=\"marcos-150x150\" itemprop=\"image\"\/>\n\t\t\t<h5>\n\t\t\t\t\tZsolt (h\u00fangaro)\n\t\t\t\t<\/h5>\n\t\t\t<h4>\n\t\t\t\t\t\"Casa de campo acogedora y bien equipada (vajilla, utensilios, toallas, menaje de cocina, horno, cafetera, etc.). Limpio. Muy cerca de la autopista, buena comunicaci\u00f3n. Tienda de comestibles surtida literalmente cruzando la calle\". (WoodHouse)\n\t\t\t\t<\/h4>\n\t\t\t<h5>\n\t\t\t\t\tBeate (polaco)\n\t\t\t\t<\/h5>\n\t\t\t<h5>\n\t\t\t\t\t\"Este lugar era exactamente como se describe: muy tranquilo y no demasiado lejos del centro de Budapest. C\u00f3modo, la cocina est\u00e1 bien equipada si quieres preparar tus propias comidas. Hay mucho espacio y una bonita terraza para tomar un caf\u00e9, leer un libro o cenar. Recomiendo este lugar si usted est\u00e1 visitando Budapest. Gracias por todo\".\n\t\t\t\t<\/h5>\n\t\t\t\t<img decoding=\"async\" src=\"https:\/\/b48apartment.eu\/wp-content\/uploads\/bb-plugin\/cache\/239f0062-e2c8-438c-aa45-e095b7da5671-circle.webp\" alt=\"239f0062-e2c8-438c-aa45-e095b7da5671\" itemprop=\"image\"\/>\n\t\t\t<h5>\n\t\t\t\t\tRodica (EE.UU.)\n\t\t\t\t<\/h5>\n\t\t\t<h5>\n\t\t\t\t\t\"Alojamiento absolutamente recomendable. Los anfitriones son muy amables e incluso hablan muy bien alem\u00e1n. El apartamento es muy moderno y est\u00e1 muy limpio. Las instalaciones de sauna son la guinda del pastel. Los 15-20 minutos a Budapest son perfectos. En general, \u00a1las 5 estrellas son totalmente merecidas! Esperamos con inter\u00e9s la pr\u00f3xima vez \". (D\u00faplex)\n\t\t\t\t<\/h5>\n\t\t\t<h5>\n\t\t\t\t\tAdam (alem\u00e1n)\n\t\t\t\t<\/h5>\n\t\t\t<h5>\n\t\t\t\t\t\"Lamentablemente, no puedo dejar ning\u00fan comentario sobre el lugar, ya que s\u00f3lo puedo darle cinco estrellas. Esto no es suficiente. Es mucho mejor que un lugar de cinco estrellas. Tranquilo, silencioso, personal amable y todas las instalaciones que pueda necesitar probablemente est\u00e1n ah\u00ed para servirle. Muy recomendable para estancias cortas y largas..\" (D\u00faplex)\n\t\t\t\t<\/h5>\n\t\t\t\t<img decoding=\"async\" src=\"https:\/\/b48apartment.eu\/wp-content\/uploads\/bb-plugin\/cache\/Seregley-Akos-circle.png\" alt=\"\u00c1kos Seregley\" itemprop=\"image\"\/>\n\t\t\t<h5>\n\t\t\t\t\tSeregley \u00c1kos (Mo.)\n\t\t\t\t<\/h5>\n\t\t\t<h5>\n\t\t\t\t\t\"Est\u00e1bamos buscando un peque\u00f1o lugar tranquilo fuera del centro de la ciudad y el AirBnB de Zoltan era el lugar perfecto. La c\u00e1lida bienvenida de Zoltan y su generosa hospitalidad nos hicieron saber que hab\u00edamos encontrado exactamente lo que busc\u00e1bamos.\" (WoodHouse)\n\t\t\t\t<\/h5>\n\t\t\t\t<img decoding=\"async\" src=\"https:\/\/b48apartment.eu\/wp-content\/uploads\/bb-plugin\/cache\/Sharon-circle.webp\" alt=\"Sharon\" itemprop=\"image\"\/>\n\t\t\t<h5>\n\t\t\t\t\tSharon\n\t\t\t\t<\/h5>\n\t\t\t<h5>\n\t\t\t\t\t\"\u00a1Todo fue super agradable! Los anfitriones muy agradables. La casa nos pareci\u00f3 acogedora, limpia y agradable. Nuestros perros tambi\u00e9n lo disfrutaron. \u00a1Los hicimos muy bienvenidos! Aparcar un coche grande en la puerta tampoco fue un problema.  Budapest es de f\u00e1cil acceso \". (BigFlat)\n\t\t\t\t<\/h5>\n\t\t\t\t<img decoding=\"async\" src=\"https:\/\/b48apartment.eu\/wp-content\/uploads\/bb-plugin\/cache\/cherryt-150x150-1-circle.jpg\" alt=\"cherryt-150x150\" itemprop=\"image\"\/>\n\t\t\t<h5>\n\t\t\t\t\tVictoria (Pa\u00edses Bajos)\n\t\t\t\t<\/h5>\n\t\t\t<h4>\n\t\t\t\t\t\"Un lugar maravillosamente tranquilo para relajar el alma. Gente estupenda que te ayuda en los momentos dif\u00edciles\" (BigFlat)\n\t\t\t\t<\/h4>\n\t\t\t\t<img decoding=\"async\" src=\"https:\/\/b48apartment.eu\/wp-content\/uploads\/bb-plugin\/cache\/michellep-circle.jpg\" alt=\"michellep\" itemprop=\"image\"\/>\n\t\t\t<h5>\n\t\t\t\t\tKristina (Ucrania)\n\t\t\t\t<\/h5>\n\t\t\t\t<img decoding=\"async\" src=\"http:\/\/b48apartment.eu\/wp-content\/uploads\/2022\/03\/B48_logo_vilagos_alpha.png\" alt=\"B48_logo_vilagos_alpha\" itemprop=\"image\"\/>\n\t\t\t<h2>\n\t\t\t\t\tUsted tambi\u00e9n est\u00e1 cordialmente invitado.\n\t\t\t\t<\/h2>","protected":false},"excerpt":{"rendered":"<p>Comentarios de clientes satisfechos Como siempre, lo pasamos muy bien. El apartamento es simplemente ideal para nuestra familia de cuatro, tiene todo lo que necesitamos, es limpio, c\u00f3modo y acogedor. Los anfitriones son muy amables, atentos y siempre nos sorprenden con algo peque\u00f1o. Ya hemos reservado nuestro alojamiento de verano y estamos deseando pasar nuestras pr\u00f3ximas vacaciones en T\u00f6r\u00f6kb\u00e1lint. \u00a1Todo es estupendo! Krisztina Gause ...<\/p>\n<p class=\"read-more\"> <a class=\"\" href=\"https:\/\/b48apartment.eu\/es\/resenas\/\"> <span class=\"screen-reader-text\">Rese\u00f1as<\/span> Leer m\u00e1s \"<\/a><\/p>","protected":false},"author":1,"featured_media":0,"parent":0,"menu_order":0,"comment_status":"closed","ping_status":"closed","template":"","meta":{"site-sidebar-layout":"no-sidebar","site-content-layout":"page-builder","ast-global-header-display":"","ast-main-header-display":"","ast-hfb-above-header-display":"","ast-hfb-below-header-display":"","ast-hfb-mobile-header-display":"","site-post-title":"disabled","ast-breadcrumbs-content":"","ast-featured-img":"disabled","footer-sml-layout":"","theme-transparent-header-meta":"enabled","adv-header-id-meta":"","stick-header-meta":"","header-above-stick-meta":"","header-main-stick-meta":"","header-below-stick-meta":"","ngg_post_thumbnail":0,"footnotes":""},"class_list":["post-16","page","type-page","status-publish","hentry"],"_links":{"self":[{"href":"https:\/\/b48apartment.eu\/es\/wp-json\/wp\/v2\/pages\/16","targetHints":{"allow":["GET"]}}],"collection":[{"href":"https:\/\/b48apartment.eu\/es\/wp-json\/wp\/v2\/pages"}],"about":[{"href":"https:\/\/b48apartment.eu\/es\/wp-json\/wp\/v2\/types\/page"}],"author":[{"embeddable":true,"href":"https:\/\/b48apartment.eu\/es\/wp-json\/wp\/v2\/users\/1"}],"replies":[{"embeddable":true,"href":"https:\/\/b48apartment.eu\/es\/wp-json\/wp\/v2\/comments?post=16"}],"version-history":[{"count":0,"href":"https:\/\/b48apartment.eu\/es\/wp-json\/wp\/v2\/pages\/16\/revisions"}],"wp:attachment":[{"href":"https:\/\/b48apartment.eu\/es\/wp-json\/wp\/v2\/media?parent=16"}],"curies":[{"name":"wp","href":"https:\/\/api.w.org\/{rel}","templated":true}]}}