{"id":1296,"date":"2024-02-10T19:44:53","date_gmt":"2024-02-10T18:44:53","guid":{"rendered":"https:\/\/b48apartment.eu\/?page_id=1296"},"modified":"2024-02-10T19:45:39","modified_gmt":"2024-02-10T18:45:39","slug":"impresionar-4","status":"publish","type":"page","link":"https:\/\/b48apartment.eu\/es\/impresionar-4\/","title":{"rendered":"Pol\u00edtica de cookies"},"content":{"rendered":"<h1>\n\t\t\t\t\tPol\u00edtica de cookies\n\t\t\t\t<\/h1>\n\t<p><em>La presente Pol\u00edtica de cookies se actualiz\u00f3 por \u00faltima vez el 10 de febrero de 2024 y se aplica a los ciudadanos y residentes del Espacio Econ\u00f3mico Europeo y Suiza.<\/em><\/p>\n<ol>\n<li><strong> introducci\u00f3n<\/strong><\/li>\n<\/ol>\n<p>Nuestra p\u00e1gina web, la <a href=\"https:\/\/b48apartment.eu\/es\/\">https:\/\/b48apartment.eu<\/a> (a tov\u00e1bbiakban: &#8222;a weboldal&#8221;) cookie-kat \u00e9s m\u00e1s kapcsol\u00f3d\u00f3 technol\u00f3gi\u00e1kat haszn\u00e1l (az egyszer\u0171s\u00e9g kedv\u00e9\u00e9rt minden technol\u00f3gi\u00e1ra &#8222;cookie-k\u00e9nt&#8221; hivatkozunk). S\u00fctiket az \u00e1ltalunk megb\u00edzott harmadik felek is elhelyeznek. Az al\u00e1bbi dokumentumban t\u00e1j\u00e9koztatjuk \u00d6nt a cookie-k weboldalunkon t\u00f6rt\u00e9n\u0151 haszn\u00e1lat\u00e1r\u00f3l.<\/p>\n<p><strong>2 \u00bfQu\u00e9 son las cookies?<\/strong><\/p>\n<p>Una cookie es un peque\u00f1o archivo sencillo que se env\u00eda junto con la p\u00e1gina web y que el navegador web puede almacenar en el ordenador u otro dispositivo. La informaci\u00f3n almacenada en ella puede enviarse a nuestros servidores o a los servidores de terceros proveedores de servicios durante visitas posteriores.<\/p>\n<ol start=\"3\">\n<li><strong> \u00bfQu\u00e9 son los scripts?<\/strong><\/li>\n<\/ol>\n<p>El script es un c\u00f3digo de programa que utilizamos para que nuestro sitio web sea funcional e interactivo. Este c\u00f3digo se ejecuta en nuestros servidores o en su dispositivo.<\/p>\n<p><strong>4 \u00bfQu\u00e9 es un marcador web?<\/strong><\/p>\n<p>Una baliza web (tambi\u00e9n conocida como etiqueta de p\u00edxel) es un peque\u00f1o fragmento de texto o imagen invisible en una p\u00e1gina web que se utiliza para realizar un seguimiento del tr\u00e1fico de la p\u00e1gina web. Para ello, las balizas web almacenan diversos datos sobre usted.<\/p>\n<ol start=\"5\">\n<li><strong> galletas<\/strong><\/li>\n<\/ol>\n<p><strong>5.1 Cookies t\u00e9cnicas o funcionales<\/strong><\/p>\n<p>Algunas cookies garantizan que determinadas partes de nuestro sitio web funcionen correctamente y que se mantengan sus ajustes de usuario. El uso de cookies funcionales facilita su visita a nuestro sitio web. Por ejemplo, no tendr\u00e1 que introducir los mismos datos cada vez que visite nuestro sitio web, y los art\u00edculos que haya a\u00f1adido a su cesta permanecer\u00e1n all\u00ed hasta que realice el pago. Podemos utilizar estas cookies sin su consentimiento.<\/p>\n<p><strong>5.2 Cookies anal\u00edticas<\/strong><\/p>\n<p>Utilizamos cookies anal\u00edticas para optimizar la experiencia del usuario en nuestro sitio web. Estas cookies anal\u00edticas nos proporcionan informaci\u00f3n sobre el uso de nuestro sitio web. Para instalar cookies anal\u00edticas, solicitamos su permiso.<\/p>\n<p><strong>5.3 Cookies de marketing\/rastreo<\/strong><\/p>\n<p>Las cookies de marketing\/seguimiento son cookies u otras formas de almacenamiento local que se utilizan para crear perfiles de usuario con el fin de mostrar anuncios o realizar un seguimiento del usuario en este sitio web o en varios sitios web con fines de marketing similares.<\/p>\n<ol start=\"6\">\n<li><strong> cookies colocadas<\/strong><\/li>\n<\/ol>\n<p><strong>CloudFlare<\/strong><\/p>\n<p>Funcional<\/p>\n<p>Contribuci\u00f3n al servicio Cloudflare<\/p>\n<p><strong>Fuentes de Google<\/strong><\/p>\n<p>Marketing<\/p>\n<p>Contribuci\u00f3n al servicio Google Fonts<\/p>\n<p><strong>Otros<\/strong><\/p>\n<p>Objeto de la investigaci\u00f3n<\/p>\n<p>Contribuci\u00f3n a otros servicios<\/p>\n<ol start=\"7\">\n<li><strong> contribuci\u00f3n<\/strong><\/li>\n<\/ol>\n<p>Amikor el\u0151sz\u00f6r l\u00e1togat el a weboldalunkra, egy felugr\u00f3 ablakot jelen\u00edt\u00fcnk meg, amely a s\u00fctikr\u0151l ad magyar\u00e1zatot. Amint a &#8222;Be\u00e1ll\u00edt\u00e1sok ment\u00e9se&#8221; gombra kattint, hozz\u00e1j\u00e1rul\u00e1s\u00e1t adja ahhoz, hogy az \u00d6n \u00e1ltal kiv\u00e1lasztott \u00f6sszes cookie-kateg\u00f3ri\u00e1t \u00e9s b\u0151v\u00edtm\u00e9nyt a jelen cookie-nyilatkozatban le\u00edrtak szerint haszn\u00e1lhassuk. B\u00f6ng\u00e9sz\u0151j\u00e9n kereszt\u00fcl letilthatja a cookie-k haszn\u00e1lat\u00e1t, de k\u00e9rj\u00fck, vegye figyelembe, hogy ebben az esetben el\u0151fordulhat, hogy weboldalunk nem m\u0171k\u00f6dik megfelel\u0151en.<\/p>\n<p><strong>7.1 Gesti\u00f3n de la configuraci\u00f3n de las preferencias<\/strong><\/p>\n<p>Ha cargado las pol\u00edticas de cookies sin soporte para Javascript. En AMP, puede utilizar el bot\u00f3n de consentimiento que se encuentra en la parte inferior de la p\u00e1gina.<\/p>\n<ol start=\"8\">\n<li><strong> activaci\u00f3n\/desactivaci\u00f3n y eliminaci\u00f3n de cookies<\/strong><\/li>\n<\/ol>\n<p>Puede eliminar las cookies de forma autom\u00e1tica o manual con su navegador de Internet. Tambi\u00e9n puede especificar que no se instalen determinadas cookies. Otra opci\u00f3n es configurar su navegador de Internet para que le avise cada vez que se instala una cookie. Encontrar\u00e1 m\u00e1s informaci\u00f3n sobre estas opciones en las instrucciones del manual de su navegador.<\/p>\n<p>Tenga en cuenta que nuestro sitio web no funcionar\u00e1 correctamente si desactiva todas las cookies. Si borra las cookies de su navegador, se volver\u00e1n a instalar cuando vuelva a visitar nuestro sitio web.<\/p>\n<ol start=\"9\">\n<li><strong> Sus derechos en relaci\u00f3n con sus datos personales<\/strong><\/li>\n<\/ol>\n<p>En relaci\u00f3n con sus datos personales, usted tiene los siguientes derechos:<\/p>\n<ul>\n<li>Tiene derecho a saber por qu\u00e9 se utilizan sus datos personales, qu\u00e9 se hace con ellos y cu\u00e1nto tiempo se conservan.<\/li>\n<li>Derecho de acceso: Tiene derecho a consultar los datos personales que tenemos sobre usted.<\/li>\n<li>Derecho de rectificaci\u00f3n: usted tiene derecho a modificar, rectificar, eliminar o bloquear sus datos personales en cualquier momento.<\/li>\n<li>Si nos ha dado su consentimiento para procesar sus datos, tiene derecho a retirar dicho consentimiento y a que eliminemos sus datos personales.<\/li>\n<li>Derecho a la portabilidad de los datos: tiene derecho a solicitar a uno de los responsables del tratamiento que le facilite todos sus datos personales y a transferirlos \u00edntegramente a otro responsable del tratamiento.<\/li>\n<li>Derecho de oposici\u00f3n: Usted puede oponerse al tratamiento de sus datos. Cumpliremos con ello, salvo que existan motivos leg\u00edtimos para el tratamiento.<\/li>\n<\/ul>\n<p>Para ejercer estos derechos, p\u00f3ngase en contacto con nosotros. Lea la informaci\u00f3n de contacto que se encuentra al final de la declaraci\u00f3n sobre cookies. Si tiene alguna queja sobre c\u00f3mo tratamos sus datos, estaremos encantados de escucharla, pero tambi\u00e9n tiene derecho a ponerse en contacto con la autoridad supervisora (la autoridad de protecci\u00f3n de datos).<\/p>\n<ol start=\"10\">\n<li><strong> disponibilidad<\/strong><\/li>\n<\/ol>\n<p>Si tiene alguna pregunta o comentario sobre nuestra pol\u00edtica de cookies y esta declaraci\u00f3n, p\u00f3ngase en contacto con nosotros a trav\u00e9s de los siguientes datos de contacto:<\/p>\nBrigitta Kov\u00e1cs<br \/>\n2045 T\u00f6r\u00f6kb\u00e1lint, Baross utca 48<br \/>\nHungr\u00eda<br \/>\nP\u00e1gina web: <a href=\"https:\/\/b48apartment.eu\/es\/\">https:\/\/b48apartment.eu<\/a><br \/>\nCorreo electr\u00f3nico: ue.tnemtrapa84b@ofni<br \/>\nN\u00famero de tel\u00e9fono: +36-20-456-9779\n<p>Esta pol\u00edtica de cookies se sincroniz\u00f3 el 10 de febrero de 2024 con la <a href=\"https:\/\/cookiedatabase.org\/\">cookiedatabase.org.<\/a><\/p>\n<p>&nbsp;<\/p>\n\t<h2>\n\t\t\t\t\t4\n\t\t\t\t<\/h2>\n\t\t\t<p>apartamento en alquiler disponible<\/p>\n\t<h2>\n\t\t\t\t\t20\n\t\t\t\t<\/h2>\n\t\t\t<p>los hu\u00e9spedes pueden dormir c\u00f3modamente<\/p>\n\t<h2>\n\t\t\t\t\t15\n\t\t\t\t<\/h2>\n\t\t\t<p>recibimos visitas de<\/p>\n\t<h2>\n\t\t\t\t\t300+\n\t\t\t\t<\/h2>\n\t\t\t<p>hu\u00e9spedes que se alojan con nosotros<\/p>\n\t<h3>\n\t\t\t\t\tLe agradecemos de antemano sus sugerencias y comentarios.\n\t\t\t\t<\/h3>\n\t\t\t\t<img decoding=\"async\" src=\"https:\/\/b48apartment.eu\/wp-content\/uploads\/bb-plugin\/cache\/Viber-Bild_2022-04-16_11-40-03-130-300x225-square.jpg\" alt=\"Viber-Bild_2022-04-16_11-40-03-130\" itemprop=\"image\"\/>\n\t<h5>\n\t\t\t\t\tBrigitta y Zolt\u00e1n Kov\u00e1cs\n\t\t\t\t<\/h5>\n\t\t\t<p>Propietarios<\/p>","protected":false},"excerpt":{"rendered":"<p>Cookie-szab\u00e1lyzat A jelen Cookie-szab\u00e1lyzatot legut\u00f3bb 2024. febru\u00e1r 10-\u00e9n friss\u00edtett\u00e9k, \u00e9s az Eur\u00f3pai Gazdas\u00e1gi T\u00e9rs\u00e9g \u00e9s Sv\u00e1jc polg\u00e1raira \u00e9s lakosaira vonatkozik. bevezet\u00e9s Weboldalunk, a https:\/\/b48apartment.eu (a tov\u00e1bbiakban: &#8222;a weboldal&#8221;) cookie-kat \u00e9s m\u00e1s kapcsol\u00f3d\u00f3 technol\u00f3gi\u00e1kat haszn\u00e1l (az egyszer\u0171s\u00e9g kedv\u00e9\u00e9rt minden technol\u00f3gi\u00e1ra &#8222;cookie-k\u00e9nt&#8221; hivatkozunk). S\u00fctiket az \u00e1ltalunk megb\u00edzott harmadik felek is elhelyeznek. Az al\u00e1bbi dokumentumban t\u00e1j\u00e9koztatjuk \u00d6nt a &hellip;<\/p>\n<p class=\"read-more\"> <a class=\"\" href=\"https:\/\/b48apartment.eu\/es\/impresionar-4\/\"> <span class=\"screen-reader-text\">Pol\u00edtica de cookies<\/span> Leer m\u00e1s \"<\/a><\/p>","protected":false},"author":1,"featured_media":0,"parent":0,"menu_order":0,"comment_status":"closed","ping_status":"closed","template":"","meta":{"site-sidebar-layout":"no-sidebar","site-content-layout":"page-builder","ast-global-header-display":"","ast-main-header-display":"","ast-hfb-above-header-display":"","ast-hfb-below-header-display":"","ast-hfb-mobile-header-display":"","site-post-title":"disabled","ast-breadcrumbs-content":"","ast-featured-img":"disabled","footer-sml-layout":"","theme-transparent-header-meta":"enabled","adv-header-id-meta":"","stick-header-meta":"","header-above-stick-meta":"","header-main-stick-meta":"","header-below-stick-meta":"","ngg_post_thumbnail":0,"footnotes":""},"class_list":["post-1296","page","type-page","status-publish","hentry"],"_links":{"self":[{"href":"https:\/\/b48apartment.eu\/es\/wp-json\/wp\/v2\/pages\/1296","targetHints":{"allow":["GET"]}}],"collection":[{"href":"https:\/\/b48apartment.eu\/es\/wp-json\/wp\/v2\/pages"}],"about":[{"href":"https:\/\/b48apartment.eu\/es\/wp-json\/wp\/v2\/types\/page"}],"author":[{"embeddable":true,"href":"https:\/\/b48apartment.eu\/es\/wp-json\/wp\/v2\/users\/1"}],"replies":[{"embeddable":true,"href":"https:\/\/b48apartment.eu\/es\/wp-json\/wp\/v2\/comments?post=1296"}],"version-history":[{"count":0,"href":"https:\/\/b48apartment.eu\/es\/wp-json\/wp\/v2\/pages\/1296\/revisions"}],"wp:attachment":[{"href":"https:\/\/b48apartment.eu\/es\/wp-json\/wp\/v2\/media?parent=1296"}],"curies":[{"name":"wp","href":"https:\/\/api.w.org\/{rel}","templated":true}]}}