{"id":691,"date":"2022-02-12T12:18:18","date_gmt":"2022-02-12T11:18:18","guid":{"rendered":"https:\/\/b48apartment.eu\/?page_id=691"},"modified":"2025-02-17T12:24:00","modified_gmt":"2025-02-17T11:24:00","slug":"woodhouse","status":"publish","type":"page","link":"https:\/\/b48apartment.eu\/en\/woodhouse\/","title":{"rendered":"WoodHouse"},"content":{"rendered":"<h6>\n\t\t\t\t\tCompact solution - for big needs\n\t\t\t\t<\/h6>\n\t\t\t<h1>\n\t\t\t\t\tGARDENHOUSE\n\t\t\t\t<\/h1>\n<h6>\n\t\t<a href=\"#gal_woodhouse\" title=\"\u27a4 See more pictures\" target=\"_self\" rel=\"noopener\">\n\t\t\u27a4 See more pictures\n\t\t<\/a>\n\t<\/h6>\n<h6>\n\t\t<a href=\"#booking_woodhouse\" title=\"\u27a4 Booking an apartment\" target=\"_self\" rel=\"noopener\">\n\t\t\u27a4 Booking an apartment\n\t\t<\/a>\n\t<\/h6>\n\t\t\t<h3>\n\t\t\t\t\ta cosy solution with full comfort for couples\n\t\t\t\t<\/h3>\n\t\t\t<p>At the very end of our garden, in the full greenery, we have a holiday home with a red pine cladding - wooden terrace. With a small footprint, but making practical use of every inch, we have created a perfectly usable holiday home for one or two people. A bathroom with shower, toilet, fully equipped kitchen (hob, oven, extractor hood, fridge, washer and dryer) and a fully equipped kitchen (cooker, oven, extractor hood, fridge, washer and dryer) provide the comfort of home, even for longer stays. The apartment is equipped with Smart TV, fast and separate internet.  After pulling out the comfortable sofa bed in the living room, we can create a 180 x 200 cm perfectly flat, comfortably sprung, double bed quality sleeping corner. In the back garden you will also find the 8-person Finnish sauna, which can also be used as a Parajdi salt room when not so hot. Come and try it out!<\/p>\n\t<p>Our apartment in the \"<em><strong>Booking.com<\/strong><\/em>\" for the year 2023 in \"<em><strong>Traveller Review Awards<\/strong><\/em>\" award. We have a \"SUPERHOST\" rating on AIRBNB!<\/p>\n<p><img loading=\"lazy\" decoding=\"async\" src=\"http:\/\/b48apartment.eu\/wp-content\/uploads\/2023\/01\/Digital-Award-TRA-2023_woodhouse-300x300.png\" alt=\"\" width=\"173\" height=\"173\" \/><\/p>\n\t\t\t<h3>\n\t\t\t\t\tVIRTUAL VIEWING\n\t\t\t\t<\/h3>\n\t<p>The StreetView technology used allows you to view our rooms and partly experience the atmosphere and ambience of the apartments. Not only can you change the position using the arrow keys, but you can also view the rooms in 360\u00b0 by holding and rotating the mouse.<\/p>\n\t<iframe src=\"https:\/\/www.google.com\/maps\/embed?pb=!4v1698608902296!6m8!1m7!1sCAoSLEFGMVFpcE5EMS04WThrMlBaUkhjRllQbEh4NUd5eEtPQWN6NmdJX1FqZEVr!2m2!1d47.43571125171769!2d18.91478020594027!3f28.56113466777583!4f-15.158630613117808!5f0.4000000000000002\" width=\"1000\" height=\"500\" allowfullscreen=\"\" loading=\"lazy\" referrerpolicy=\"no-referrer-when-downgrade\"><\/iframe>\n\t\t\t<h2>\n\t\t\t\t\tSuburban area\n\t\t\t\t<\/h2>\n\t\t\t\t<img decoding=\"async\" src=\"http:\/\/b48apartment.eu\/wp-content\/uploads\/2025\/02\/49-_DSC7258-scaled.jpg\" alt=\"49-_DSC7258\" itemprop=\"image\" title=\"49-_DSC7258\" onerror=\"this.style.display='none'\"  \/>\n\t\t\t\t<img decoding=\"async\" src=\"http:\/\/b48apartment.eu\/wp-content\/uploads\/2025\/02\/Kulso_esti-scaled.jpg\" alt=\"External_esti\" itemprop=\"image\" title=\"External_esti\" onerror=\"this.style.display='none'\"  \/>\n\t\t\t\t<img decoding=\"async\" src=\"https:\/\/b48apartment.eu\/wp-content\/plugins\/beaver-builder-lite-version\/img\/pixel.png\" alt=\"\" itemprop=\"image\" onerror=\"this.style.display='none'\"  \/>\n\t\t\t<h2>\n\t\t\t\t\tLiving room-kitchen-dining room and evening bedroom\n\t\t\t\t<\/h2>\n\t\t\t\t<img decoding=\"async\" src=\"http:\/\/b48apartment.eu\/wp-content\/uploads\/2025\/02\/48-_DSC7257-scaled.jpg\" alt=\"48-_DSC7257\" itemprop=\"image\" title=\"48-_DSC7257\" onerror=\"this.style.display='none'\"  \/>\n\t\t\t\t<img decoding=\"async\" src=\"http:\/\/b48apartment.eu\/wp-content\/uploads\/2025\/02\/42-_DSC7246-scaled.jpg\" alt=\"42-_DSC7246\" itemprop=\"image\" title=\"42-_DSC7246\" onerror=\"this.style.display='none'\"  \/>\n\t\t\t\t<img decoding=\"async\" src=\"http:\/\/b48apartment.eu\/wp-content\/uploads\/2025\/02\/44-_DSC7251-scaled.jpg\" alt=\"44-_DSC7251\" itemprop=\"image\" title=\"44-_DSC7251\" onerror=\"this.style.display='none'\"  \/>\n\t\t\t<h2>\n\t\t\t\t\tBathroom\n\t\t\t\t<\/h2>\n\t\t\t\t<img decoding=\"async\" src=\"http:\/\/b48apartment.eu\/wp-content\/uploads\/2025\/02\/46-_DSC7255-scaled.jpg\" alt=\"46-_DSC7255\" itemprop=\"image\" title=\"46-_DSC7255\" onerror=\"this.style.display='none'\"  \/>\n\t\t\t\t<img decoding=\"async\" src=\"http:\/\/b48apartment.eu\/wp-content\/uploads\/2025\/02\/45-_DSC7254-683x1024.jpg\" alt=\"45-_DSC7254\" itemprop=\"image\" title=\"45-_DSC7254\" onerror=\"this.style.display='none'\"  \/>\n<h2>\n\t\tBarbecue and Sauna\n\t<\/h2>\n\t\t\t\t<img decoding=\"async\" src=\"http:\/\/b48apartment.eu\/wp-content\/uploads\/2025\/02\/Pad-es-szauna-scaled.jpg\" alt=\"Pad and sauna\" itemprop=\"image\" title=\"Pad and sauna\" onerror=\"this.style.display='none'\"  \/>\n\t\t\t\t<img decoding=\"async\" src=\"http:\/\/b48apartment.eu\/wp-content\/uploads\/2025\/02\/35-_DSC7236-masolata-scaled.jpg\" alt=\"Copy of 35-_DSC7236\" itemprop=\"image\" title=\"Copy of 35-_DSC7236\" onerror=\"this.style.display='none'\"  \/>\n\t\t\t<h2>\n\t\t\t\t\tRoom reservations:\n\t\t\t\t<\/h2>\n<h3>\n\t\tThe apartment is available the following days:\n\t<\/h3>","protected":false},"excerpt":{"rendered":"<p>Kompakt megold\u00e1s &#8211; nagy ig\u00e9nyeknek GARDENHOUSE \u27a4 Tekintse meg tov\u00e1bbi k\u00e9peinket \u27a4 Lak\u00e1sfoglal\u00e1s otthonos megold\u00e1s, teljes k\u00e9nyelemmel, p\u00e1rok sz\u00e1m\u00e1ra Kert\u00fcnk legv\u00e9g\u00e9ben, a teljes z\u00f6ld\u00f6vezetben b\u00fajik meg v\u00f6r\u00f6sfeny\u0151 burkolatos &#8211; fa teraszos pihen\u0151 h\u00e1zunk. Kis alapter\u00fclet\u00e9vel, de minden centim\u00e9ter praktikus kihaszn\u00e1l\u00e1s\u00e1val, egy-k\u00e9t f\u0151 sz\u00e1m\u00e1ra t\u00f6k\u00e9letesen kihaszn\u00e1lhat\u00f3 nyaral\u00f3t alkottunk. Zuhanyz\u00f3s f\u00fcrd\u0151szoba, wc-vel, teljesen felszerelt konyha (f\u0151z\u0151lap, s\u00fct\u0151, [&hellip;]<\/p>\n","protected":false},"author":1,"featured_media":0,"parent":0,"menu_order":0,"comment_status":"closed","ping_status":"closed","template":"","meta":{"site-sidebar-layout":"no-sidebar","site-content-layout":"page-builder","ast-site-content-layout":"default","site-content-style":"default","site-sidebar-style":"default","ast-global-header-display":"","ast-banner-title-visibility":"","ast-main-header-display":"","ast-hfb-above-header-display":"","ast-hfb-below-header-display":"","ast-hfb-mobile-header-display":"","site-post-title":"disabled","ast-breadcrumbs-content":"","ast-featured-img":"disabled","footer-sml-layout":"","ast-disable-related-posts":"","theme-transparent-header-meta":"enabled","adv-header-id-meta":"","stick-header-meta":"","header-above-stick-meta":"","header-main-stick-meta":"","header-below-stick-meta":"","astra-migrate-meta-layouts":"default","ast-page-background-enabled":"default","ast-page-background-meta":{"desktop":{"background-color":"","background-image":"","background-repeat":"repeat","background-position":"center center","background-size":"auto","background-attachment":"scroll","background-type":"","background-media":"","overlay-type":"","overlay-color":"","overlay-opacity":"","overlay-gradient":""},"tablet":{"background-color":"","background-image":"","background-repeat":"repeat","background-position":"center center","background-size":"auto","background-attachment":"scroll","background-type":"","background-media":"","overlay-type":"","overlay-color":"","overlay-opacity":"","overlay-gradient":""},"mobile":{"background-color":"","background-image":"","background-repeat":"repeat","background-position":"center center","background-size":"auto","background-attachment":"scroll","background-type":"","background-media":"","overlay-type":"","overlay-color":"","overlay-opacity":"","overlay-gradient":""}},"ast-content-background-meta":{"desktop":{"background-color":"var(--ast-global-color-5)","background-image":"","background-repeat":"repeat","background-position":"center center","background-size":"auto","background-attachment":"scroll","background-type":"","background-media":"","overlay-type":"","overlay-color":"","overlay-opacity":"","overlay-gradient":""},"tablet":{"background-color":"var(--ast-global-color-5)","background-image":"","background-repeat":"repeat","background-position":"center center","background-size":"auto","background-attachment":"scroll","background-type":"","background-media":"","overlay-type":"","overlay-color":"","overlay-opacity":"","overlay-gradient":""},"mobile":{"background-color":"var(--ast-global-color-5)","background-image":"","background-repeat":"repeat","background-position":"center center","background-size":"auto","background-attachment":"scroll","background-type":"","background-media":"","overlay-type":"","overlay-color":"","overlay-opacity":"","overlay-gradient":""}},"ngg_post_thumbnail":0,"footnotes":""},"class_list":["post-691","page","type-page","status-publish","hentry"],"_links":{"self":[{"href":"https:\/\/b48apartment.eu\/en\/wp-json\/wp\/v2\/pages\/691","targetHints":{"allow":["GET"]}}],"collection":[{"href":"https:\/\/b48apartment.eu\/en\/wp-json\/wp\/v2\/pages"}],"about":[{"href":"https:\/\/b48apartment.eu\/en\/wp-json\/wp\/v2\/types\/page"}],"author":[{"embeddable":true,"href":"https:\/\/b48apartment.eu\/en\/wp-json\/wp\/v2\/users\/1"}],"replies":[{"embeddable":true,"href":"https:\/\/b48apartment.eu\/en\/wp-json\/wp\/v2\/comments?post=691"}],"version-history":[{"count":0,"href":"https:\/\/b48apartment.eu\/en\/wp-json\/wp\/v2\/pages\/691\/revisions"}],"wp:attachment":[{"href":"https:\/\/b48apartment.eu\/en\/wp-json\/wp\/v2\/media?parent=691"}],"curies":[{"name":"wp","href":"https:\/\/api.w.org\/{rel}","templated":true}]}}