{"id":660,"date":"2018-10-04T06:18:10","date_gmt":"2018-10-04T04:18:10","guid":{"rendered":"https:\/\/b48apartment.eu\/about\/"},"modified":"2024-01-17T09:21:09","modified_gmt":"2024-01-17T08:21:09","slug":"impress","status":"publish","type":"page","link":"https:\/\/b48apartment.eu\/en\/impress\/","title":{"rendered":"Imprint"},"content":{"rendered":"<h1>\n\t\t\t\t\tmasthead\n\t\t\t\t<\/h1>\n\tOperator: Brigitta Kov\u00e1cs<br>\nprivate accommodation provider\n<p>Address: 2045 T\u00f6r\u00f6kb\u00e1lint, Baross utca 48<\/p>\nPhone: +36-20-456-9779<br>\nE-mail: info@b48apartment.eu\n<p>Tax number: 55690890-1-33<\/p>\n\t<h2>\n\t\t\t\t\t4\n\t\t\t\t<\/h2>\n\t\t\t<p>apartment for rent available<\/p>\n\t<h2>\n\t\t\t\t\t20\n\t\t\t\t<\/h2>\n\t\t\t<p>guests can sleep in comfort<\/p>\n\t<h2>\n\t\t\t\t\t15\n\t\t\t\t<\/h2>\n\t\t\t<p>we received visitors from<\/p>\n\t<h2>\n\t\t\t\t\t300+\n\t\t\t\t<\/h2>\n\t\t\t<p>guest staying with us<\/p>\n\t<h3>\n\t\t\t\t\tWe thank you in advance for your suggestions and feedback.\n\t\t\t\t<\/h3>\n\t\t\t\t<img decoding=\"async\" src=\"https:\/\/b48apartment.eu\/wp-content\/uploads\/bb-plugin\/cache\/Viber-Bild_2022-04-16_11-40-03-130-300x225-square.jpg\" alt=\"Viber-Bild_2022-04-16_11-40-03-130\" itemprop=\"image\">\n\t<h5>\n\t\t\t\t\tBrigitta and Zolt\u00e1n Kov\u00e1cs\n\t\t\t\t<\/h5>\n\t\t\t<p>Homeowners<\/p>","protected":false},"excerpt":{"rendered":"<p>Imprint Operator: brigitta Kov\u00e1cs private accommodation service provider Address: 2045 T\u00f6r\u00f6kb\u00e1lint, Baross utca 48 Phone: +36-20-456-9779 E-mail: info@b48apartment.eu Tax number: 55690890-1-33 4 apartments for rent available 20 guests can sleep comfortably with us We have received visitors from 15 countries 300+ guests have stayed with us We thank you in advance for your suggestions and feedback. Brigitta and Zolt\u00e1n Kov\u00e1cs Homeowners<\/p>","protected":false},"author":1,"featured_media":0,"parent":0,"menu_order":0,"comment_status":"closed","ping_status":"closed","template":"","meta":{"site-sidebar-layout":"no-sidebar","site-content-layout":"page-builder","ast-global-header-display":"","ast-main-header-display":"","ast-hfb-above-header-display":"","ast-hfb-below-header-display":"","ast-hfb-mobile-header-display":"","site-post-title":"disabled","ast-breadcrumbs-content":"","ast-featured-img":"disabled","footer-sml-layout":"","theme-transparent-header-meta":"enabled","adv-header-id-meta":"","stick-header-meta":"","header-above-stick-meta":"","header-main-stick-meta":"","header-below-stick-meta":"","ngg_post_thumbnail":0,"footnotes":""},"class_list":["post-660","page","type-page","status-publish","hentry"],"_links":{"self":[{"href":"https:\/\/b48apartment.eu\/en\/wp-json\/wp\/v2\/pages\/660","targetHints":{"allow":["GET"]}}],"collection":[{"href":"https:\/\/b48apartment.eu\/en\/wp-json\/wp\/v2\/pages"}],"about":[{"href":"https:\/\/b48apartment.eu\/en\/wp-json\/wp\/v2\/types\/page"}],"author":[{"embeddable":true,"href":"https:\/\/b48apartment.eu\/en\/wp-json\/wp\/v2\/users\/1"}],"replies":[{"embeddable":true,"href":"https:\/\/b48apartment.eu\/en\/wp-json\/wp\/v2\/comments?post=660"}],"version-history":[{"count":0,"href":"https:\/\/b48apartment.eu\/en\/wp-json\/wp\/v2\/pages\/660\/revisions"}],"wp:attachment":[{"href":"https:\/\/b48apartment.eu\/en\/wp-json\/wp\/v2\/media?parent=660"}],"curies":[{"name":"wp","href":"https:\/\/api.w.org\/{rel}","templated":true}]}}