{"id":658,"date":"2018-10-04T05:14:57","date_gmt":"2018-10-04T03:14:57","guid":{"rendered":"https:\/\/b48apartment.eu\/home\/"},"modified":"2026-03-28T12:39:03","modified_gmt":"2026-03-28T11:39:03","slug":"our-interlocutor","status":"publish","type":"page","link":"https:\/\/b48apartment.eu\/en\/","title":{"rendered":"about us"},"content":{"rendered":"<h6>\n\t\t\t\t\tFamily and pet-friendly accommodation\n\t\t\t\t<\/h6>\n\t\t\t<h2>\n\t\t\t\t\tB48apartment - apartment rental\n\t\t\t\t<\/h2>\n\t\t\t<h2>\n\t\t\t\t\tin the quiet neighborhood of Budapest\n\t\t\t\t<\/h2>\n\t\t\t<a href=\"https:\/\/b48apartment.eu\/en\/lakasok\/\" target=\"_blank\" rel=\"noopener\"class=\"uabb-button uabb-creative-button uabb-creative-default-btn\"  role=\"button\">\n\t\t\t\t\t\tTake a look at our apartments!\n\t\t<\/a>\n\t<ul>\n\t\t<li>\t\t\t\t\n\t\t<h4>Flexible accommodation<\/h4><p>20 people in four apartments<\/p><\/li>\t<\/ul>\n\t<ul>\n\t\t<li>\t\t\t\t\n\t\t<h4>Desirable location<\/h4><p>T\u00f6r\u00f6kb\u00e1lint, Hungary<\/p><\/li>\t<\/ul>\n\t\t\t<h2>\n\t\t\t\t\tFamily-friendly and relaxed accommodation in the Budapest area doesn't have to be expensive or remote\n\t\t\t\t<\/h2>\n\t\t\t<h6>\n\t\t\t\t\tJust a few words of introduction...\n\t\t\t\t<\/h6>\n\t\t\t<h2>\n\t\t\t\t\tDear future Guest!\n\t\t\t\t<\/h2>\n\t<p>We would like to offer you our own property! Located in the centre of T\u00f6r\u00f6kb\u00e1lint, close to all the important things - Spar, Post Office, Pharmacy, Playground, Bakery, Breakfast, Confectionery, Restaurants - our family friendly, cosy but sufficiently separated apartments are available for short term rent. We are located at the junction of the M1, M7, M0 motorways, with free parking. The south centre of Budapest is easily accessible by public transport. BKK bus connection to Etele t\u00e9r, from there M4 Metro to Keleti P\u00e1lyaudvar.<\/p>\n<p>All our apartments are fully equipped and have a fully fitted kitchen and bathroom. There is nothing missing for comfortable living! Cosy but modern, sophisticated interior, fully renovated. Our apartments are equipped with the most modern accessories such as 100 or 150 cm Smart TV, 1 Gbit\/s internet, internet TV, washing machine, dishwasher, dryer, underfloor heating, air conditioning. Of course, linen and towel service are also included in the rental.<\/p>\n<p>After a long trip or a full day of meetings, a little pampering and relaxation is certainly nice. Whether it's in a two-person infrared sauna, an eight-person Finnish steam sauna or a lung-cleansing Parajdi salt room, we have it all. Barbecue and camping facilities are also available within easy reach, all available in our own private garden.<\/p>\n<p>We hope we have sparked your interest, please take a look at the pictures of the apartments, take a 3D tour and contact us with your reservation!<\/p>\n<p>Zolt\u00e1n Kov\u00e1cs and Brigitta (our children, D\u00f3ri - M\u00f3zi and Jenny our dog...:-)<\/p>\n\t\t\t<a href=\"https:\/\/b48apartment.eu\/en\/lakasok\/\" target=\"_blank\" rel=\"noopener\"class=\"uabb-button uabb-creative-button uabb-creative-default-btn\"  role=\"button\">\n\t\t\t\t\t\tTake a look at our apartments!\n\t\t<\/a>\n\t\t\t\t<img decoding=\"async\" src=\"http:\/\/b48apartment.eu\/wp-content\/uploads\/2026\/02\/20251015_153649-1-1-scaled.jpg\" alt=\"20251015_153649 (1)\" itemprop=\"image\"\/>\n\t\t\t<h6>\n\t\t\t\t\tBrigitta, D\u00f3ri and Zolt\u00e1n Kov\u00e1cs\n\t\t\t\t<\/h6>\n<h4>\n\t\t\tOur awards\t<\/h4>\n<figure itemscope itemtype=\"https:\/\/schema.org\/ImageObject\">\n\t\t\t\t<img decoding=\"async\" src=\"https:\/\/b48apartment.eu\/wp-content\/uploads\/2025\/06\/b48_awards_2025.png\" alt=\"b48_awards_2025\" height=\"622\" width=\"622\" title=\"b48_awards_2025\" onerror=\"this.style.display='none'\" loading=\"lazy\" \/>\n\t<\/figure>\n\t\t\t<h2>\n\t\t\t\t\tOur accommodation details\n\t\t\t\t<\/h2>\n\t\t\t<a href=\"https:\/\/b48apartment.eu\/en\/bigflat\/\" target=\"_blank\" rel=\"noopener\"class=\"uabb-button uabb-creative-button uabb-creative-default-btn\"  role=\"button\">\n\t\t\t\t\t\tBIGFLAT\n\t\t<\/a>\n\t\t\t<a href=\"https:\/\/b48apartment.eu\/en\/simplex\/\" target=\"_blank\" rel=\"noopener\"class=\"uabb-button uabb-creative-button uabb-creative-default-btn\"  role=\"button\">\n\t\t\t\t\t\tSIMPLEX\n\t\t<\/a>\n\t\t\t<a href=\"https:\/\/b48apartment.eu\/en\/duplex\/\" target=\"_blank\" rel=\"noopener\"class=\"uabb-button uabb-creative-button uabb-creative-flat-btn  uabb-none-btn\"  role=\"button\">\n\t\t\t\t\t\tDUPLEX\n\t\t<\/a>\n\t\t\t<a href=\"https:\/\/b48apartment.eu\/en\/woodhouse\/\" target=\"_blank\" rel=\"noopener\"class=\"uabb-button uabb-creative-button uabb-creative-default-btn\"  role=\"button\">\n\t\t\t\t\t\tGARDENHOUSE\n\t\t<\/a>\n<h5>\n\t\t<a href=\"https:\/\/b48apartment.eu\/en\/contact\/\" title=\"Contact\"  target=\"_blank\"  rel=\"noopener\">\n\t\t\tContact\t\t<\/a>\n\t<\/h5>\n\t\t\t<h6>\n\t\t\t\t\tFor the following reasons\n\t\t\t\t<\/h6>\n\t\t\t<h2>\n\t\t\t\t\tChoose us!\n\t\t\t\t<\/h2>\n\t\t\t\t<img decoding=\"async\" src=\"http:\/\/b48apartment.eu\/wp-content\/uploads\/2022\/04\/PikPng.com_home-icon-png_1819635-1-150x150.png\" alt=\"PikPng.com_home-icon-png_1819635 (1)\" itemprop=\"image\"\/>\n\t\t\t<h4>\n\t\t\t\t\tProximity to Budapest\n\t\t\t\t<\/h4>\n\t\t\t\t<img decoding=\"async\" src=\"http:\/\/b48apartment.eu\/wp-content\/uploads\/2022\/04\/PikPng.com_home-icon-png_1819635-1.png\" alt=\"PikPng.com_home-icon-png_1819635 (1)\" itemprop=\"image\"\/>\n\t\t\t<h4>\n\t\t\t\t\tRural tranquillity\n\t\t\t\t<\/h4>\n\t\t\t\t<img decoding=\"async\" src=\"http:\/\/b48apartment.eu\/wp-content\/uploads\/2022\/04\/PikPng.com_home-icon-png_1819635-1.png\" alt=\"PikPng.com_home-icon-png_1819635 (1)\" itemprop=\"image\"\/>\n\t\t\t<h4>\n\t\t\t\t\tFour separate apartments available\n\t\t\t\t<\/h4>\n\t\t\t\t<img decoding=\"async\" src=\"http:\/\/b48apartment.eu\/wp-content\/uploads\/2022\/04\/PikPng.com_home-icon-png_1819635-1.png\" alt=\"PikPng.com_home-icon-png_1819635 (1)\" itemprop=\"image\"\/>\n\t\t\t<h4>\n\t\t\t\t\tFully equipped apartments suitable for long term stays\n\t\t\t\t<\/h4>\n\t\t\t\t<img decoding=\"async\" src=\"http:\/\/b48apartment.eu\/wp-content\/uploads\/2022\/04\/PikPng.com_home-icon-png_1819635-1.png\" alt=\"PikPng.com_home-icon-png_1819635 (1)\" itemprop=\"image\"\/>\n\t\t\t<h4>\n\t\t\t\t\tWarm Hungarian hospitality\n\t\t\t\t<\/h4>\n\t\t\t\t<img decoding=\"async\" src=\"http:\/\/b48apartment.eu\/wp-content\/uploads\/2022\/04\/PikPng.com_home-icon-png_1819635-1.png\" alt=\"PikPng.com_home-icon-png_1819635 (1)\" itemprop=\"image\"\/>\n\t\t\t<h4>\n\t\t\t\t\tFlexible rental\n\t\t\t\t<\/h4>\n\t\t\t<h6>\n\t\t\t\t\tWe are present on the following platforms:\n\t\t\t\t<\/h6>\n\t\t\t\t<img decoding=\"async\" src=\"http:\/\/b48apartment.eu\/wp-content\/uploads\/2023\/01\/2023-01-28-16_41_36-Window-150x150.png\" alt=\"2023-01-28 16_41_36-Window\" itemprop=\"image\"\/>\n\t\t\t\t<img decoding=\"async\" src=\"http:\/\/b48apartment.eu\/wp-content\/uploads\/2023\/01\/szallas-hu-logo-150x150.png\" alt=\"szallas-hu-logo\" itemprop=\"image\"\/>\n\t\t\t\t<img decoding=\"async\" src=\"http:\/\/b48apartment.eu\/wp-content\/uploads\/2022\/04\/toppng.com-airbnb-2-logo-png-2500x2500-1-150x150.png\" alt=\"toppng.com-airbnb-2-logo-png-2500x2500\" itemprop=\"image\"\/>\n\t\t\t\t<img decoding=\"async\" src=\"http:\/\/b48apartment.eu\/wp-content\/uploads\/2022\/04\/toppng.com-top-rated-on-booking-booking-svg-logo-947x345-1-300x109.png\" alt=\"toppng.com-top-rated-on-booking-booking-svg-logo-947x345\" itemprop=\"image\"\/>","protected":false},"excerpt":{"rendered":"<p>Csal\u00e1d \u00e9s \u00e1llatbar\u00e1t sz\u00e1ll\u00e1slehet\u00f6s\u00e9g B48apartment &#8211; lak\u00e1sb\u00e9rl\u00e9s nyugalomban Budapest mellett Tekintse meg lak\u00e1sainkat! Rugalmas sz\u00e1ll\u00e1s 20 f\u00f6ig, n\u00e9gy lak\u00e1sban K\u00edv\u00e1l\u00f3 elhelyezked\u00e9s T\u00f6r\u00f6kb\u00e1lint, Magyarorsz\u00e1g A csal\u00e1dias \u00e9s nyugodt sz\u00e1ll\u00e1s Budapest vonz\u00e1sk\u00f6rzet\u00e9ben nem kell, hogy dr\u00e1ga vagy f\u00e9lrees\u0151 legyen Csak egy p\u00e1r sz\u00f3 bemutatkoz\u00e1sk\u00e9nt&#8230; Kedves leend\u0151 Vend\u00e9g\u00fcnk! Szeretn\u00e9nk a figyelmedbe aj\u00e1nlani saj\u00e1t ingatlanunk! T\u00f6r\u00f6kb\u00e1lint k\u00f6zpontj\u00e1ban, minden fontos [&hellip;]<\/p>\n","protected":false},"author":1,"featured_media":0,"parent":0,"menu_order":0,"comment_status":"closed","ping_status":"closed","template":"","meta":{"site-sidebar-layout":"no-sidebar","site-content-layout":"page-builder","ast-site-content-layout":"default","site-content-style":"default","site-sidebar-style":"default","ast-global-header-display":"","ast-banner-title-visibility":"","ast-main-header-display":"","ast-hfb-above-header-display":"","ast-hfb-below-header-display":"","ast-hfb-mobile-header-display":"","site-post-title":"disabled","ast-breadcrumbs-content":"","ast-featured-img":"disabled","footer-sml-layout":"","ast-disable-related-posts":"","theme-transparent-header-meta":"enabled","adv-header-id-meta":"","stick-header-meta":"","header-above-stick-meta":"","header-main-stick-meta":"","header-below-stick-meta":"","astra-migrate-meta-layouts":"default","ast-page-background-enabled":"default","ast-page-background-meta":{"desktop":{"background-color":"","background-image":"","background-repeat":"repeat","background-position":"center center","background-size":"auto","background-attachment":"scroll","background-type":"","background-media":"","overlay-type":"","overlay-color":"","overlay-opacity":"","overlay-gradient":""},"tablet":{"background-color":"","background-image":"","background-repeat":"repeat","background-position":"center center","background-size":"auto","background-attachment":"scroll","background-type":"","background-media":"","overlay-type":"","overlay-color":"","overlay-opacity":"","overlay-gradient":""},"mobile":{"background-color":"","background-image":"","background-repeat":"repeat","background-position":"center center","background-size":"auto","background-attachment":"scroll","background-type":"","background-media":"","overlay-type":"","overlay-color":"","overlay-opacity":"","overlay-gradient":""}},"ast-content-background-meta":{"desktop":{"background-color":"var(--ast-global-color-5)","background-image":"","background-repeat":"repeat","background-position":"center center","background-size":"auto","background-attachment":"scroll","background-type":"","background-media":"","overlay-type":"","overlay-color":"","overlay-opacity":"","overlay-gradient":""},"tablet":{"background-color":"var(--ast-global-color-5)","background-image":"","background-repeat":"repeat","background-position":"center center","background-size":"auto","background-attachment":"scroll","background-type":"","background-media":"","overlay-type":"","overlay-color":"","overlay-opacity":"","overlay-gradient":""},"mobile":{"background-color":"var(--ast-global-color-5)","background-image":"","background-repeat":"repeat","background-position":"center center","background-size":"auto","background-attachment":"scroll","background-type":"","background-media":"","overlay-type":"","overlay-color":"","overlay-opacity":"","overlay-gradient":""}},"ngg_post_thumbnail":0,"footnotes":""},"class_list":["post-658","page","type-page","status-publish","hentry"],"_links":{"self":[{"href":"https:\/\/b48apartment.eu\/en\/wp-json\/wp\/v2\/pages\/658","targetHints":{"allow":["GET"]}}],"collection":[{"href":"https:\/\/b48apartment.eu\/en\/wp-json\/wp\/v2\/pages"}],"about":[{"href":"https:\/\/b48apartment.eu\/en\/wp-json\/wp\/v2\/types\/page"}],"author":[{"embeddable":true,"href":"https:\/\/b48apartment.eu\/en\/wp-json\/wp\/v2\/users\/1"}],"replies":[{"embeddable":true,"href":"https:\/\/b48apartment.eu\/en\/wp-json\/wp\/v2\/comments?post=658"}],"version-history":[{"count":0,"href":"https:\/\/b48apartment.eu\/en\/wp-json\/wp\/v2\/pages\/658\/revisions"}],"wp:attachment":[{"href":"https:\/\/b48apartment.eu\/en\/wp-json\/wp\/v2\/media?parent=658"}],"curies":[{"name":"wp","href":"https:\/\/api.w.org\/{rel}","templated":true}]}}