{"id":16,"date":"2018-10-04T07:26:35","date_gmt":"2018-10-04T07:26:35","guid":{"rendered":"https:\/\/b48apartment.eu\/testimonials\/"},"modified":"2025-06-25T18:52:54","modified_gmt":"2025-06-25T16:52:54","slug":"reviews","status":"publish","type":"page","link":"https:\/\/b48apartment.eu\/en\/reviews\/","title":{"rendered":"Reviews"},"content":{"rendered":"<h6>\n\t\t\t\t\tThe feedback\n\t\t\t\t<\/h6>\n\t\t\t<h1>\n\t\t\t\t\tfrom our satisfied guests\n\t\t\t\t<\/h1>\n\t\t\t<h4>\n\t\t\t\t\tAs always, we had a great time. The apartment is simply ideal for our family of four, with everything we need, clean, comfortable and cosy. The hosts are very kind, attentive and always surprise us with something little. We have already booked our summer accommodation and are looking forward to our next holiday in T\u00f6r\u00f6kb\u00e1lint. Everything is great!<img decoding=\"async\" alt=\"\ud83d\udd1d\" src=\"https:\/\/s.w.org\/images\/core\/emoji\/14.0.0\/svg\/1f51d.svg\" role=\"img\"\/>\n\t\t\t\t<\/h4>\n\t\t\t\t<img decoding=\"async\" src=\"https:\/\/b48apartment.eu\/wp-content\/uploads\/bb-plugin\/cache\/f8d56752-d4c3-4296-86b4-59a78f60edde-circle.webp\" alt=\"f8d56752-d4c3-4296-86b4-59a78f60edde\" itemprop=\"image\"\/>\n\t\t\t<h5>\n\t\t\t\t\tKrisztina Gause<br \/>&nbsp; (Hungary)\n\t\t\t\t<\/h5>\n\t\t\t<h4>\n\t\t\t\t\t15 km from the centre of Budapest, very quiet location, dog-friendly accommodation with well-kept garden, shopping facilities a few metres away, great accommodation with a very nice host family. We would like to thank Moses in particular for his friendly, caring and attentive behaviour!<br \/>We will return if we have the opportunity and would be happy to recommend the accommodation.\n\t\t\t\t<\/h4>\n\t\t\t<h5>\n\t\t\t\t\tJessica Lang<br \/>&nbsp; (Germany)\n\t\t\t\t<\/h5>\n\t\t\t\t<img decoding=\"async\" src=\"https:\/\/b48apartment.eu\/wp-content\/uploads\/bb-plugin\/cache\/f8d56752-d4c3-4296-86b4-59a78f60edde-circle.webp\" alt=\"f8d56752-d4c3-4296-86b4-59a78f60edde\" itemprop=\"image\"\/>\n\t\t\t<h4>\n\t\t\t\t\t\"the best accomodation we had this summer 2023. Zoltan is very friendly and if you need some help he's always avalaible ! the house is extremely clean with good equipments. You can book and trust this quality place. Guests with car and visiting Budapest can let their car to the P&amp;R parking Etele P1 or P2 Parkolo for 350 FT a day ( from 6am to 10 pm). 15 mn from the rental of Zlotan and you have direct access to Kelenfold Subway station M4 + tram 1, 19 and 49.\"\n\t\t\t\t<\/h4>\n\t\t\t\t<img decoding=\"async\" src=\"https:\/\/b48apartment.eu\/wp-content\/uploads\/bb-plugin\/cache\/f8d56752-d4c3-4296-86b4-59a78f60edde-circle.webp\" alt=\"f8d56752-d4c3-4296-86b4-59a78f60edde\" itemprop=\"image\"\/>\n\t\t\t<h5>\n\t\t\t\t\tGil (French)\n\t\t\t\t<\/h5>\n\t\t\t<h4>\n\t\t\t\t\t\"Very nice service. Comfortable apartments close to all facilities (shopping, sports...). \ud83d\ude00\"\n\t\t\t\t<\/h4>\n\t\t\t\t<img decoding=\"async\" src=\"https:\/\/b48apartment.eu\/wp-content\/uploads\/bb-plugin\/cache\/koch-circle.png\" alt=\"cook\" itemprop=\"image\"\/>\n\t\t\t<h5>\n\t\t\t\t\tLilien Koch (German)\n\t\t\t\t<\/h5>\n\t\t\t<h4>\n\t\t\t\t\t\"Super stay. Very welcoming, friendly and family friendly. Accommodates special requests. Beautiful, clean and well equipped apartment. We would love to come back again. (Duplex)\"\n\t\t\t\t<\/h4>\n\t\t\t\t<img decoding=\"async\" src=\"https:\/\/b48apartment.eu\/wp-content\/uploads\/bb-plugin\/cache\/Duplex_benjamin-circle.webp\" alt=\"Duplex_benjamin\" itemprop=\"image\"\/>\n\t\t\t<h5>\n\t\t\t\t\tBenjamin (German)\n\t\t\t\t<\/h5>\n\t\t\t<h4>\n\t\t\t\t\t\"We were welcomed very friendly and in German. We felt very comfortable in the spacious apartment. Unfortunately we only stayed one night. The location was ideal for us, close to the M1 motorway and parking right outside the front door. It would be a pleasure to do it again (BigFlat)\"\n\t\t\t\t<\/h4>\n\t\t\t\t<img decoding=\"async\" src=\"https:\/\/b48apartment.eu\/wp-content\/uploads\/bb-plugin\/cache\/johnny-circle.jpg\" alt=\"johnny\" itemprop=\"image\"\/>\n\t\t\t<h5>\n\t\t\t\t\tMartin (German)\n\t\t\t\t<\/h5>\n\t\t\t<h4>\n\t\t\t\t\t\"It's all very nice, especially for people like us who have a long journey and need to rest in the middle of the journey. The location is close to the Budapest ring road. Value for money is maximised.  We would definitely come back, and for more time.\" (Duplex)\n\t\t\t\t<\/h4>\n\t\t\t<h5>\n\t\t\t\t\tAnonymous (Bulgaria)\n\t\t\t\t<\/h5>\n\t\t\t<h4>\n\t\t\t\t\t\"The property is nice in a quiet location outside the city. it is comfortable and nice for a couple or small family. it is equipped with kitchen and TV. I recommend this property if you rent a car because there are not many taxis in the area. The owner is nice and lives close by to help with anything, he offered us the sauna on the property.\" (WoodHouse)\n\t\t\t\t<\/h4>\n\t\t\t<h5>\n\t\t\t\t\tAmeena (United Arab Emirates)\n\t\t\t\t<\/h5>\n\t\t\t<h4>\n\t\t\t\t\tIt was a really great holiday, great hosts. Sauna, 2 bathrooms, washing machine, dishwasher and all the necessary equipment. We even got detergent and rinse aid for 4 washing machines and dishwasher tablets. There is a garden, barbecue, everything is perfect. Parking space in front of the door and a few minutes by car to the P+R, from where you can get to Budapest by public transport. We would come back anytime (2 adults and 1 child travelled).\n\t\t\t\t<\/h4>\n\t\t\t\t<img decoding=\"async\" src=\"https:\/\/b48apartment.eu\/wp-content\/uploads\/bb-plugin\/cache\/f8d56752-d4c3-4296-86b4-59a78f60edde-circle.webp\" alt=\"f8d56752-d4c3-4296-86b4-59a78f60edde\" itemprop=\"image\"\/>\n\t\t\t<h5>\n\t\t\t\t\tossilinchen<br \/>&nbsp; (Germany)\n\t\t\t\t<\/h5>\n\t\t\t<h4>\n\t\t\t\t\tZolt\u00e1n and his wife are warm, hospitable and so very kind. They have 4 rental units on their property. (This is the second one I have stayed in.) Having these rentals in a gated area brings an extra sense of safety and peace. And having a new park, a grocery store and a cute little cafe just a short walk away makes this rental a great place for a short getaway.\n\t\t\t\t<\/h4>\n\t\t\t\t<img decoding=\"async\" src=\"https:\/\/b48apartment.eu\/wp-content\/uploads\/bb-plugin\/cache\/29496d2c-2e7e-4fa8-87b2-620f41d553c0-circle.webp\" alt=\"29496d2c-2e7e-4fa8-87b2-620f41d553c0\" itemprop=\"image\"\/>\n\t\t\t<h5>\n\t\t\t\t\tSharon (Slovenia)\n\t\t\t\t<\/h5>\n\t\t\t<h4>\n\t\t\t\t\t\"Apartment in a quiet location, but still very close to Budapest (10 minutes). The apartment is very comfortably furnished and equipped with everything (washing machine, stove-oven, coffee maker, air conditioning, TV, Wifi, terrace, etc.) and very clean! The host Zolt\u00e1n is very polite, courteous and helpful and speaks perfect German. We would love to come again!\" (BigFlat)\n\t\t\t\t<\/h4>\n\t\t\t\t<img decoding=\"async\" src=\"https:\/\/b48apartment.eu\/wp-content\/uploads\/bb-plugin\/cache\/mozes-circle.png\" alt=\"mozes\" itemprop=\"image\"\/>\n\t\t\t<h5>\n\t\t\t\t\tMozes (Hungarian)\n\t\t\t\t<\/h5>\n\t\t\t<h4>\n\t\t\t\t\t\"Very nice nice clean apartment The hosts are very friendly I can recommend it to everyone we will be happy to come back.\" (BigFlat)\n\t\t\t\t<\/h4>\n\t\t\t<h5>\n\t\t\t\t\tGabor (German)\n\t\t\t\t<\/h5>\n\t\t\t<h4>\n\t\t\t\t\t\"Zoltan is a great host and we highly recommend this accommodation. Everything was easy and simple, check in was easy. The apartment was super clean and cosy. We only stayed one night, however it would be great for a longer stay. We hope to return one day :)\" (BigFlat)\n\t\t\t\t<\/h4>\n\t\t\t\t<img decoding=\"async\" src=\"https:\/\/b48apartment.eu\/wp-content\/uploads\/bb-plugin\/cache\/Roman_BigFlat-circle.webp\" alt=\"Roman_BigFlat\" itemprop=\"image\"\/>\n\t\t\t<h5>\n\t\t\t\t\tRoman\n\t\t\t\t<\/h5>\n\t\t\t<h4>\n\t\t\t\t\t\"Well furnished apartment. 15 km from the centre of Budapest on the motorway. Perfect for families. Owner is helpful. Clean, comfortable beds. Can only recommend\" (BigFlat)\n\t\t\t\t<\/h4>\n\t\t\t\t<img decoding=\"async\" src=\"https:\/\/b48apartment.eu\/wp-content\/uploads\/bb-plugin\/cache\/smit-circle.jpg\" alt=\"smit\" itemprop=\"image\"\/>\n\t\t\t<h5>\n\t\t\t\t\tJi\u0159\u00ed (Czech Republic)\n\t\t\t\t<\/h5>\n\t\t\t<h4>\n\t\t\t\t\t\"Beautiful, spacious, clean and modern apartment. We were very happy with everything. The hosts were also very nice.\" (BigFlat)\n\t\t\t\t<\/h4>\n\t\t\t\t<img decoding=\"async\" src=\"https:\/\/b48apartment.eu\/wp-content\/uploads\/bb-plugin\/cache\/marcos-150x150-1-circle.jpg\" alt=\"marcos-150x150\" itemprop=\"image\"\/>\n\t\t\t<h5>\n\t\t\t\t\tZsolt (Hungarian)\n\t\t\t\t<\/h5>\n\t\t\t<h4>\n\t\t\t\t\t\"Cosy, well equipped cottage (dishes, utensils, towels, kitchen equipment, oven, coffee maker, etc.). Clean. Very close to the motorway, good communication. Stocked grocery store literally across the street.\" (WoodHouse)\n\t\t\t\t<\/h4>\n\t\t\t<h5>\n\t\t\t\t\tBeate (Polish)\n\t\t\t\t<\/h5>\n\t\t\t<h5>\n\t\t\t\t\t\"This place was exactly as described: very quiet and not too far from the centre of Budapest. Comfortable, the kitchen is well equipped if you want to prepare your own meals. There is plenty of space and a nice terrace for coffee, reading a book or dining. I recommend this place if you are visiting Budapest. Thank you for everything.\"\n\t\t\t\t<\/h5>\n\t\t\t\t<img decoding=\"async\" src=\"https:\/\/b48apartment.eu\/wp-content\/uploads\/bb-plugin\/cache\/239f0062-e2c8-438c-aa45-e095b7da5671-circle.webp\" alt=\"239f0062-e2c8-438c-aa45-e095b7da5671\" itemprop=\"image\"\/>\n\t\t\t<h5>\n\t\t\t\t\tRodica (USA)\n\t\t\t\t<\/h5>\n\t\t\t<h5>\n\t\t\t\t\t\"Absolutely recommended accommodation. The hosts are very friendly and even speak German very well. The apartment is very modern and very clean. The sauna facilities are the icing on the cake. The 15-20 minutes to Budapest is perfect. Overall, the 5 stars are fully deserved! We look forward to the next time.\" (Duplex)\n\t\t\t\t<\/h5>\n\t\t\t<h5>\n\t\t\t\t\tAdam (German)\n\t\t\t\t<\/h5>\n\t\t\t<h5>\n\t\t\t\t\t\"Unfortunately, I cannot leave any feedback on the place as I can only give it five stars. This is not enough. It's much better than a five-star place. Calm, quiet, friendly staff and all the facilities you could possibly need are probably there to serve you. Highly recommended for short and long stays..\" (Duplex)\n\t\t\t\t<\/h5>\n\t\t\t\t<img decoding=\"async\" src=\"https:\/\/b48apartment.eu\/wp-content\/uploads\/bb-plugin\/cache\/Seregley-Akos-circle.png\" alt=\"\u00c1kos Seregley\" itemprop=\"image\"\/>\n\t\t\t<h5>\n\t\t\t\t\tSeregley \u00c1kos (Mo.)\n\t\t\t\t<\/h5>\n\t\t\t<h5>\n\t\t\t\t\t\"We were looking for a quiet little place outside the city centre and Zoltan's AirBnB was the perfect place. Zoltan's warm welcome and generous hospitality let us know that we had found exactly what we were looking for.\" (WoodHouse)\n\t\t\t\t<\/h5>\n\t\t\t\t<img decoding=\"async\" src=\"https:\/\/b48apartment.eu\/wp-content\/uploads\/bb-plugin\/cache\/Sharon-circle.webp\" alt=\"Sharon\" itemprop=\"image\"\/>\n\t\t\t<h5>\n\t\t\t\t\tSharon\n\t\t\t\t<\/h5>\n\t\t\t<h5>\n\t\t\t\t\t\"Everything was super nice! Very nice hosts. We found the house homely, clean and enjoyable! Our dogs enjoyed it too. We made them very welcome! Parking a large car outside the door was no problem either.  Budapest is easily accessible.\" (BigFlat)\n\t\t\t\t<\/h5>\n\t\t\t\t<img decoding=\"async\" src=\"https:\/\/b48apartment.eu\/wp-content\/uploads\/bb-plugin\/cache\/cherryt-150x150-1-circle.jpg\" alt=\"cherryt-150x150\" itemprop=\"image\"\/>\n\t\t\t<h5>\n\t\t\t\t\tVictoria (Netherlands)\n\t\t\t\t<\/h5>\n\t\t\t<h4>\n\t\t\t\t\t\"A wonderfully peaceful place to relax the soul. Great people to help you through the tough times!\" (BigFlat)\n\t\t\t\t<\/h4>\n\t\t\t\t<img decoding=\"async\" src=\"https:\/\/b48apartment.eu\/wp-content\/uploads\/bb-plugin\/cache\/michellep-circle.jpg\" alt=\"michellep\" itemprop=\"image\"\/>\n\t\t\t<h5>\n\t\t\t\t\tKristina (Ukraine)\n\t\t\t\t<\/h5>\n\t\t\t\t<img decoding=\"async\" src=\"http:\/\/b48apartment.eu\/wp-content\/uploads\/2022\/03\/B48_logo_vilagos_alpha.png\" alt=\"B48_logo_vilagos_alpha\" itemprop=\"image\"\/>\n\t\t\t<h2>\n\t\t\t\t\tYou are also cordially invited!\n\t\t\t\t<\/h2>","protected":false},"excerpt":{"rendered":"<p>Feedback from satisfied customers As always, we had a great time. The apartment is simply ideal for our family of four, it has everything we need, it is clean, comfortable and cosy. The hosts are very kind, attentive and always surprise us with something little. We have already booked our summer accommodation and are looking forward to our next holiday in T\u00f6r\u00f6kb\u00e1lint. Everything is great! Krisztina Gause ...<\/p>\n<p class=\"read-more\"> <a class=\"\" href=\"https:\/\/b48apartment.eu\/en\/reviews\/\"> <span class=\"screen-reader-text\">Reviews<\/span> Read More \"<\/a><\/p>","protected":false},"author":1,"featured_media":0,"parent":0,"menu_order":0,"comment_status":"closed","ping_status":"closed","template":"","meta":{"site-sidebar-layout":"no-sidebar","site-content-layout":"page-builder","ast-global-header-display":"","ast-main-header-display":"","ast-hfb-above-header-display":"","ast-hfb-below-header-display":"","ast-hfb-mobile-header-display":"","site-post-title":"disabled","ast-breadcrumbs-content":"","ast-featured-img":"disabled","footer-sml-layout":"","theme-transparent-header-meta":"enabled","adv-header-id-meta":"","stick-header-meta":"","header-above-stick-meta":"","header-main-stick-meta":"","header-below-stick-meta":"","ngg_post_thumbnail":0,"footnotes":""},"class_list":["post-16","page","type-page","status-publish","hentry"],"_links":{"self":[{"href":"https:\/\/b48apartment.eu\/en\/wp-json\/wp\/v2\/pages\/16","targetHints":{"allow":["GET"]}}],"collection":[{"href":"https:\/\/b48apartment.eu\/en\/wp-json\/wp\/v2\/pages"}],"about":[{"href":"https:\/\/b48apartment.eu\/en\/wp-json\/wp\/v2\/types\/page"}],"author":[{"embeddable":true,"href":"https:\/\/b48apartment.eu\/en\/wp-json\/wp\/v2\/users\/1"}],"replies":[{"embeddable":true,"href":"https:\/\/b48apartment.eu\/en\/wp-json\/wp\/v2\/comments?post=16"}],"version-history":[{"count":0,"href":"https:\/\/b48apartment.eu\/en\/wp-json\/wp\/v2\/pages\/16\/revisions"}],"wp:attachment":[{"href":"https:\/\/b48apartment.eu\/en\/wp-json\/wp\/v2\/media?parent=16"}],"curies":[{"name":"wp","href":"https:\/\/api.w.org\/{rel}","templated":true}]}}