{"id":1296,"date":"2024-02-10T19:44:53","date_gmt":"2024-02-10T18:44:53","guid":{"rendered":"https:\/\/b48apartment.eu\/?page_id=1296"},"modified":"2024-02-10T19:45:39","modified_gmt":"2024-02-10T18:45:39","slug":"impress-4","status":"publish","type":"page","link":"https:\/\/b48apartment.eu\/en\/impress-4\/","title":{"rendered":"Cookie policy"},"content":{"rendered":"<h1>\n\t\t\t\t\tCookie policy\n\t\t\t\t<\/h1>\n\t<p><em>This Cookie Policy was last updated on February 10, 2024, and applies to citizens and residents of the European Economic Area and Switzerland.<\/em><\/p>\n<ol>\n<li><strong> introduction<\/strong><\/li>\n<\/ol>\n<p>Our website, <a href=\"https:\/\/b48apartment.eu\/en\/\">https:\/\/b48apartment.eu<\/a> (a tov\u00e1bbiakban: &#8222;a weboldal&#8221;) cookie-kat \u00e9s m\u00e1s kapcsol\u00f3d\u00f3 technol\u00f3gi\u00e1kat haszn\u00e1l (az egyszer\u0171s\u00e9g kedv\u00e9\u00e9rt minden technol\u00f3gi\u00e1ra &#8222;cookie-k\u00e9nt&#8221; hivatkozunk). S\u00fctiket az \u00e1ltalunk megb\u00edzott harmadik felek is elhelyeznek. Az al\u00e1bbi dokumentumban t\u00e1j\u00e9koztatjuk \u00d6nt a cookie-k weboldalunkon t\u00f6rt\u00e9n\u0151 haszn\u00e1lat\u00e1r\u00f3l.<\/p>\n<p><strong>2 What are cookies?<\/strong><\/p>\n<p>A cookie is a simple little file that is sent along with the web page and can be stored by your web browser on your computer or other device. The information stored in it can be sent back to our servers or the servers of the relevant third-party providers during subsequent visits.<\/p>\n<ol start=\"3\">\n<li><strong> What are scripts?<\/strong><\/li>\n<\/ol>\n<p>A script is a piece of program code that we use to make our website functional and interactive. This code is executed on our servers or on your device.<\/p>\n<p><strong>4 What is a web beacon?<\/strong><\/p>\n<p>A web beacon (also known as a pixel tag) is a small invisible piece of text or image on a web page that is used to track website traffic. To do this, web beacons store various data about you.<\/p>\n<ol start=\"5\">\n<li><strong> cookies<\/strong><\/li>\n<\/ol>\n<p><strong>5.1 Technical or functional cookies<\/strong><\/p>\n<p>Some cookies ensure that certain parts of our website function properly and that your user settings remain known. Functional cookies make it easier for you to visit our website. For example, you do not have to repeatedly enter the same information when you visit our website, or your items remain in your shopping cart until you pay. We may place these cookies without your consent.<\/p>\n<p><strong>5.2 Analytical cookies<\/strong><\/p>\n<p>We use analytical cookies to optimize the user experience on our website. These analytical cookies give us insight into how our website is used. We ask for your permission to place analytical cookies.<\/p>\n<p><strong>5.3 Marketing\/tracking cookies<\/strong><\/p>\n<p>Marketing\/tracking cookies are cookies or other local storage forms used to create user profiles in order to display advertisements or track users across this website or across multiple websites for similar marketing purposes.<\/p>\n<ol start=\"6\">\n<li><strong> placed cookies<\/strong><\/li>\n<\/ol>\n<p><strong>CloudFlare<\/strong><\/p>\n<p>Functional<\/p>\n<p>Contribution to the Cloudflare service<\/p>\n<p><strong>Google fonts<\/strong><\/p>\n<p>Marketing<\/p>\n<p>Contribution to the Google Fonts service<\/p>\n<p><strong>Other<\/strong><\/p>\n<p>Subject of the investigation<\/p>\n<p>Contribution to other services<\/p>\n<ol start=\"7\">\n<li><strong> contribution<\/strong><\/li>\n<\/ol>\n<p>Amikor el\u0151sz\u00f6r l\u00e1togat el a weboldalunkra, egy felugr\u00f3 ablakot jelen\u00edt\u00fcnk meg, amely a s\u00fctikr\u0151l ad magyar\u00e1zatot. Amint a &#8222;Be\u00e1ll\u00edt\u00e1sok ment\u00e9se&#8221; gombra kattint, hozz\u00e1j\u00e1rul\u00e1s\u00e1t adja ahhoz, hogy az \u00d6n \u00e1ltal kiv\u00e1lasztott \u00f6sszes cookie-kateg\u00f3ri\u00e1t \u00e9s b\u0151v\u00edtm\u00e9nyt a jelen cookie-nyilatkozatban le\u00edrtak szerint haszn\u00e1lhassuk. B\u00f6ng\u00e9sz\u0151j\u00e9n kereszt\u00fcl letilthatja a cookie-k haszn\u00e1lat\u00e1t, de k\u00e9rj\u00fck, vegye figyelembe, hogy ebben az esetben el\u0151fordulhat, hogy weboldalunk nem m\u0171k\u00f6dik megfelel\u0151en.<\/p>\n<p><strong>7.1 Managing consent settings<\/strong><\/p>\n<p>You have loaded the cookie policy without JavaScript support. Under AMP, you can use the consent button at the bottom of the page.<\/p>\n<ol start=\"8\">\n<li><strong> activating\/deactivating and deleting cookies<\/strong><\/li>\n<\/ol>\n<p>You can delete cookies automatically or manually using your web browser. You can also specify that certain cookies should not be stored. Another option is to set your web browser to notify you each time a cookie is stored. For more information about these options, please refer to the instructions in your browser's help section.<\/p>\n<p>Please note that our website will not function properly if you disable all cookies. If you delete cookies from your browser, they will be placed again when you visit our website again.<\/p>\n<ol start=\"9\">\n<li><strong> Your rights regarding your personal data<\/strong><\/li>\n<\/ol>\n<p>You have the following rights regarding your personal data:<\/p>\n<ul>\n<li>You have the right to know why your personal data is being used, what happens to it, and how long it is stored.<\/li>\n<li>Right of access: You have the right to access your personal data known to us.<\/li>\n<li>Right to rectification: You have the right to modify, correct, delete, or block your personal data at any time.<\/li>\n<li>If you have given us your consent to process your data, you have the right to withdraw this consent and have your personal data deleted.<\/li>\n<li>Right to data portability: You have the right to request all your personal data from one data controller and transfer it in its entirety to another data controller.<\/li>\n<li>Right to object: You may object to the processing of your data. We will comply with this unless there are legitimate grounds for processing.<\/li>\n<\/ul>\n<p>To exercise these rights, please contact us. Please refer to the contact details at the end of this cookie statement. If you have a complaint about how we handle your data, we would be happy to hear from you, but you also have the right to contact the supervisory authority (the data protection authority).<\/p>\n<ol start=\"10\">\n<li><strong> contact details<\/strong><\/li>\n<\/ol>\n<p>If you have any questions and\/or comments regarding our cookie policy and this statement, please contact us at the following addresses:<\/p>\nBrigitta Kov\u00e1cs<br \/>\n2045 T\u00f6r\u00f6kb\u00e1lint, Baross utca 48<br \/>\nHungary<br \/>\nWebsite: <a href=\"https:\/\/b48apartment.eu\/en\/\">https:\/\/b48apartment.eu<\/a><br \/>\nEmail: ue.tnemtrapa84b@ofni<br \/>\nPhone number: +36-20-456-9779\n<p>This cookie policy was synchronized on February 10, 2024, with the <a href=\"https:\/\/cookiedatabase.org\/\">cookiedatabase.org website.<\/a><\/p>\n<p>&nbsp;<\/p>\n\t<h2>\n\t\t\t\t\t4\n\t\t\t\t<\/h2>\n\t\t\t<p>apartment for rent available<\/p>\n\t<h2>\n\t\t\t\t\t20\n\t\t\t\t<\/h2>\n\t\t\t<p>guests can sleep in comfort<\/p>\n\t<h2>\n\t\t\t\t\t15\n\t\t\t\t<\/h2>\n\t\t\t<p>we received visitors from<\/p>\n\t<h2>\n\t\t\t\t\t300+\n\t\t\t\t<\/h2>\n\t\t\t<p>guest staying with us<\/p>\n\t<h3>\n\t\t\t\t\tWe thank you in advance for your suggestions and feedback.\n\t\t\t\t<\/h3>\n\t\t\t\t<img decoding=\"async\" src=\"https:\/\/b48apartment.eu\/wp-content\/uploads\/bb-plugin\/cache\/Viber-Bild_2022-04-16_11-40-03-130-300x225-square.jpg\" alt=\"Viber-Bild_2022-04-16_11-40-03-130\" itemprop=\"image\"\/>\n\t<h5>\n\t\t\t\t\tBrigitta and Zolt\u00e1n Kov\u00e1cs\n\t\t\t\t<\/h5>\n\t\t\t<p>Homeowners<\/p>","protected":false},"excerpt":{"rendered":"<p>Cookie-szab\u00e1lyzat A jelen Cookie-szab\u00e1lyzatot legut\u00f3bb 2024. febru\u00e1r 10-\u00e9n friss\u00edtett\u00e9k, \u00e9s az Eur\u00f3pai Gazdas\u00e1gi T\u00e9rs\u00e9g \u00e9s Sv\u00e1jc polg\u00e1raira \u00e9s lakosaira vonatkozik. bevezet\u00e9s Weboldalunk, a https:\/\/b48apartment.eu (a tov\u00e1bbiakban: &#8222;a weboldal&#8221;) cookie-kat \u00e9s m\u00e1s kapcsol\u00f3d\u00f3 technol\u00f3gi\u00e1kat haszn\u00e1l (az egyszer\u0171s\u00e9g kedv\u00e9\u00e9rt minden technol\u00f3gi\u00e1ra &#8222;cookie-k\u00e9nt&#8221; hivatkozunk). S\u00fctiket az \u00e1ltalunk megb\u00edzott harmadik felek is elhelyeznek. Az al\u00e1bbi dokumentumban t\u00e1j\u00e9koztatjuk \u00d6nt a &hellip;<\/p>\n<p class=\"read-more\"> <a class=\"\" href=\"https:\/\/b48apartment.eu\/en\/impress-4\/\"> <span class=\"screen-reader-text\">Cookie policy<\/span> Read More \"<\/a><\/p>","protected":false},"author":1,"featured_media":0,"parent":0,"menu_order":0,"comment_status":"closed","ping_status":"closed","template":"","meta":{"site-sidebar-layout":"no-sidebar","site-content-layout":"page-builder","ast-global-header-display":"","ast-main-header-display":"","ast-hfb-above-header-display":"","ast-hfb-below-header-display":"","ast-hfb-mobile-header-display":"","site-post-title":"disabled","ast-breadcrumbs-content":"","ast-featured-img":"disabled","footer-sml-layout":"","theme-transparent-header-meta":"enabled","adv-header-id-meta":"","stick-header-meta":"","header-above-stick-meta":"","header-main-stick-meta":"","header-below-stick-meta":"","ngg_post_thumbnail":0,"footnotes":""},"class_list":["post-1296","page","type-page","status-publish","hentry"],"_links":{"self":[{"href":"https:\/\/b48apartment.eu\/en\/wp-json\/wp\/v2\/pages\/1296","targetHints":{"allow":["GET"]}}],"collection":[{"href":"https:\/\/b48apartment.eu\/en\/wp-json\/wp\/v2\/pages"}],"about":[{"href":"https:\/\/b48apartment.eu\/en\/wp-json\/wp\/v2\/types\/page"}],"author":[{"embeddable":true,"href":"https:\/\/b48apartment.eu\/en\/wp-json\/wp\/v2\/users\/1"}],"replies":[{"embeddable":true,"href":"https:\/\/b48apartment.eu\/en\/wp-json\/wp\/v2\/comments?post=1296"}],"version-history":[{"count":0,"href":"https:\/\/b48apartment.eu\/en\/wp-json\/wp\/v2\/pages\/1296\/revisions"}],"wp:attachment":[{"href":"https:\/\/b48apartment.eu\/en\/wp-json\/wp\/v2\/media?parent=1296"}],"curies":[{"name":"wp","href":"https:\/\/api.w.org\/{rel}","templated":true}]}}