{"id":837,"date":"2022-03-12T18:36:56","date_gmt":"2022-03-12T17:36:56","guid":{"rendered":"https:\/\/b48apartment.eu\/?page_id=837"},"modified":"2025-11-23T11:56:48","modified_gmt":"2025-11-23T10:56:48","slug":"simplex","status":"publish","type":"page","link":"https:\/\/b48apartment.eu\/de\/simplex\/","title":{"rendered":"Simplex"},"content":{"rendered":"<h6>\n\t\t\t\t\tUnsere neueste Apartment-Option f\u00fcr eine Familie mit bis zu f\u00fcnf Personen\n\t\t\t\t<\/h6>\n\t\t\t<h1>\n\t\t\t\t\tSIMPLEX\n\t\t\t\t<\/h1>\n<h6>\n\t\t<a href=\"#gal_simplex\" title=\"\u27a4 Mehr Bilder sehen\" target=\"_self\" rel=\"noopener\">\n\t\t\t\u27a4 Mehr Bilder sehen\t\t<\/a>\n\t<\/h6>\n<h6>\n\t\t<a href=\"#booking_simplex\" title=\"\u27a4 Wohnung buchen\" target=\"_self\" rel=\"noopener\">\n\t\t\t\u27a4 Wohnung buchen\t\t<\/a>\n\t<\/h6>\n\t\t\t<h3>\n\t\t\t\t\tElegante Unterkunft f\u00fcr eine Familie mit bis zu f\u00fcnf Personen\n\t\t\t\t<\/h3>\n\t\t\t<p>Unser Apartment im Innenhof ist einst\u00f6ckig, so dass Sie problemlos zwischen Schlafzimmer, Wohnzimmer, K\u00fcche, Bad und Esszimmer wechseln k\u00f6nnen. Unsere separaten Schlafzimmer sind mit Doppel- und Einzelbetten ausgestattet, w\u00e4hrend unser Wohnzimmer \u00fcber ein Doppelschlafsofa verf\u00fcgt. Unsere voll ausgestattete K\u00fcche, die Waschmaschine und der W\u00e4schetrockner werden alle Bed\u00fcrfnisse von Familien befriedigen, die f\u00fcr l\u00e4ngere Zeit bei uns bleiben! In unserer finnischen Sauna f\u00fcr 8 Personen k\u00f6nnen Sie sich nach einem anstrengenden Arbeitstag entspannen. Unser Parajdi-Salzraum verw\u00f6hnt Sie mit Meersalzluft. Schnappen Sie sich Ihren Laptop und arbeiten Sie ein paar Stunden drinnen... Ihre Lungen werden Ihnen die Pflege danken! \ud83d\ude42<\/p>\n\t<h3>VIRTUELLE BETRACHTUNG<\/h3>\n<p>die verwendete StreetView-Technologie erm\u00f6glicht es Ihnen, unsere Zimmer zu besichtigen und teilweise die Atmosph\u00e4re und das Ambiente der Apartments zu erleben.<\/p>\n\t<iframe src=\"https:\/\/www.google.com\/maps\/embed?pb=!4v1698608579905!6m8!1m7!1sCAoSLEFGMVFpcE9pQ0tiSXJUNHVhanRtZmNyelRlNGRqQ3Bwc1hGR192aEpqamgt!2m2!1d47.4358098727287!2d18.91499913281623!3f265.6030797000538!4f-15.017759083123892!5f0.7820865974627469\" width=\"1000\" height=\"500\" allowfullscreen=\"\" loading=\"lazy\" referrerpolicy=\"no-referrer-when-downgrade\"><\/iframe>\n\t\t\t<h2>\n\t\t\t\t\tWohnzimmer-K\u00fcche-Esszimmer\n\t\t\t\t<\/h2>\n\t\t\t\t<img decoding=\"async\" src=\"http:\/\/b48apartment.eu\/wp-content\/uploads\/2025\/02\/15-_DSC7186-scaled.jpg\" alt=\"15-_DSC7186\" itemprop=\"image\" title=\"15-_DSC7186\" onerror=\"this.style.display='none'\" loading=\"lazy\" \/>\n\t\t\t\t<img decoding=\"async\" src=\"http:\/\/b48apartment.eu\/wp-content\/uploads\/2025\/02\/Nappali_kinyithato_kanape_160x200-scaled.jpg\" alt=\"Living_room_sofa_sofa_160x200\" itemprop=\"image\" title=\"Living_room_sofa_sofa_160x200\" onerror=\"this.style.display='none'\" loading=\"lazy\" \/>\n\t\t\t<h2>\n\t\t\t\t\tSchlafzimmer-Garderobe\n\t\t\t\t<\/h2>\n\t\t\t\t<img decoding=\"async\" src=\"http:\/\/b48apartment.eu\/wp-content\/uploads\/2025\/02\/Szuloi_halo_160x200_kilatassal_a_fedett_teraszra-scaled.jpg\" alt=\"Elternnetz_160x200_mit_Blick_auf_die_\u00fcberdachte_Terrasse\" itemprop=\"image\" title=\"Elternnetz_160x200_mit_Blick_auf_die_\u00fcberdachte_Terrasse\" onerror=\"this.style.display='none'\" loading=\"lazy\" \/>\n\t\t\t\t<img decoding=\"async\" src=\"http:\/\/b48apartment.eu\/wp-content\/uploads\/2025\/02\/19-_DSC7194-scaled.jpg\" alt=\"19-_DSC7194\" itemprop=\"image\" title=\"19-_DSC7194\" onerror=\"this.style.display='none'\" loading=\"lazy\" \/>\n\t\t\t<h2>\n\t\t\t\t\tBadezimmer\n\t\t\t\t<\/h2>\n\t\t\t\t<img decoding=\"async\" src=\"http:\/\/b48apartment.eu\/wp-content\/uploads\/2025\/02\/18-_DSC7193-scaled.jpg\" alt=\"18-_DSC7193\" itemprop=\"image\" title=\"18-_DSC7193\" onerror=\"this.style.display='none'\" loading=\"lazy\" \/>\n<h2>\n\t\t\tTerrasse und Sauna\t<\/h2>\n\t\t\t\t<img decoding=\"async\" src=\"http:\/\/b48apartment.eu\/wp-content\/uploads\/2025\/02\/Fedett_terasz_este_szaunaval-scaled.jpg\" alt=\"\u00dcberdachte_Terrasse_mit_Au\u00dfensauna\" itemprop=\"image\" title=\"\u00dcberdachte_Terrasse_mit_Au\u00dfensauna\" onerror=\"this.style.display='none'\" loading=\"lazy\" \/>\n\t\t\t<h2>\n\t\t\t\t\tReservierungen\n\t\t\t\t<\/h2>","protected":false},"excerpt":{"rendered":"<p>Unsere neueste Apartment-Option f\u00fcr eine bis zu f\u00fcnfk\u00f6pfige Familie SIMPLEX \u27a4 Mehr sehen \u27a4 Jetzt buchen Stilvolle Unterkunft f\u00fcr eine bis zu f\u00fcnfk\u00f6pfige Familie Unser Apartment im Innenhof ist ein einst\u00f6ckiges Apartment mit ungehindertem Zugang zwischen unseren Schlafzimmern, dem Wohnzimmer, der K\u00fcche, dem Bad und dem Esszimmer. Separate Schlafzimmer mit Doppel- und Einzelbetten und ein Doppelschlafsofa im Wohnzimmer. Unsere voll ausgestattete K\u00fcche, Waschk\u00fcche und ...<\/p>\n<p class=\"read-more\"> <a class=\"\" href=\"https:\/\/b48apartment.eu\/de\/simplex\/\"> <span class=\"screen-reader-text\">Simplex<\/span> Mehr lesen \"<\/a><\/p>","protected":false},"author":1,"featured_media":0,"parent":0,"menu_order":0,"comment_status":"closed","ping_status":"closed","template":"","meta":{"site-sidebar-layout":"no-sidebar","site-content-layout":"page-builder","ast-global-header-display":"","ast-main-header-display":"","ast-hfb-above-header-display":"","ast-hfb-below-header-display":"","ast-hfb-mobile-header-display":"","site-post-title":"disabled","ast-breadcrumbs-content":"","ast-featured-img":"disabled","footer-sml-layout":"","theme-transparent-header-meta":"enabled","adv-header-id-meta":"","stick-header-meta":"","header-above-stick-meta":"","header-main-stick-meta":"","header-below-stick-meta":"","ngg_post_thumbnail":0,"footnotes":""},"class_list":["post-837","page","type-page","status-publish","hentry"],"_links":{"self":[{"href":"https:\/\/b48apartment.eu\/de\/wp-json\/wp\/v2\/pages\/837","targetHints":{"allow":["GET"]}}],"collection":[{"href":"https:\/\/b48apartment.eu\/de\/wp-json\/wp\/v2\/pages"}],"about":[{"href":"https:\/\/b48apartment.eu\/de\/wp-json\/wp\/v2\/types\/page"}],"author":[{"embeddable":true,"href":"https:\/\/b48apartment.eu\/de\/wp-json\/wp\/v2\/users\/1"}],"replies":[{"embeddable":true,"href":"https:\/\/b48apartment.eu\/de\/wp-json\/wp\/v2\/comments?post=837"}],"version-history":[{"count":0,"href":"https:\/\/b48apartment.eu\/de\/wp-json\/wp\/v2\/pages\/837\/revisions"}],"wp:attachment":[{"href":"https:\/\/b48apartment.eu\/de\/wp-json\/wp\/v2\/media?parent=837"}],"curies":[{"name":"wp","href":"https:\/\/api.w.org\/{rel}","templated":true}]}}