{"id":702,"date":"2022-02-12T12:25:57","date_gmt":"2022-02-12T11:25:57","guid":{"rendered":"https:\/\/b48apartment.eu\/?page_id=702"},"modified":"2026-02-10T10:46:00","modified_gmt":"2026-02-10T09:46:00","slug":"lakasok","status":"publish","type":"page","link":"https:\/\/b48apartment.eu\/de\/lakasok\/","title":{"rendered":"Wohnungen"},"content":{"rendered":"<h6>\n\t\t\t\t\tSiehe modern und doch gem\u00fctlich\n\t\t\t\t<\/h6>\n\t\t\t<h1>\n\t\t\t\t\tUnsere Traumh\u00e4user\n\t\t\t\t<\/h1>\n\t\t\t<h2>\n\t\t\t\t\t\"Unsere Angebote decken alle Ihre Bed\u00fcrfnisse ab: Gesch\u00e4ftsreisen von 1 - 2 Tagen oder Familienurlaube\"\n\t\t\t\t<\/h2>\n\t\t\t<h2>\n\t\t\t\t\tBIGFLAT\n\t\t\t\t<\/h2>\n\t\t\t\t<img decoding=\"async\" src=\"http:\/\/b48apartment.eu\/wp-content\/uploads\/2025\/02\/10-_DSC7177-scaled.jpg\" alt=\"10_DSC7177\" itemprop=\"image\" title=\"10_DSC7177\" onerror=\"this.style.display='none'\"  \/>\n\t\t\t\t<img decoding=\"async\" src=\"http:\/\/b48apartment.eu\/wp-content\/uploads\/2025\/02\/Bigflat-tersz-szauna-nelkul-scaled.jpg\" alt=\"Bigflat wagen ohne Sauna\" itemprop=\"image\" title=\"Bigflat wagen ohne Sauna\" onerror=\"this.style.display='none'\"  \/>\n\t\t\t\t<img decoding=\"async\" src=\"http:\/\/b48apartment.eu\/wp-content\/uploads\/2025\/02\/Szuloi_halo_180x200-scaled.jpg\" alt=\"Elterliches_netz_180x200\" itemprop=\"image\" title=\"Elterliches_netz_180x200\" onerror=\"this.style.display='none'\"  \/>\n\t\t\t<a href=\"https:\/\/b48apartment.eu\/de\/bigflat\/\" target=\"_blank\" rel=\"noopener\">\n\t\t\t\t\t\t\tMehr lesen\n\t\t\t\t\t<\/a>\n\t\t\t<h2>\n\t\t\t\t\tDUPLEX\n\t\t\t\t<\/h2>\n\t\t\t\t<img decoding=\"async\" src=\"http:\/\/b48apartment.eu\/wp-content\/uploads\/2025\/02\/27-_DSC7214-scaled.jpg\" alt=\"27-_DSC7214\" itemprop=\"image\" title=\"27-_DSC7214\" onerror=\"this.style.display='none'\"  \/>\n\t\t\t\t<img decoding=\"async\" src=\"http:\/\/b48apartment.eu\/wp-content\/uploads\/2025\/02\/Szuloi-halo_160x200--scaled.jpg\" alt=\"Schlafzimmer der Eltern_160x200\" itemprop=\"image\" title=\"Schlafzimmer der Eltern_160x200\" onerror=\"this.style.display='none'\"  \/>\n\t\t\t\t<img decoding=\"async\" src=\"https:\/\/b48apartment.eu\/wp-content\/plugins\/beaver-builder-lite-version\/img\/pixel.png\" alt=\"\" itemprop=\"image\" onerror=\"this.style.display='none'\"  \/>\n\t\t\t\t<img decoding=\"async\" src=\"http:\/\/b48apartment.eu\/wp-content\/uploads\/2025\/02\/Pad-es-szauna-scaled.jpg\" alt=\"Kissen und Sauna\" itemprop=\"image\" title=\"Kissen und Sauna\" onerror=\"this.style.display='none'\"  \/>\n\t\t\t<a href=\"https:\/\/b48apartment.eu\/de\/duplex\/\" target=\"_blank\" rel=\"noopener\">\n\t\t\t\t\t\t\tMehr lesen\n\t\t\t\t\t<\/a>\n\t\t\t<h2>\n\t\t\t\t\tGARDENHOUSE\n\t\t\t\t<\/h2>\n\t\t\t<a href=\"https:\/\/b48apartment.eu\/de\/holzhaus\/\" target=\"_blank\" rel=\"noopener\">\n\t\t\t\t\t\t\tMehr lesen\n\t\t\t\t\t<\/a>\n\t\t\t\t<img decoding=\"async\" src=\"http:\/\/b48apartment.eu\/wp-content\/uploads\/2025\/02\/48-_DSC7257-scaled.jpg\" alt=\"48-_DSC7257\" itemprop=\"image\" title=\"48-_DSC7257\" onerror=\"this.style.display='none'\"  \/>\n\t\t\t\t<img decoding=\"async\" src=\"http:\/\/b48apartment.eu\/wp-content\/uploads\/2025\/02\/49-_DSC7258-scaled.jpg\" alt=\"49-_DSC7258\" itemprop=\"image\" title=\"49-_DSC7258\" onerror=\"this.style.display='none'\"  \/>\n\t\t\t\t<img decoding=\"async\" src=\"http:\/\/b48apartment.eu\/wp-content\/uploads\/2025\/02\/42-_DSC7246-scaled.jpg\" alt=\"42-_DSC7246\" itemprop=\"image\" title=\"42-_DSC7246\" onerror=\"this.style.display='none'\"  \/>\n\t\t\t<h2>\n\t\t\t\t\tSIMPLEX\n\t\t\t\t<\/h2>\n\t\t\t<a href=\"https:\/\/b48apartment.eu\/de\/simplex\/\" target=\"_blank\" rel=\"noopener\">\n\t\t\t\t\t\t\tMehr lesen\n\t\t\t\t\t<\/a>\n\t\t\t\t<img decoding=\"async\" src=\"http:\/\/b48apartment.eu\/wp-content\/uploads\/2025\/02\/15-_DSC7186-scaled.jpg\" alt=\"15-_DSC7186\" itemprop=\"image\" title=\"15-_DSC7186\" onerror=\"this.style.display='none'\"  \/>\n\t\t\t\t<img decoding=\"async\" src=\"http:\/\/b48apartment.eu\/wp-content\/uploads\/2025\/02\/Szuloi_halo_160x200_kilatassal_a_fedett_teraszra-scaled.jpg\" alt=\"Elternnetz_160x200_mit_Blick_auf_die_\u00fcberdachte_Terrasse\" itemprop=\"image\" title=\"Elternnetz_160x200_mit_Blick_auf_die_\u00fcberdachte_Terrasse\" onerror=\"this.style.display='none'\"  \/>\n\t\t\t\t<img decoding=\"async\" src=\"http:\/\/b48apartment.eu\/wp-content\/uploads\/2025\/02\/Fedett_terasz_este_szaunaval-scaled.jpg\" alt=\"\u00dcberdachte_Terrasse_mit_Au\u00dfensauna\" itemprop=\"image\" title=\"\u00dcberdachte_Terrasse_mit_Au\u00dfensauna\" onerror=\"this.style.display='none'\"  \/>","protected":false},"excerpt":{"rendered":"<p>Werfen Sie einen Blick auf unsere modernen und doch gem\u00fctlichen Dream Apartments \"unsere Angebote decken alle Bed\u00fcrfnisse ab: Gesch\u00e4ftsreise f\u00fcr 1 - 2 Tage oder Familienurlaub\" BIGFLAT Lesen Sie mehr DUPLEX Lesen Sie mehr GARDENHOUSE Lesen Sie mehr SIMPLEX Lesen Sie mehr<\/p>","protected":false},"author":1,"featured_media":0,"parent":0,"menu_order":0,"comment_status":"closed","ping_status":"closed","template":"","meta":{"site-sidebar-layout":"no-sidebar","site-content-layout":"page-builder","ast-global-header-display":"","ast-main-header-display":"","ast-hfb-above-header-display":"","ast-hfb-below-header-display":"","ast-hfb-mobile-header-display":"","site-post-title":"disabled","ast-breadcrumbs-content":"","ast-featured-img":"disabled","footer-sml-layout":"","theme-transparent-header-meta":"enabled","adv-header-id-meta":"","stick-header-meta":"","header-above-stick-meta":"","header-main-stick-meta":"","header-below-stick-meta":"","ngg_post_thumbnail":0,"footnotes":""},"class_list":["post-702","page","type-page","status-publish","hentry"],"_links":{"self":[{"href":"https:\/\/b48apartment.eu\/de\/wp-json\/wp\/v2\/pages\/702","targetHints":{"allow":["GET"]}}],"collection":[{"href":"https:\/\/b48apartment.eu\/de\/wp-json\/wp\/v2\/pages"}],"about":[{"href":"https:\/\/b48apartment.eu\/de\/wp-json\/wp\/v2\/types\/page"}],"author":[{"embeddable":true,"href":"https:\/\/b48apartment.eu\/de\/wp-json\/wp\/v2\/users\/1"}],"replies":[{"embeddable":true,"href":"https:\/\/b48apartment.eu\/de\/wp-json\/wp\/v2\/comments?post=702"}],"version-history":[{"count":0,"href":"https:\/\/b48apartment.eu\/de\/wp-json\/wp\/v2\/pages\/702\/revisions"}],"wp:attachment":[{"href":"https:\/\/b48apartment.eu\/de\/wp-json\/wp\/v2\/media?parent=702"}],"curies":[{"name":"wp","href":"https:\/\/api.w.org\/{rel}","templated":true}]}}