{"id":691,"date":"2022-02-12T12:18:18","date_gmt":"2022-02-12T11:18:18","guid":{"rendered":"https:\/\/b48apartment.eu\/?page_id=691"},"modified":"2025-02-17T12:24:00","modified_gmt":"2025-02-17T11:24:00","slug":"holzhaus","status":"publish","type":"page","link":"https:\/\/b48apartment.eu\/de\/holzhaus\/","title":{"rendered":"WoodHouse"},"content":{"rendered":"<h6>\n\t\t\t\t\tKompakte L\u00f6sung - f\u00fcr gro\u00dfe Bed\u00fcrfnisse\n\t\t\t\t<\/h6>\n\t\t\t<h1>\n\t\t\t\t\tGARDENHOUSE\n\t\t\t\t<\/h1>\n<h6>\n\t\t<a href=\"#gal_woodhouse\" title=\"\u27a4 Mehr Bilder sehen\" target=\"_self\" rel=\"noopener\">\n\t\t\u27a4 Mehr Bilder sehen\n\t\t<\/a>\n\t<\/h6>\n<h6>\n\t\t<a href=\"#booking_woodhouse\" title=\"\u27a4 Wohnung buchen\" target=\"_self\" rel=\"noopener\">\n\t\t\u27a4 Wohnung buchen\n\t\t<\/a>\n\t<\/h6>\n\t\t\t<h3>\n\t\t\t\t\teine gem\u00fctliche L\u00f6sung mit vollem Komfort f\u00fcr Paare\n\t\t\t\t<\/h3>\n\t\t\t<p>Ganz am Ende unseres Gartens, mitten im Gr\u00fcnen, haben wir ein Ferienhaus mit einer Verkleidung aus roter Kiefer - einer Holzterrasse. Mit einer kleinen Grundfl\u00e4che, die aber jeden Zentimeter praktisch nutzt, haben wir ein perfekt nutzbares Ferienhaus f\u00fcr eine oder zwei Personen geschaffen. Ein Badezimmer mit Dusche, eine Toilette, eine voll ausgestattete K\u00fcche (Herd, Backofen, Dunstabzugshaube, K\u00fchlschrank, Waschmaschine und Trockner) und eine voll ausgestattete K\u00fcche (Herd, Backofen, Dunstabzugshaube, K\u00fchlschrank, Waschmaschine und Trockner) sorgen f\u00fcr den Komfort von zu Hause, auch bei l\u00e4ngeren Aufenthalten. Die Wohnung ist mit einem Smart TV, schnellem und separatem Internet ausgestattet.  Wenn Sie das bequeme Schlafsofa im Wohnzimmer ausziehen, k\u00f6nnen wir eine 180 x 200 cm gro\u00dfe, perfekt flache, bequem gefederte Schlafecke in Doppelbettqualit\u00e4t schaffen. Im hinteren Garten finden Sie auch die finnische Sauna f\u00fcr 8 Personen, die auch als Parajdi-Salzraum genutzt werden kann, wenn es nicht so hei\u00df ist. Kommen Sie und probieren Sie sie aus!<\/p>\n\t<p>Unser Appartement im \"<em><strong>Buchen.com<\/strong><\/em>\" f\u00fcr das Jahr 2023 in \"<em><strong>Traveller Review Auszeichnungen<\/strong><\/em>\" Auszeichnung. Wir haben eine \"SUPERHOST\"-Bewertung bei AIRBNB!<\/p>\n<p><img loading=\"lazy\" decoding=\"async\" src=\"http:\/\/b48apartment.eu\/wp-content\/uploads\/2023\/01\/Digital-Award-TRA-2023_woodhouse-300x300.png\" alt=\"\" width=\"173\" height=\"173\" \/><\/p>\n\t\t\t<h3>\n\t\t\t\t\tVIRTUELLE BETRACHTUNG\n\t\t\t\t<\/h3>\n\t<p>Die verwendete StreetView-Technologie erm\u00f6glicht es Ihnen, unsere Zimmer zu besichtigen und die Atmosph\u00e4re und das Ambiente der Wohnungen teilweise zu erleben. Sie k\u00f6nnen nicht nur die Position mit den Pfeiltasten \u00e4ndern, sondern auch die R\u00e4ume in 360\u00b0 betrachten, indem Sie die Maus halten und drehen.<\/p>\n\t<iframe src=\"https:\/\/www.google.com\/maps\/embed?pb=!4v1698608902296!6m8!1m7!1sCAoSLEFGMVFpcE5EMS04WThrMlBaUkhjRllQbEh4NUd5eEtPQWN6NmdJX1FqZEVr!2m2!1d47.43571125171769!2d18.91478020594027!3f28.56113466777583!4f-15.158630613117808!5f0.4000000000000002\" width=\"1000\" height=\"500\" allowfullscreen=\"\" loading=\"lazy\" referrerpolicy=\"no-referrer-when-downgrade\"><\/iframe>\n\t\t\t<h2>\n\t\t\t\t\tVorstadtgebiet\n\t\t\t\t<\/h2>\n\t\t\t\t<img decoding=\"async\" src=\"http:\/\/b48apartment.eu\/wp-content\/uploads\/2025\/02\/49-_DSC7258-scaled.jpg\" alt=\"49-_DSC7258\" itemprop=\"image\" title=\"49-_DSC7258\" onerror=\"this.style.display='none'\"  \/>\n\t\t\t\t<img decoding=\"async\" src=\"http:\/\/b48apartment.eu\/wp-content\/uploads\/2025\/02\/Kulso_esti-scaled.jpg\" alt=\"Extern_esti\" itemprop=\"image\" title=\"Extern_esti\" onerror=\"this.style.display='none'\"  \/>\n\t\t\t\t<img decoding=\"async\" src=\"https:\/\/b48apartment.eu\/wp-content\/plugins\/beaver-builder-lite-version\/img\/pixel.png\" alt=\"\" itemprop=\"image\" onerror=\"this.style.display='none'\"  \/>\n\t\t\t<h2>\n\t\t\t\t\tWohnzimmer-K\u00fcche-Esszimmer und Schlafzimmer am Abend\n\t\t\t\t<\/h2>\n\t\t\t\t<img decoding=\"async\" src=\"http:\/\/b48apartment.eu\/wp-content\/uploads\/2025\/02\/48-_DSC7257-scaled.jpg\" alt=\"48-_DSC7257\" itemprop=\"image\" title=\"48-_DSC7257\" onerror=\"this.style.display='none'\"  \/>\n\t\t\t\t<img decoding=\"async\" src=\"http:\/\/b48apartment.eu\/wp-content\/uploads\/2025\/02\/42-_DSC7246-scaled.jpg\" alt=\"42-_DSC7246\" itemprop=\"image\" title=\"42-_DSC7246\" onerror=\"this.style.display='none'\"  \/>\n\t\t\t\t<img decoding=\"async\" src=\"http:\/\/b48apartment.eu\/wp-content\/uploads\/2025\/02\/44-_DSC7251-scaled.jpg\" alt=\"44-_DSC7251\" itemprop=\"image\" title=\"44-_DSC7251\" onerror=\"this.style.display='none'\"  \/>\n\t\t\t<h2>\n\t\t\t\t\tBadezimmer\n\t\t\t\t<\/h2>\n\t\t\t\t<img decoding=\"async\" src=\"http:\/\/b48apartment.eu\/wp-content\/uploads\/2025\/02\/46-_DSC7255-scaled.jpg\" alt=\"46-_DSC7255\" itemprop=\"image\" title=\"46-_DSC7255\" onerror=\"this.style.display='none'\"  \/>\n\t\t\t\t<img decoding=\"async\" src=\"http:\/\/b48apartment.eu\/wp-content\/uploads\/2025\/02\/45-_DSC7254-683x1024.jpg\" alt=\"45-_DSC7254\" itemprop=\"image\" title=\"45-_DSC7254\" onerror=\"this.style.display='none'\"  \/>\n<h2>\n\t\tBarbecue und Sauna\n\t<\/h2>\n\t\t\t\t<img decoding=\"async\" src=\"http:\/\/b48apartment.eu\/wp-content\/uploads\/2025\/02\/Pad-es-szauna-scaled.jpg\" alt=\"Kissen und Sauna\" itemprop=\"image\" title=\"Kissen und Sauna\" onerror=\"this.style.display='none'\"  \/>\n\t\t\t\t<img decoding=\"async\" src=\"http:\/\/b48apartment.eu\/wp-content\/uploads\/2025\/02\/35-_DSC7236-masolata-scaled.jpg\" alt=\"Kopie von 35-_DSC7236\" itemprop=\"image\" title=\"Kopie von 35-_DSC7236\" onerror=\"this.style.display='none'\"  \/>\n\t\t\t<h2>\n\t\t\t\t\tZimmerreservierungen:\n\t\t\t\t<\/h2>\n<h3>\n\t\tDie Wohnung ist an den folgenden Tagen verf\u00fcgbar:\n\t<\/h3>","protected":false},"excerpt":{"rendered":"<p>Eine kompakte L\u00f6sung - f\u00fcr gro\u00dfe Bed\u00fcrfnisse GARDENHOUSE \u27a4 Mehr Bilder sehen \u27a4 Buchen Sie eine Home-away-from-home L\u00f6sung mit vollem Komfort f\u00fcr Paare Ganz am Ende unseres Gartens, im Gr\u00fcnen, finden Sie unser Ferienhaus mit L\u00e4rchenholzverkleidung - Holzterrasse. Mit seiner kleinen Grundfl\u00e4che, aber der praktischen Nutzung jedes Zentimeters, haben wir ein Ferienhaus geschaffen, das perfekt f\u00fcr eine oder zwei Personen ist. Es verf\u00fcgt \u00fcber ein Badezimmer mit Dusche, WC, eine voll ausgestattete K\u00fcche (Herd, Backofen, ...<\/p>\n<p class=\"read-more\"> <a class=\"\" href=\"https:\/\/b48apartment.eu\/de\/holzhaus\/\"> <span class=\"screen-reader-text\">WoodHouse<\/span> Mehr lesen \"<\/a><\/p>","protected":false},"author":1,"featured_media":0,"parent":0,"menu_order":0,"comment_status":"closed","ping_status":"closed","template":"","meta":{"site-sidebar-layout":"no-sidebar","site-content-layout":"page-builder","ast-global-header-display":"","ast-main-header-display":"","ast-hfb-above-header-display":"","ast-hfb-below-header-display":"","ast-hfb-mobile-header-display":"","site-post-title":"disabled","ast-breadcrumbs-content":"","ast-featured-img":"disabled","footer-sml-layout":"","theme-transparent-header-meta":"enabled","adv-header-id-meta":"","stick-header-meta":"","header-above-stick-meta":"","header-main-stick-meta":"","header-below-stick-meta":"","ngg_post_thumbnail":0,"footnotes":""},"class_list":["post-691","page","type-page","status-publish","hentry"],"_links":{"self":[{"href":"https:\/\/b48apartment.eu\/de\/wp-json\/wp\/v2\/pages\/691","targetHints":{"allow":["GET"]}}],"collection":[{"href":"https:\/\/b48apartment.eu\/de\/wp-json\/wp\/v2\/pages"}],"about":[{"href":"https:\/\/b48apartment.eu\/de\/wp-json\/wp\/v2\/types\/page"}],"author":[{"embeddable":true,"href":"https:\/\/b48apartment.eu\/de\/wp-json\/wp\/v2\/users\/1"}],"replies":[{"embeddable":true,"href":"https:\/\/b48apartment.eu\/de\/wp-json\/wp\/v2\/comments?post=691"}],"version-history":[{"count":0,"href":"https:\/\/b48apartment.eu\/de\/wp-json\/wp\/v2\/pages\/691\/revisions"}],"wp:attachment":[{"href":"https:\/\/b48apartment.eu\/de\/wp-json\/wp\/v2\/media?parent=691"}],"curies":[{"name":"wp","href":"https:\/\/api.w.org\/{rel}","templated":true}]}}