{"id":687,"date":"2022-02-12T12:15:12","date_gmt":"2022-02-12T11:15:12","guid":{"rendered":"https:\/\/b48apartment.eu\/?page_id=687"},"modified":"2026-03-11T23:19:49","modified_gmt":"2026-03-11T22:19:49","slug":"bigflat","status":"publish","type":"page","link":"https:\/\/b48apartment.eu\/de\/bigflat\/","title":{"rendered":"BigFlat"},"content":{"rendered":"<h6>\n\t\t\t\t\tunser Familienangebot\n\t\t\t\t<\/h6>\n\t\t\t<h1>\n\t\t\t\t\tBIGFLAT\n\t\t\t\t<\/h1>\n<h6>\n\t\t<a href=\"#booking_bigflat\" title=\"\u27a4 Reservierung\"  target=\"_self\">\n\t\t\t\u27a4 Reservierung\t\t<\/a>\n\t<\/h6>\n<h6>\n\t\t<a href=\"#gal_bigflat\" title=\"\u27a4 Mehr Bilder sehen\"  target=\"_self\">\n\t\t\t\u27a4 Mehr Bilder sehen\t\t<\/a>\n\t<\/h6>\n\t\t\t<h3>\n\t\t\t\t\tDie optimale L\u00f6sung f\u00fcr gro\u00dfe Familien\n\t\t\t\t<\/h3>\n\t\t\t<p>m\u00f6chte Ihnen diese Wohnung vorstellen, die allen Bed\u00fcrfnissen unserer Familie gerecht wird. Mit 130 Quadratmetern, einem sch\u00f6nen Einzel-Wohnzimmer-K\u00fcche-Esszimmer, einem hellen Wintergarten, findet jede gro\u00dfe Familie oder Gruppe von Freunden, die zusammen reisen, ihren Platz! Unsere drei Schlafzimmer bieten bequem Platz f\u00fcr 5 Personen und das Wohnzimmer f\u00fcr 2 Personen. F\u00fcr ein 10-j\u00e4hriges Kind kann ein Schlafsofa als Bett genutzt werden. Im Wohnzimmer finden Sie einen 150 cm Samsung Smart TV, einen separaten und schnellen Internetzugang sowie eine Waschmaschine und einen Trockner. Die 35 Quadratmeter gro\u00dfe Terrasse, die zu diesem Apartment geh\u00f6rt, eignet sich hervorragend f\u00fcr das Fr\u00fchst\u00fcck, das Mittagessen mit der Familie und abendliche Grillabende. F\u00fcr Ihren Komfort gibt es eine Infrarotsauna f\u00fcr zwei Personen oder eine finnische Sauna im Innenhof f\u00fcr bis zu acht Personen.\u00a0<\/p>\n\t<p>Unser Appartement im \"<em><strong>Buchen.com<\/strong><\/em>\" f\u00fcr das Jahr 2023 in \"<em><strong>Traveller Review Auszeichnungen<\/strong><\/em>Auszeichnung\". Wir sind von AIRBNB als \"SUPERHOST\" zertifiziert<\/p>\n<p><img loading=\"lazy\" decoding=\"async\" src=\"http:\/\/b48apartment.eu\/wp-content\/uploads\/2023\/02\/Digital-Award-TRA-2023-300x300.png\" alt=\"\" width=\"174\" height=\"174\" \/> \u00a0<img loading=\"lazy\" decoding=\"async\" src=\"http:\/\/b48apartment.eu\/wp-content\/uploads\/2025\/02\/Digital-Award-TRA-2024-300x300.png\" alt=\"\" width=\"174\" height=\"174\" \/> \u00a0<img loading=\"lazy\" decoding=\"async\" src=\"http:\/\/b48apartment.eu\/wp-content\/uploads\/2025\/02\/Digital-Award-TRA-2025-300x300.png\" alt=\"\" width=\"174\" height=\"174\" \/><\/p>\n\t<h3>VIRTUELLE BETRACHTUNG<\/h3>\n<p>die verwendete StreetView-Technologie erm\u00f6glicht es Ihnen, unsere R\u00e4umlichkeiten zu besichtigen und teilweise die Atmosph\u00e4re und das Ambiente der Wohnungen zu erleben<\/p>\n\t<iframe src=\"https:\/\/www.google.com\/maps\/embed?pb=!4v1698608379300!6m8!1m7!1sCAoSLEFGMVFpcE9EYklRejJTSC1VYy0xWldIZ1lNSEpxVE5XbC1PcHR3cTdIZE9z!2m2!1d47.43587896499255!2d18.91517027614461!3f253.31902185895962!4f-12.49126439045429!5f0.7820865974627469\" width=\"1000\" height=\"500\" allowfullscreen=\"\" loading=\"lazy\" referrerpolicy=\"no-referrer-when-downgrade\"><\/iframe>\n\t\t\t<h2>\n\t\t\t\t\tTerrassen-Wintergarten\n\t\t\t\t<\/h2>\n<figure itemscope itemtype=\"https:\/\/schema.org\/ImageObject\">\n\t\t\t\t<img decoding=\"async\" src=\"http:\/\/b48apartment.eu\/wp-content\/uploads\/2025\/01\/Telikert_a-teraszra_kilatas-scaled.jpg\" alt=\"Wintergarten_Blick_auf_die_Terrasse\" title=\"Wintergarten_Blick_auf_die_Terrasse\" onerror=\"this.style.display='none'\" loading=\"lazy\" \/>\n\t<\/figure>\n<figure itemscope itemtype=\"https:\/\/schema.org\/ImageObject\">\n\t\t\t\t<img decoding=\"async\" src=\"https:\/\/b48apartment.eu\/wp-content\/plugins\/beaver-builder-lite-version\/img\/pixel.png\" alt=\"\" onerror=\"this.style.display='none'\" loading=\"lazy\" \/>\n\t<\/figure>\n<figure itemscope itemtype=\"https:\/\/schema.org\/ImageObject\">\n\t\t\t\t<img decoding=\"async\" src=\"http:\/\/b48apartment.eu\/wp-content\/uploads\/2024\/12\/Bigflat-tersz-szauna-nelkul-scaled.jpg\" alt=\"Bigflat wagen ohne Sauna\" title=\"Bigflat wagen ohne Sauna\" onerror=\"this.style.display='none'\" loading=\"lazy\" \/>\n\t<\/figure>\n<figure itemscope itemtype=\"https:\/\/schema.org\/ImageObject\">\n\t\t\t\t<img decoding=\"async\" src=\"http:\/\/b48apartment.eu\/wp-content\/uploads\/2025\/01\/Telikert_belulrol-scaled.jpg\" alt=\"Wintergarten_oben\" title=\"Wintergarten_oben\" onerror=\"this.style.display='none'\" loading=\"lazy\" \/>\n\t<\/figure>\n\t\t\t<h2>\n\t\t\t\t\tWohnzimmer\n\t\t\t\t<\/h2>\n<figure itemscope itemtype=\"https:\/\/schema.org\/ImageObject\">\n\t\t\t\t<img decoding=\"async\" src=\"http:\/\/b48apartment.eu\/wp-content\/uploads\/2025\/02\/10-_DSC7177-scaled.jpg\" alt=\"10_DSC7177\" title=\"10_DSC7177\" onerror=\"this.style.display='none'\" loading=\"lazy\" \/>\n\t<\/figure>\n<figure itemscope itemtype=\"https:\/\/schema.org\/ImageObject\">\n\t\t\t\t<img decoding=\"async\" src=\"https:\/\/b48apartment.eu\/wp-content\/uploads\/2025\/02\/12-_DSC7180-1024x683.jpg\" alt=\"12-_DSC7180\" height=\"683\" width=\"1024\" title=\"12-_DSC7180\" onerror=\"this.style.display='none'\" loading=\"lazy\" \/>\n\t<\/figure>\n\t\t\t<h2>\n\t\t\t\t\tK\u00fcche\n\t\t\t\t<\/h2>\n<figure itemscope itemtype=\"https:\/\/schema.org\/ImageObject\">\n\t\t\t\t<img decoding=\"async\" src=\"http:\/\/b48apartment.eu\/wp-content\/uploads\/2025\/02\/7-_DSC7165-scaled.jpg\" alt=\"7-_DSC7165\" title=\"7-_DSC7165\" onerror=\"this.style.display='none'\" loading=\"lazy\" \/>\n\t<\/figure>\n<figure itemscope itemtype=\"https:\/\/schema.org\/ImageObject\">\n\t\t\t\t<img decoding=\"async\" src=\"http:\/\/b48apartment.eu\/wp-content\/uploads\/2025\/02\/8-_DSC7172-scaled.jpg\" alt=\"8-_DSC7172\" title=\"8-_DSC7172\" onerror=\"this.style.display='none'\" loading=\"lazy\" \/>\n\t<\/figure>\n\t\t\t<h2>\n\t\t\t\t\tSchlafzimmer\n\t\t\t\t<\/h2>\n<figure itemscope itemtype=\"https:\/\/schema.org\/ImageObject\">\n\t\t\t\t<img decoding=\"async\" src=\"http:\/\/b48apartment.eu\/wp-content\/uploads\/2025\/02\/1-_DSC7151-masolata-scaled.jpg\" alt=\"Kopie von 1-_DSC7151\" title=\"Kopie von 1-_DSC7151\" onerror=\"this.style.display='none'\" loading=\"lazy\" \/>\n\t<\/figure>\n<figure itemscope itemtype=\"https:\/\/schema.org\/ImageObject\">\n\t\t\t\t<img decoding=\"async\" src=\"http:\/\/b48apartment.eu\/wp-content\/uploads\/2025\/02\/9-_DSC7173-scaled.jpg\" alt=\"9-_DSC7173\" title=\"9-_DSC7173\" onerror=\"this.style.display='none'\" loading=\"lazy\" \/>\n\t<\/figure>\n<figure itemscope itemtype=\"https:\/\/schema.org\/ImageObject\">\n\t\t\t\t<img decoding=\"async\" src=\"http:\/\/b48apartment.eu\/wp-content\/uploads\/2025\/02\/2-_DSC7153-masolata-scaled.jpg\" alt=\"Kopie von 2-_DSC7153\" title=\"Kopie von 2-_DSC7153\" onerror=\"this.style.display='none'\" loading=\"lazy\" \/>\n\t<\/figure>\n<figure itemscope itemtype=\"https:\/\/schema.org\/ImageObject\">\n\t\t\t\t<img decoding=\"async\" src=\"http:\/\/b48apartment.eu\/wp-content\/uploads\/2025\/02\/Szuloi_halo_180x200-scaled.jpg\" alt=\"Elterliches_netz_180x200\" title=\"Elterliches_netz_180x200\" onerror=\"this.style.display='none'\" loading=\"lazy\" \/>\n\t<\/figure>\n<figure itemscope itemtype=\"https:\/\/schema.org\/ImageObject\">\n\t\t\t\t<img decoding=\"async\" src=\"http:\/\/b48apartment.eu\/wp-content\/uploads\/2025\/02\/2_szimpla_agy100X200--scaled.jpg\" alt=\"2_einfaches_Bett100X200\" title=\"2_einfaches_Bett100X200\" onerror=\"this.style.display='none'\" loading=\"lazy\" \/>\n\t<\/figure>\n<figure itemscope itemtype=\"https:\/\/schema.org\/ImageObject\">\n\t\t\t\t<img decoding=\"async\" src=\"https:\/\/b48apartment.eu\/wp-content\/plugins\/beaver-builder-lite-version\/img\/pixel.png\" alt=\"\" onerror=\"this.style.display='none'\" loading=\"lazy\" \/>\n\t<\/figure>\n<figure itemscope itemtype=\"https:\/\/schema.org\/ImageObject\">\n\t\t\t\t<img decoding=\"async\" src=\"https:\/\/b48apartment.eu\/wp-content\/plugins\/beaver-builder-lite-version\/img\/pixel.png\" alt=\"\" onerror=\"this.style.display='none'\" loading=\"lazy\" \/>\n\t<\/figure>\n\t\t\t<h2>\n\t\t\t\t\tBadezimmer\n\t\t\t\t<\/h2>\n\t\n<figure itemscope itemtype=\"https:\/\/schema.org\/ImageObject\">\n\t\t\t\t<img decoding=\"async\" src=\"http:\/\/b48apartment.eu\/wp-content\/uploads\/2025\/02\/3-_DSC7155-scaled.jpg\" alt=\"3-_DSC7155\" title=\"3-_DSC7155\" onerror=\"this.style.display='none'\" loading=\"lazy\" \/>\n\t<\/figure>\n<figure itemscope itemtype=\"https:\/\/schema.org\/ImageObject\">\n\t\t\t\t<img decoding=\"async\" src=\"http:\/\/b48apartment.eu\/wp-content\/uploads\/2025\/02\/2-_DSC7156-200x300.jpg\" alt=\"2-_DSC7156\" title=\"2-_DSC7156\" onerror=\"this.style.display='none'\" loading=\"lazy\" \/>\n\t<\/figure>\n\t\t\t<h2>\n\t\t\t\t\tReservierungen\n\t\t\t\t<\/h2>","protected":false},"excerpt":{"rendered":"<p>csal\u00e1di aj\u00e1nlatunk BIGFLAT \u27a4 Szobafoglal\u00e1s \u27a4 Tekintse meg tov\u00e1bbi k\u00e9peinket Az optim\u00e1lis megold\u00e1s nagy csal\u00e1dok r\u00e9sz\u00e9re szeretn\u00e9nk bemutatni ezt, a minden csal\u00e1di ig\u00e9nyt kiel\u00e9g\u00edt\u0151 lak\u00e1sunkat. 130 n\u00e9gyzetm\u00e9ter\u00e9vel, gy\u00f6ny\u00f6r\u0171 egyter\u0171 nappali-konyha-\u00e9tkez\u0151 kialak\u00edt\u00e1s\u00e1val, vil\u00e1gos t\u00e9likertj\u00e9vel, minden nagycsal\u00e1d vagy egy\u00fctt utaz\u00f3 bar\u00e1ti t\u00e1rsas\u00e1g megtal\u00e1lja sz\u00e1m\u00edt\u00e1s\u00e1t! H\u00e1rom h\u00e1l\u00f3szob\u00e1nkban 5 f\u0151, valamint a nappaliba 2 f\u0151, k\u00e9nyelmes alv\u00e1si lehet\u0151s\u00e9ge megoldhat\u00f3. [&hellip;]<\/p>\n","protected":false},"author":1,"featured_media":0,"parent":0,"menu_order":0,"comment_status":"closed","ping_status":"closed","template":"","meta":{"site-sidebar-layout":"no-sidebar","site-content-layout":"page-builder","ast-site-content-layout":"default","site-content-style":"default","site-sidebar-style":"default","ast-global-header-display":"","ast-banner-title-visibility":"","ast-main-header-display":"","ast-hfb-above-header-display":"","ast-hfb-below-header-display":"","ast-hfb-mobile-header-display":"","site-post-title":"disabled","ast-breadcrumbs-content":"","ast-featured-img":"disabled","footer-sml-layout":"","ast-disable-related-posts":"","theme-transparent-header-meta":"enabled","adv-header-id-meta":"","stick-header-meta":"","header-above-stick-meta":"","header-main-stick-meta":"","header-below-stick-meta":"","astra-migrate-meta-layouts":"default","ast-page-background-enabled":"default","ast-page-background-meta":{"desktop":{"background-color":"","background-image":"","background-repeat":"repeat","background-position":"center center","background-size":"auto","background-attachment":"scroll","background-type":"","background-media":"","overlay-type":"","overlay-color":"","overlay-opacity":"","overlay-gradient":""},"tablet":{"background-color":"","background-image":"","background-repeat":"repeat","background-position":"center center","background-size":"auto","background-attachment":"scroll","background-type":"","background-media":"","overlay-type":"","overlay-color":"","overlay-opacity":"","overlay-gradient":""},"mobile":{"background-color":"","background-image":"","background-repeat":"repeat","background-position":"center center","background-size":"auto","background-attachment":"scroll","background-type":"","background-media":"","overlay-type":"","overlay-color":"","overlay-opacity":"","overlay-gradient":""}},"ast-content-background-meta":{"desktop":{"background-color":"var(--ast-global-color-5)","background-image":"","background-repeat":"repeat","background-position":"center center","background-size":"auto","background-attachment":"scroll","background-type":"","background-media":"","overlay-type":"","overlay-color":"","overlay-opacity":"","overlay-gradient":""},"tablet":{"background-color":"var(--ast-global-color-5)","background-image":"","background-repeat":"repeat","background-position":"center center","background-size":"auto","background-attachment":"scroll","background-type":"","background-media":"","overlay-type":"","overlay-color":"","overlay-opacity":"","overlay-gradient":""},"mobile":{"background-color":"var(--ast-global-color-5)","background-image":"","background-repeat":"repeat","background-position":"center center","background-size":"auto","background-attachment":"scroll","background-type":"","background-media":"","overlay-type":"","overlay-color":"","overlay-opacity":"","overlay-gradient":""}},"ngg_post_thumbnail":0,"footnotes":""},"class_list":["post-687","page","type-page","status-publish","hentry"],"_links":{"self":[{"href":"https:\/\/b48apartment.eu\/de\/wp-json\/wp\/v2\/pages\/687","targetHints":{"allow":["GET"]}}],"collection":[{"href":"https:\/\/b48apartment.eu\/de\/wp-json\/wp\/v2\/pages"}],"about":[{"href":"https:\/\/b48apartment.eu\/de\/wp-json\/wp\/v2\/types\/page"}],"author":[{"embeddable":true,"href":"https:\/\/b48apartment.eu\/de\/wp-json\/wp\/v2\/users\/1"}],"replies":[{"embeddable":true,"href":"https:\/\/b48apartment.eu\/de\/wp-json\/wp\/v2\/comments?post=687"}],"version-history":[{"count":0,"href":"https:\/\/b48apartment.eu\/de\/wp-json\/wp\/v2\/pages\/687\/revisions"}],"wp:attachment":[{"href":"https:\/\/b48apartment.eu\/de\/wp-json\/wp\/v2\/media?parent=687"}],"curies":[{"name":"wp","href":"https:\/\/api.w.org\/{rel}","templated":true}]}}