{"id":660,"date":"2018-10-04T06:18:10","date_gmt":"2018-10-04T04:18:10","guid":{"rendered":"https:\/\/b48apartment.eu\/about\/"},"modified":"2024-01-17T09:21:09","modified_gmt":"2024-01-17T08:21:09","slug":"beeindrucken","status":"publish","type":"page","link":"https:\/\/b48apartment.eu\/de\/beeindrucken\/","title":{"rendered":"Impressum"},"content":{"rendered":"<h1>\n\t\t\t\t\tImpressum\n\t\t\t\t<\/h1>\n\tOperator: Brigitta Kov\u00e1cs<br>\nAnbieter von Privatunterk\u00fcnften\n<p>Adresse: 2045 T\u00f6r\u00f6kb\u00e1lint, Baross utca 48<\/p>\nTelefon: +36-20-456-9779<br>\nE-Mail: info@b48apartment.eu\n<p>Steuernummer: 55690890-1-33<\/p>\n\t<h2>\n\t\t\t\t\t4\n\t\t\t\t<\/h2>\n\t\t\t<p>Wohnung zur Miete verf\u00fcgbar<\/p>\n\t<h2>\n\t\t\t\t\t20\n\t\t\t\t<\/h2>\n\t\t\t<p>G\u00e4ste k\u00f6nnen bequem schlafen<\/p>\n\t<h2>\n\t\t\t\t\t15\n\t\t\t\t<\/h2>\n\t\t\t<p>haben wir Besucher aus<\/p>\n\t<h2>\n\t\t\t\t\t300+\n\t\t\t\t<\/h2>\n\t\t\t<p>Gast, der bei uns wohnt<\/p>\n\t<h3>\n\t\t\t\t\tWir danken Ihnen im Voraus f\u00fcr Ihre Vorschl\u00e4ge und Ihr Feedback.\n\t\t\t\t<\/h3>\n\t\t\t\t<img decoding=\"async\" src=\"https:\/\/b48apartment.eu\/wp-content\/uploads\/bb-plugin\/cache\/Viber-Bild_2022-04-16_11-40-03-130-300x225-square.jpg\" alt=\"Viber-Bild_2022-04-16_11-40-03-130\" itemprop=\"image\">\n\t<h5>\n\t\t\t\t\tBrigitta und Zolt\u00e1n Kov\u00e1cs\n\t\t\t\t<\/h5>\n\t\t\t<p>Hauseigent\u00fcmer<\/p>","protected":false},"excerpt":{"rendered":"<p>Impressum Betreiber: brigitta Kov\u00e1cs privater Anbieter von Unterk\u00fcnften Adresse: 2045 T\u00f6r\u00f6kb\u00e1lint, Baross utca 48 Telefon: +36-20-456-9779 E-Mail: info@b48apartment.eu Steuernummer: 55690890-1-33 4 Apartments zur Miete verf\u00fcgbar 20 G\u00e4ste k\u00f6nnen bei uns bequem schlafen Wir haben Besucher aus 15 L\u00e4ndern empfangen 300+ G\u00e4ste haben bei uns \u00fcbernachtet Wir danken Ihnen im Voraus f\u00fcr Ihre Anregungen und Ihr Feedback. Brigitta und Zolt\u00e1n Kov\u00e1cs Hauseigent\u00fcmer<\/p>","protected":false},"author":1,"featured_media":0,"parent":0,"menu_order":0,"comment_status":"closed","ping_status":"closed","template":"","meta":{"site-sidebar-layout":"no-sidebar","site-content-layout":"page-builder","ast-global-header-display":"","ast-main-header-display":"","ast-hfb-above-header-display":"","ast-hfb-below-header-display":"","ast-hfb-mobile-header-display":"","site-post-title":"disabled","ast-breadcrumbs-content":"","ast-featured-img":"disabled","footer-sml-layout":"","theme-transparent-header-meta":"enabled","adv-header-id-meta":"","stick-header-meta":"","header-above-stick-meta":"","header-main-stick-meta":"","header-below-stick-meta":"","ngg_post_thumbnail":0,"footnotes":""},"class_list":["post-660","page","type-page","status-publish","hentry"],"_links":{"self":[{"href":"https:\/\/b48apartment.eu\/de\/wp-json\/wp\/v2\/pages\/660","targetHints":{"allow":["GET"]}}],"collection":[{"href":"https:\/\/b48apartment.eu\/de\/wp-json\/wp\/v2\/pages"}],"about":[{"href":"https:\/\/b48apartment.eu\/de\/wp-json\/wp\/v2\/types\/page"}],"author":[{"embeddable":true,"href":"https:\/\/b48apartment.eu\/de\/wp-json\/wp\/v2\/users\/1"}],"replies":[{"embeddable":true,"href":"https:\/\/b48apartment.eu\/de\/wp-json\/wp\/v2\/comments?post=660"}],"version-history":[{"count":0,"href":"https:\/\/b48apartment.eu\/de\/wp-json\/wp\/v2\/pages\/660\/revisions"}],"wp:attachment":[{"href":"https:\/\/b48apartment.eu\/de\/wp-json\/wp\/v2\/media?parent=660"}],"curies":[{"name":"wp","href":"https:\/\/api.w.org\/{rel}","templated":true}]}}