{"id":659,"date":"2018-10-04T05:15:09","date_gmt":"2018-10-04T03:15:09","guid":{"rendered":"https:\/\/b48apartment.eu\/portfolio\/"},"modified":"2025-11-23T11:53:26","modified_gmt":"2025-11-23T10:53:26","slug":"duplex","status":"publish","type":"page","link":"https:\/\/b48apartment.eu\/de\/duplex\/","title":{"rendered":"Duplex"},"content":{"rendered":"<h6>\n\t\t\t\t\tExklusives Angebot - mieten Sie eine Wohnung und ziehen Sie in ein separates Geb\u00e4ude...\n\t\t\t\t<\/h6>\n\t\t\t<h1>\n\t\t\t\t\tDUPLEX\n\t\t\t\t<\/h1>\n<h6>\n\t\t<a href=\"#gal_duplex\" title=\"\u27a4 Mehr Bilder sehen\" target=\"_self\" rel=\"noopener\">\n\t\t\t\u27a4 Mehr Bilder sehen\t\t<\/a>\n\t<\/h6>\n<h6>\n\t\t<a href=\"#booking_duplex\" title=\"\u27a4 Reservierung\" target=\"_self\" rel=\"noopener\">\n\t\t\t\u27a4 Reservierung\t\t<\/a>\n\t<\/h6>\n\t\t\t<h3>\n\t\t\t\t\tDas Optimum f\u00fcr kleine Familien\n\t\t\t\t<\/h3>\n\t\t\t<p>Unser separates Haus im Innenhof wurde mit Blick auf die Bed\u00fcrfnisse von Familien mit zwei oder drei Kindern entworfen. Unser Haus wurde so konzipiert, dass es die Funktionen unseres t\u00e4glichen Lebens aufnehmen kann: K\u00fcche, Wohnzimmer, Esszimmer, unteres Badezimmer. Im Obergeschoss haben wir ein Hauptschlafzimmer, ein Kinderschlafzimmer und ein angrenzendes Badezimmer mit einer Eckbadewanne. Unser G\u00e4stehaus ist mit einem 100 cm Smart TV, separatem und schnellem Internet sowie einer Waschmaschine und einem Trockner ausgestattet. Unsere gesamte Kleidung und pers\u00f6nliche Ausr\u00fcstung kann in praktischen Einbauschr\u00e4nken untergebracht werden. Unser Wohnzimmer mit Blick auf den Garten und die angrenzende Gartenterrasse sind am stimmungsvollsten w\u00e4hrend des morgendlichen Vogelgezwitschers. Unsere K\u00fcche ist komplett ausgestattet, so dass Sie auch bei einem mehrw\u00f6chigen Aufenthalt nicht auf das verzichten m\u00fcssen, was Sie von zu Hause gew\u00f6hnt sind.\u00a0<\/p>\n\t<p>Unser Appartement im \"<em><strong>Buchen.com<\/strong><\/em>\" f\u00fcr das Jahr 2023 in \"<em><strong>Traveller Review Auszeichnungen<\/strong><\/em>Auszeichnung\". Wir haben eine \"SUPERHOST\"-Bewertung bei AIRBNB.<\/p>\n\t\t\t\t<img decoding=\"async\" src=\"https:\/\/b48apartment.eu\/wp-content\/uploads\/2023\/01\/Digital-Award-TRA-2023_duplex-150x150.png\" alt=\"Digital-Award-TRA-2023_duplex\" itemprop=\"image\" height=\"150\" width=\"150\" title=\"Digital-Award-TRA-2023_duplex\" onerror=\"this.style.display='none'\" loading=\"lazy\" \/>\n\t\t\t\t<img decoding=\"async\" src=\"http:\/\/b48apartment.eu\/wp-content\/uploads\/2023\/11\/airbnb-superhost-logo-1E4451535F-seeklogo.com_.png\" alt=\"Airbnb SUPERHOST\" itemprop=\"image\" title=\"Airbnb SUPERHOST\" onerror=\"this.style.display='none'\" loading=\"lazy\" \/>\n\t<h3>VIRTUELLE BETRACHTUNG<\/h3>\n<p>die verwendete StreetView-Technologie erm\u00f6glicht es Ihnen, unsere Zimmer zu besichtigen und teilweise die Atmosph\u00e4re und das Ambiente der Wohnungen zu erleben. Sie k\u00f6nnen nicht nur die Position mit den Pfeiltasten \u00e4ndern, sondern auch die R\u00e4ume in 360\u00b0 betrachten, indem Sie die Maus dr\u00fccken und bewegen.<\/p>\n\t<h3>DUPLEX - Erdgeschoss<\/h3>\n<p>&nbsp;<\/p>\n\t<iframe src=\"https:\/\/www.google.com\/maps\/embed?pb=!4v1698609029680!6m8!1m7!1sCAoSLEFGMVFpcFBJdzhXeFRlcFJmYlFHV3QxX1dJRTJqeUI3SVl5OV95dmx2QnFW!2m2!1d47.43572181549264!2d18.91494490656959!3f224.89711161332224!4f-14.033190891253213!5f0.4000000000000002\" width=\"1000\" height=\"500\" allowfullscreen=\"\" loading=\"lazy\" referrerpolicy=\"no-referrer-when-downgrade\"><\/iframe>\n\t<h3>DUPLEX - Boden<\/h3>\n<p>&nbsp;<\/p>\n\t<iframe src=\"https:\/\/www.google.com\/maps\/embed?pb=!4v1698609135932!6m8!1m7!1sCAoSLEFGMVFpcE1zOGI2THYyRVVBQXlfeFpCOXAySGJaeGVlb2lGM2ltS2NLWTVI!2m2!1d47.43569971227738!2d18.9149220477344!3f64.03295045042289!4f-22.14066553845494!5f0.4000000000000002\" width=\"1000\" height=\"500\" allowfullscreen=\"\" loading=\"lazy\" referrerpolicy=\"no-referrer-when-downgrade\"><\/iframe>\n\t\t\t<h2>\n\t\t\t\t\tVorstadtgebiet\n\t\t\t\t<\/h2>\n\t\t\t\t<img decoding=\"async\" src=\"http:\/\/b48apartment.eu\/wp-content\/uploads\/2025\/02\/27-_DSC7214-scaled.jpg\" alt=\"27-_DSC7214\" itemprop=\"image\" title=\"27-_DSC7214\" onerror=\"this.style.display='none'\" loading=\"lazy\" \/>\n\t\t\t\t<img decoding=\"async\" src=\"http:\/\/b48apartment.eu\/wp-content\/uploads\/2025\/02\/40-_DSC7243-scaled.jpg\" alt=\"40-_DSC7243\" itemprop=\"image\" title=\"40-_DSC7243\" onerror=\"this.style.display='none'\" loading=\"lazy\" \/>\n\t\t\t\t<img decoding=\"async\" src=\"http:\/\/b48apartment.eu\/wp-content\/uploads\/2025\/02\/Duplex_este-scaled.jpg\" alt=\"Duplex_best\" itemprop=\"image\" title=\"Duplex_best\" onerror=\"this.style.display='none'\" loading=\"lazy\" \/>\n\t\t\t<h2>\n\t\t\t\t\tGemeinsames Wohnzimmer-K\u00fcche\n\t\t\t\t<\/h2>\n\t\t\t\t<img decoding=\"async\" src=\"http:\/\/b48apartment.eu\/wp-content\/uploads\/2025\/02\/34-_DSC7233-scaled.jpg\" alt=\"34-_DSC7233\" itemprop=\"image\" title=\"34-_DSC7233\" onerror=\"this.style.display='none'\" loading=\"lazy\" \/>\n\t\t\t\t<img decoding=\"async\" src=\"http:\/\/b48apartment.eu\/wp-content\/uploads\/2025\/02\/28-_DSC7218-scaled.jpg\" alt=\"28-_DSC7218\" itemprop=\"image\" title=\"28-_DSC7218\" onerror=\"this.style.display='none'\" loading=\"lazy\" \/>\n\t\t\t\t<img decoding=\"async\" src=\"http:\/\/b48apartment.eu\/wp-content\/uploads\/2025\/02\/Nappali-scaled.jpg\" alt=\"Wohnzimmer\" itemprop=\"image\" title=\"Wohnzimmer\" onerror=\"this.style.display='none'\" loading=\"lazy\" \/>\n\t\t\t<h2>\n\t\t\t\t\tSchlafzimmer\n\t\t\t\t<\/h2>\n\t\t\t\t<img decoding=\"async\" src=\"http:\/\/b48apartment.eu\/wp-content\/uploads\/2025\/02\/Szuloi-halo_160x200--scaled.jpg\" alt=\"Schlafzimmer der Eltern_160x200\" itemprop=\"image\" title=\"Schlafzimmer der Eltern_160x200\" onerror=\"this.style.display='none'\" loading=\"lazy\" \/>\n\t\t\t\t<img decoding=\"async\" src=\"http:\/\/b48apartment.eu\/wp-content\/uploads\/2025\/02\/Duplex_2halo_140x200-scaled.jpg\" alt=\"Duplex_2mesh_140x200\" itemprop=\"image\" title=\"Duplex_2mesh_140x200\" onerror=\"this.style.display='none'\" loading=\"lazy\" \/>\n\t\t\t<h2>\n\t\t\t\t\tB\u00e4der\n\t\t\t\t<\/h2>\n\t\t\t\t<img decoding=\"async\" src=\"http:\/\/b48apartment.eu\/wp-content\/uploads\/2025\/02\/32-_DSC7227-scaled.jpg\" alt=\"32-_DSC7227\" itemprop=\"image\" title=\"32-_DSC7227\" onerror=\"this.style.display='none'\" loading=\"lazy\" \/>\n\t\t\t\t<img decoding=\"async\" src=\"http:\/\/b48apartment.eu\/wp-content\/uploads\/2025\/02\/39-_DSC7241-scaled.jpg\" alt=\"39-_DSC7241\" itemprop=\"image\" title=\"39-_DSC7241\" onerror=\"this.style.display='none'\" loading=\"lazy\" \/>\n\t\t\t\t<img decoding=\"async\" src=\"http:\/\/b48apartment.eu\/wp-content\/uploads\/2025\/02\/38-_DSC7240-scaled.jpg\" alt=\"38-_DSC7240\" itemprop=\"image\" title=\"38-_DSC7240\" onerror=\"this.style.display='none'\" loading=\"lazy\" \/>\n\t\t\t\t<img decoding=\"async\" src=\"http:\/\/b48apartment.eu\/wp-content\/uploads\/2025\/02\/33-_DSC7228-200x300.jpg\" alt=\"33-_DSC7228\" itemprop=\"image\" title=\"33-_DSC7228\" onerror=\"this.style.display='none'\" loading=\"lazy\" \/>\n<h2>\n\t\t\tBarbecue und Sauna\t<\/h2>\n\t\t\t\t<img decoding=\"async\" src=\"http:\/\/b48apartment.eu\/wp-content\/uploads\/2025\/02\/Pad-es-szauna-scaled.jpg\" alt=\"Kissen und Sauna\" itemprop=\"image\" title=\"Kissen und Sauna\" onerror=\"this.style.display='none'\" loading=\"lazy\" \/>\n\t\t\t\t<img decoding=\"async\" src=\"http:\/\/b48apartment.eu\/wp-content\/uploads\/2025\/02\/35-_DSC7236-masolata-scaled.jpg\" alt=\"Kopie von 35-_DSC7236\" itemprop=\"image\" title=\"Kopie von 35-_DSC7236\" onerror=\"this.style.display='none'\" loading=\"lazy\" \/>\n\t\t\t<h2>\n\t\t\t\t\tReservierungen\n\t\t\t\t<\/h2>\n<h4>\n\t\t\tDie Wohnung ist an den folgenden Tagen verf\u00fcgbar:\t<\/h4>","protected":false},"excerpt":{"rendered":"<p>Exklusives Angebot - eine Wohnung mieten und in ein freistehendes Haus einziehen... DUPLEX \u27a4 Mehr Bilder sehen \u27a4 Ein Zimmer buchen Optimal f\u00fcr kleine Familien Wir haben unser freistehendes Haus im Innenhof mit Blick auf die Bed\u00fcrfnisse von Familien mit zwei oder drei Kindern entworfen. Unser Haus wurde so konzipiert, dass die untere Etage alle Funktionen bietet, die wir f\u00fcr unser t\u00e4gliches Leben ben\u00f6tigen: K\u00fcche, Wohnzimmer, Esszimmer, ...<\/p>\n<p class=\"read-more\"> <a class=\"\" href=\"https:\/\/b48apartment.eu\/de\/duplex\/\"> <span class=\"screen-reader-text\">Duplex<\/span> Mehr lesen \"<\/a><\/p>","protected":false},"author":1,"featured_media":0,"parent":0,"menu_order":0,"comment_status":"closed","ping_status":"closed","template":"","meta":{"site-sidebar-layout":"no-sidebar","site-content-layout":"page-builder","ast-global-header-display":"","ast-main-header-display":"","ast-hfb-above-header-display":"","ast-hfb-below-header-display":"","ast-hfb-mobile-header-display":"","site-post-title":"disabled","ast-breadcrumbs-content":"","ast-featured-img":"disabled","footer-sml-layout":"","theme-transparent-header-meta":"enabled","adv-header-id-meta":"","stick-header-meta":"","header-above-stick-meta":"","header-main-stick-meta":"","header-below-stick-meta":"","ngg_post_thumbnail":0,"footnotes":""},"class_list":["post-659","page","type-page","status-publish","hentry"],"_links":{"self":[{"href":"https:\/\/b48apartment.eu\/de\/wp-json\/wp\/v2\/pages\/659","targetHints":{"allow":["GET"]}}],"collection":[{"href":"https:\/\/b48apartment.eu\/de\/wp-json\/wp\/v2\/pages"}],"about":[{"href":"https:\/\/b48apartment.eu\/de\/wp-json\/wp\/v2\/types\/page"}],"author":[{"embeddable":true,"href":"https:\/\/b48apartment.eu\/de\/wp-json\/wp\/v2\/users\/1"}],"replies":[{"embeddable":true,"href":"https:\/\/b48apartment.eu\/de\/wp-json\/wp\/v2\/comments?post=659"}],"version-history":[{"count":0,"href":"https:\/\/b48apartment.eu\/de\/wp-json\/wp\/v2\/pages\/659\/revisions"}],"wp:attachment":[{"href":"https:\/\/b48apartment.eu\/de\/wp-json\/wp\/v2\/media?parent=659"}],"curies":[{"name":"wp","href":"https:\/\/api.w.org\/{rel}","templated":true}]}}