{"id":658,"date":"2018-10-04T05:14:57","date_gmt":"2018-10-04T03:14:57","guid":{"rendered":"https:\/\/b48apartment.eu\/home\/"},"modified":"2026-03-28T12:39:03","modified_gmt":"2026-03-28T11:39:03","slug":"unser-gesprachspartner","status":"publish","type":"page","link":"https:\/\/b48apartment.eu\/de\/","title":{"rendered":"\u00dcber uns"},"content":{"rendered":"<h6>\n\t\t\t\t\tFamilien- und haustierfreundliche Unterk\u00fcnfte\n\t\t\t\t<\/h6>\n\t\t\t<h2>\n\t\t\t\t\tB48apartment - Vermietung von Wohnungen\n\t\t\t\t<\/h2>\n\t\t\t<h2>\n\t\t\t\t\tin der ruhigen N\u00e4he von Budapest\n\t\t\t\t<\/h2>\n\t\t\t<a href=\"https:\/\/b48apartment.eu\/de\/lakasok\/\" target=\"_blank\" rel=\"noopener\"class=\"uabb-button uabb-creative-button uabb-creative-default-btn\"  role=\"button\">\n\t\t\t\t\t\tWerfen Sie einen Blick auf unsere Apartments!\n\t\t<\/a>\n\t<ul>\n\t\t<li>\t\t\t\t\n\t\t<h4>Flexible Unterkunft<\/h4><p>20 Personen in vier Wohnungen<\/p><\/li>\t<\/ul>\n\t<ul>\n\t\t<li>\t\t\t\t\n\t\t<h4>Beliebter Standort<\/h4><p>T\u00f6r\u00f6kb\u00e1lint, Ungarn<\/p><\/li>\t<\/ul>\n\t\t\t<h2>\n\t\t\t\t\tFamilienfreundliche und entspannte Unterk\u00fcnfte in der Umgebung von Budapest m\u00fcssen nicht teuer oder abgelegen sein\n\t\t\t\t<\/h2>\n\t\t\t<h6>\n\t\t\t\t\tNur ein paar Worte zur Einf\u00fchrung...\n\t\t\t\t<\/h6>\n\t\t\t<h2>\n\t\t\t\t\tLieber zuk\u00fcnftiger Gast!\n\t\t\t\t<\/h2>\n\t<p>Wir m\u00f6chten Ihnen gerne unser eigenes Haus anbieten! Im Zentrum von T\u00f6r\u00f6kb\u00e1lint gelegen, in der N\u00e4he aller wichtigen Dinge - Spar, Post, Apotheke, Spielplatz, B\u00e4ckerei, Fr\u00fchst\u00fcck, Konditorei, Restaurants - stehen unsere familienfreundlichen, gem\u00fctlichen, aber ausreichend abgetrennten Apartments zur Kurzzeitmiete zur Verf\u00fcgung. Wir befinden uns an der Kreuzung der Autobahnen M1, M7 und M0, mit kostenlosen Parkpl\u00e4tzen. Das s\u00fcdliche Zentrum von Budapest ist mit \u00f6ffentlichen Verkehrsmitteln leicht zu erreichen. BKK-Busverbindung zum Etele t\u00e9r, von dort aus mit der Metro M4 zum Keleti P\u00e1lyaudvar.<\/p>\n<p>Alle unsere Apartments sind komplett ausgestattet und verf\u00fcgen \u00fcber eine voll eingerichtete K\u00fcche und ein Badezimmer. Es fehlt an nichts f\u00fcr ein komfortables Leben! Gem\u00fctlich, aber modern, raffiniert eingerichtet, komplett renoviert. Unsere Apartments sind mit modernstem Zubeh\u00f6r wie 100 oder 150 cm Smart TV, 1 Gbit\/s Internet, Internet-TV, Waschmaschine, Geschirrsp\u00fcler, Trockner, Fu\u00dfbodenheizung, Klimaanlage ausgestattet. Selbstverst\u00e4ndlich sind auch Bettw\u00e4sche und Handt\u00fccher im Mietpreis inbegriffen.<\/p>\n<p>Nach einer langen Reise oder einem ganzen Tag voller Besprechungen ist ein wenig Verw\u00f6hnung und Entspannung sicher angenehm. Ob in einer Zwei-Personen-Infrarot-Sauna, einer finnischen Dampfsauna f\u00fcr acht Personen oder einem lungenreinigenden Parajdi-Salzraum, wir haben alles zu bieten. Grill- und Campingm\u00f6glichkeiten sind ebenfalls in unmittelbarer N\u00e4he vorhanden, alles in unserem eigenen Garten.<\/p>\n<p>Wir hoffen, dass wir Ihr Interesse geweckt haben. Schauen Sie sich die Bilder der Apartments an, machen Sie eine 3D-Tour und kontaktieren Sie uns f\u00fcr Ihre Reservierung!<\/p>\n<p>Zolt\u00e1n Kov\u00e1cs und Brigitta (unsere Kinder, D\u00f3ri - M\u00f3zi und Jenny unser Hund...:-)<\/p>\n\t\t\t<a href=\"https:\/\/b48apartment.eu\/de\/lakasok\/\" target=\"_blank\" rel=\"noopener\"class=\"uabb-button uabb-creative-button uabb-creative-default-btn\"  role=\"button\">\n\t\t\t\t\t\tWerfen Sie einen Blick auf unsere Apartments!\n\t\t<\/a>\n\t\t\t\t<img decoding=\"async\" src=\"http:\/\/b48apartment.eu\/wp-content\/uploads\/2026\/02\/20251015_153649-1-1-scaled.jpg\" alt=\"20251015_153649 (1)\" itemprop=\"image\"\/>\n\t\t\t<h6>\n\t\t\t\t\tBrigitta, D\u00f3ri und Zolt\u00e1n Kov\u00e1cs\n\t\t\t\t<\/h6>\n<h4>\n\t\t\tUnsere Auszeichnungen\t<\/h4>\n<figure itemscope itemtype=\"https:\/\/schema.org\/ImageObject\">\n\t\t\t\t<img decoding=\"async\" src=\"https:\/\/b48apartment.eu\/wp-content\/uploads\/2025\/06\/b48_awards_2025.png\" alt=\"b48_Auszeichnungen_2025\" height=\"622\" width=\"622\" title=\"b48_Auszeichnungen_2025\" onerror=\"this.style.display='none'\" loading=\"lazy\" \/>\n\t<\/figure>\n\t\t\t<h2>\n\t\t\t\t\tUnsere Unterkunft Details\n\t\t\t\t<\/h2>\n\t\t\t<a href=\"https:\/\/b48apartment.eu\/de\/bigflat\/\" target=\"_blank\" rel=\"noopener\"class=\"uabb-button uabb-creative-button uabb-creative-default-btn\"  role=\"button\">\n\t\t\t\t\t\tBIGFLAT\n\t\t<\/a>\n\t\t\t<a href=\"https:\/\/b48apartment.eu\/de\/simplex\/\" target=\"_blank\" rel=\"noopener\"class=\"uabb-button uabb-creative-button uabb-creative-default-btn\"  role=\"button\">\n\t\t\t\t\t\tSIMPLEX\n\t\t<\/a>\n\t\t\t<a href=\"https:\/\/b48apartment.eu\/de\/duplex\/\" target=\"_blank\" rel=\"noopener\"class=\"uabb-button uabb-creative-button uabb-creative-flat-btn  uabb-none-btn\"  role=\"button\">\n\t\t\t\t\t\tDUPLEX\n\t\t<\/a>\n\t\t\t<a href=\"https:\/\/b48apartment.eu\/de\/holzhaus\/\" target=\"_blank\" rel=\"noopener\"class=\"uabb-button uabb-creative-button uabb-creative-default-btn\"  role=\"button\">\n\t\t\t\t\t\tGARDENHOUSE\n\t\t<\/a>\n<h5>\n\t\t<a href=\"https:\/\/b48apartment.eu\/de\/kontakt\/\" title=\"Kontakt\"  target=\"_blank\"  rel=\"noopener\">\n\t\t\tKontakt\t\t<\/a>\n\t<\/h5>\n\t\t\t<h6>\n\t\t\t\t\tAus den folgenden Gr\u00fcnden\n\t\t\t\t<\/h6>\n\t\t\t<h2>\n\t\t\t\t\tW\u00e4hlen Sie uns!\n\t\t\t\t<\/h2>\n\t\t\t\t<img decoding=\"async\" src=\"http:\/\/b48apartment.eu\/wp-content\/uploads\/2022\/04\/PikPng.com_home-icon-png_1819635-1-150x150.png\" alt=\"PikPng.com_home-icon-png_1819635 (1)\" itemprop=\"image\"\/>\n\t\t\t<h4>\n\t\t\t\t\tN\u00e4he zu Budapest\n\t\t\t\t<\/h4>\n\t\t\t\t<img decoding=\"async\" src=\"http:\/\/b48apartment.eu\/wp-content\/uploads\/2022\/04\/PikPng.com_home-icon-png_1819635-1.png\" alt=\"PikPng.com_home-icon-png_1819635 (1)\" itemprop=\"image\"\/>\n\t\t\t<h4>\n\t\t\t\t\tL\u00e4ndliche Beschaulichkeit\n\t\t\t\t<\/h4>\n\t\t\t\t<img decoding=\"async\" src=\"http:\/\/b48apartment.eu\/wp-content\/uploads\/2022\/04\/PikPng.com_home-icon-png_1819635-1.png\" alt=\"PikPng.com_home-icon-png_1819635 (1)\" itemprop=\"image\"\/>\n\t\t\t<h4>\n\t\t\t\t\tVier separate Apartments verf\u00fcgbar\n\t\t\t\t<\/h4>\n\t\t\t\t<img decoding=\"async\" src=\"http:\/\/b48apartment.eu\/wp-content\/uploads\/2022\/04\/PikPng.com_home-icon-png_1819635-1.png\" alt=\"PikPng.com_home-icon-png_1819635 (1)\" itemprop=\"image\"\/>\n\t\t\t<h4>\n\t\t\t\t\tVollst\u00e4ndig ausgestattete Apartments f\u00fcr Langzeitaufenthalte\n\t\t\t\t<\/h4>\n\t\t\t\t<img decoding=\"async\" src=\"http:\/\/b48apartment.eu\/wp-content\/uploads\/2022\/04\/PikPng.com_home-icon-png_1819635-1.png\" alt=\"PikPng.com_home-icon-png_1819635 (1)\" itemprop=\"image\"\/>\n\t\t\t<h4>\n\t\t\t\t\tHerzliche ungarische Gastfreundschaft\n\t\t\t\t<\/h4>\n\t\t\t\t<img decoding=\"async\" src=\"http:\/\/b48apartment.eu\/wp-content\/uploads\/2022\/04\/PikPng.com_home-icon-png_1819635-1.png\" alt=\"PikPng.com_home-icon-png_1819635 (1)\" itemprop=\"image\"\/>\n\t\t\t<h4>\n\t\t\t\t\tFlexibel mieten\n\t\t\t\t<\/h4>\n\t\t\t<h6>\n\t\t\t\t\tWir sind auf den folgenden Plattformen vertreten:\n\t\t\t\t<\/h6>\n\t\t\t\t<img decoding=\"async\" src=\"http:\/\/b48apartment.eu\/wp-content\/uploads\/2023\/01\/2023-01-28-16_41_36-Window-150x150.png\" alt=\"2023-01-28 16_41_36-Fenster\" itemprop=\"image\"\/>\n\t\t\t\t<img decoding=\"async\" src=\"http:\/\/b48apartment.eu\/wp-content\/uploads\/2023\/01\/szallas-hu-logo-150x150.png\" alt=\"szallas-hu-logo\" itemprop=\"image\"\/>\n\t\t\t\t<img decoding=\"async\" src=\"http:\/\/b48apartment.eu\/wp-content\/uploads\/2022\/04\/toppng.com-airbnb-2-logo-png-2500x2500-1-150x150.png\" alt=\"toppng.com-airbnb-2-logo-png-2500x2500\" itemprop=\"image\"\/>\n\t\t\t\t<img decoding=\"async\" src=\"http:\/\/b48apartment.eu\/wp-content\/uploads\/2022\/04\/toppng.com-top-rated-on-booking-booking-svg-logo-947x345-1-300x109.png\" alt=\"toppng.com-top-bewertet-auf-buchung-buchung-svg-logo-947x345\" itemprop=\"image\"\/>","protected":false},"excerpt":{"rendered":"<p>Csal\u00e1d \u00e9s \u00e1llatbar\u00e1t sz\u00e1ll\u00e1slehet\u00f6s\u00e9g B48apartment &#8211; lak\u00e1sb\u00e9rl\u00e9s nyugalomban Budapest mellett Tekintse meg lak\u00e1sainkat! Rugalmas sz\u00e1ll\u00e1s 20 f\u00f6ig, n\u00e9gy lak\u00e1sban K\u00edv\u00e1l\u00f3 elhelyezked\u00e9s T\u00f6r\u00f6kb\u00e1lint, Magyarorsz\u00e1g A csal\u00e1dias \u00e9s nyugodt sz\u00e1ll\u00e1s Budapest vonz\u00e1sk\u00f6rzet\u00e9ben nem kell, hogy dr\u00e1ga vagy f\u00e9lrees\u0151 legyen Csak egy p\u00e1r sz\u00f3 bemutatkoz\u00e1sk\u00e9nt&#8230; Kedves leend\u0151 Vend\u00e9g\u00fcnk! Szeretn\u00e9nk a figyelmedbe aj\u00e1nlani saj\u00e1t ingatlanunk! T\u00f6r\u00f6kb\u00e1lint k\u00f6zpontj\u00e1ban, minden fontos &hellip;<\/p>\n<p class=\"read-more\"> <a class=\"\" href=\"https:\/\/b48apartment.eu\/de\/\"> <span class=\"screen-reader-text\">\u00dcber uns<\/span> Mehr lesen \"<\/a><\/p>","protected":false},"author":1,"featured_media":0,"parent":0,"menu_order":0,"comment_status":"closed","ping_status":"closed","template":"","meta":{"site-sidebar-layout":"no-sidebar","site-content-layout":"page-builder","ast-global-header-display":"","ast-main-header-display":"","ast-hfb-above-header-display":"","ast-hfb-below-header-display":"","ast-hfb-mobile-header-display":"","site-post-title":"disabled","ast-breadcrumbs-content":"","ast-featured-img":"disabled","footer-sml-layout":"","theme-transparent-header-meta":"enabled","adv-header-id-meta":"","stick-header-meta":"","header-above-stick-meta":"","header-main-stick-meta":"","header-below-stick-meta":"","ngg_post_thumbnail":0,"footnotes":""},"class_list":["post-658","page","type-page","status-publish","hentry"],"_links":{"self":[{"href":"https:\/\/b48apartment.eu\/de\/wp-json\/wp\/v2\/pages\/658","targetHints":{"allow":["GET"]}}],"collection":[{"href":"https:\/\/b48apartment.eu\/de\/wp-json\/wp\/v2\/pages"}],"about":[{"href":"https:\/\/b48apartment.eu\/de\/wp-json\/wp\/v2\/types\/page"}],"author":[{"embeddable":true,"href":"https:\/\/b48apartment.eu\/de\/wp-json\/wp\/v2\/users\/1"}],"replies":[{"embeddable":true,"href":"https:\/\/b48apartment.eu\/de\/wp-json\/wp\/v2\/comments?post=658"}],"version-history":[{"count":0,"href":"https:\/\/b48apartment.eu\/de\/wp-json\/wp\/v2\/pages\/658\/revisions"}],"wp:attachment":[{"href":"https:\/\/b48apartment.eu\/de\/wp-json\/wp\/v2\/media?parent=658"}],"curies":[{"name":"wp","href":"https:\/\/api.w.org\/{rel}","templated":true}]}}