{"id":16,"date":"2018-10-04T07:26:35","date_gmt":"2018-10-04T07:26:35","guid":{"rendered":"https:\/\/b48apartment.eu\/testimonials\/"},"modified":"2025-06-25T18:52:54","modified_gmt":"2025-06-25T16:52:54","slug":"bewertungen","status":"publish","type":"page","link":"https:\/\/b48apartment.eu\/de\/bewertungen\/","title":{"rendered":"Bewertungen"},"content":{"rendered":"<h6>\n\t\t\t\t\tDie R\u00fcckmeldungen\n\t\t\t\t<\/h6>\n\t\t\t<h1>\n\t\t\t\t\tvon unseren zufriedenen G\u00e4sten\n\t\t\t\t<\/h1>\n\t\t\t<h4>\n\t\t\t\t\tWie immer hatten wir eine tolle Zeit. Die Wohnung ist einfach ideal f\u00fcr unsere vierk\u00f6pfige Familie, mit allem, was wir brauchen, sauber, komfortabel und gem\u00fctlich. Die Gastgeber sind sehr nett, aufmerksam und \u00fcberraschen uns immer mit einer Kleinigkeit. Wir haben bereits unsere Unterkunft f\u00fcr den Sommer gebucht und freuen uns schon auf unseren n\u00e4chsten Urlaub in T\u00f6r\u00f6kb\u00e1lint. Alles ist gro\u00dfartig!<img decoding=\"async\" alt=\"\ud83d\udd1d\" src=\"https:\/\/s.w.org\/images\/core\/emoji\/14.0.0\/svg\/1f51d.svg\" role=\"img\"\/>\n\t\t\t\t<\/h4>\n\t\t\t\t<img decoding=\"async\" src=\"https:\/\/b48apartment.eu\/wp-content\/uploads\/bb-plugin\/cache\/f8d56752-d4c3-4296-86b4-59a78f60edde-circle.webp\" alt=\"f8d56752-d4c3-4296-86b4-59a78f60edde\" itemprop=\"image\"\/>\n\t\t\t<h5>\n\t\t\t\t\tKrisztina Gause<br \/>&nbsp; (Ungarn)\n\t\t\t\t<\/h5>\n\t\t\t<h4>\n\t\t\t\t\t15 km vom Zentrum von Budapest entfernt, sehr ruhige Lage, hundefreundliche Unterkunft mit gepflegtem Garten, Einkaufsm\u00f6glichkeiten wenige Meter entfernt, tolle Unterkunft bei einer sehr netten Gastfamilie. Wir m\u00f6chten uns ganz besonders bei Moses f\u00fcr sein freundliches, f\u00fcrsorgliches und aufmerksames Verhalten bedanken!<br \/>Wir werden wiederkommen, wenn wir die Gelegenheit dazu haben und werden die Unterkunft gerne weiterempfehlen.\n\t\t\t\t<\/h4>\n\t\t\t<h5>\n\t\t\t\t\tJessica Lang<br \/>&nbsp; (Deutschland)\n\t\t\t\t<\/h5>\n\t\t\t\t<img decoding=\"async\" src=\"https:\/\/b48apartment.eu\/wp-content\/uploads\/bb-plugin\/cache\/f8d56752-d4c3-4296-86b4-59a78f60edde-circle.webp\" alt=\"f8d56752-d4c3-4296-86b4-59a78f60edde\" itemprop=\"image\"\/>\n\t\t\t<h4>\n\t\t\t\t\t\"Die beste Unterkunft, die wir diesen Sommer 2023 hatten. Zoltan ist sehr freundlich und wenn Sie Hilfe brauchen, ist er immer zur Stelle! Das Haus ist extrem sauber und gut ausgestattet. Sie k\u00f6nnen diese Qualit\u00e4tsunterkunft buchen und ihr vertrauen. G\u00e4ste mit Auto, die Budapest besuchen, k\u00f6nnen ihr Auto auf dem P&amp;R-Parkplatz Etele P1 oder P2 Parkolo f\u00fcr 350 FT pro Tag (von 6 Uhr morgens bis 22 Uhr abends) abstellen. 15 Minuten von der Vermietung von Zlotan entfernt und Sie haben direkten Zugang zur U-Bahn-Station Kelenfold M4 + Stra\u00dfenbahn 1, 19 und 49.\"\n\t\t\t\t<\/h4>\n\t\t\t\t<img decoding=\"async\" src=\"https:\/\/b48apartment.eu\/wp-content\/uploads\/bb-plugin\/cache\/f8d56752-d4c3-4296-86b4-59a78f60edde-circle.webp\" alt=\"f8d56752-d4c3-4296-86b4-59a78f60edde\" itemprop=\"image\"\/>\n\t\t\t<h5>\n\t\t\t\t\tGil (Franz\u00f6sisch)\n\t\t\t\t<\/h5>\n\t\t\t<h4>\n\t\t\t\t\t\"Sehr netter Service. Komfortable Apartments in der N\u00e4he aller Einrichtungen (Einkaufen, Sport...). \ud83d\ude00\"\n\t\t\t\t<\/h4>\n\t\t\t\t<img decoding=\"async\" src=\"https:\/\/b48apartment.eu\/wp-content\/uploads\/bb-plugin\/cache\/koch-circle.png\" alt=\"kochen\" itemprop=\"image\"\/>\n\t\t\t<h5>\n\t\t\t\t\tLilien Koch (Deutsch)\n\t\t\t\t<\/h5>\n\t\t\t<h4>\n\t\t\t\t\t\"Super Aufenthalt. Sehr einladend, freundlich und familienfreundlich. Geht auf Sonderw\u00fcnsche ein. Sch\u00f6ne, saubere und gut ausgestattete Wohnung. Wir w\u00fcrden gerne wiederkommen (Duplex)\"\n\t\t\t\t<\/h4>\n\t\t\t\t<img decoding=\"async\" src=\"https:\/\/b48apartment.eu\/wp-content\/uploads\/bb-plugin\/cache\/Duplex_benjamin-circle.webp\" alt=\"Duplex_benjamin\" itemprop=\"image\"\/>\n\t\t\t<h5>\n\t\t\t\t\tBenjamin (Deutsch)\n\t\t\t\t<\/h5>\n\t\t\t<h4>\n\t\t\t\t\t\"Wir wurden sehr freundlich und auf Deutsch empfangen. Wir haben uns in der ger\u00e4umigen Wohnung sehr wohl gef\u00fchlt. Leider blieben wir nur eine Nacht. Die Lage war f\u00fcr uns ideal, in der N\u00e4he der Autobahn M1 und Parkpl\u00e4tze direkt vor der Haust\u00fcr. Wir w\u00fcrden es gerne wieder tun (BigFlat)\"\n\t\t\t\t<\/h4>\n\t\t\t\t<img decoding=\"async\" src=\"https:\/\/b48apartment.eu\/wp-content\/uploads\/bb-plugin\/cache\/johnny-circle.jpg\" alt=\"johnny\" itemprop=\"image\"\/>\n\t\t\t<h5>\n\t\t\t\t\tMartin (Deutsch)\n\t\t\t\t<\/h5>\n\t\t\t<h4>\n\t\t\t\t\t\"Es ist alles sehr sch\u00f6n, vor allem f\u00fcr Leute wie uns, die eine lange Reise haben und sich zwischendurch ausruhen m\u00fcssen. Die Lage ist in der N\u00e4he der Budapester Ringstra\u00dfe. Das Preis-Leistungs-Verh\u00e4ltnis ist optimal.  Wir w\u00fcrden auf jeden Fall wiederkommen, und zwar f\u00fcr mehr Zeit.\" (Duplex)\n\t\t\t\t<\/h4>\n\t\t\t<h5>\n\t\t\t\t\tAnonym (Bulgarien)\n\t\t\t\t<\/h5>\n\t\t\t<h4>\n\t\t\t\t\t\"Das Anwesen ist sch\u00f6n in einer ruhigen Lage au\u00dferhalb der Stadt. Es ist komfortabel und sch\u00f6n f\u00fcr ein Paar oder eine kleine Familie. Es ist mit K\u00fcche und TV ausgestattet. Ich empfehle diese Unterkunft, wenn Sie ein Auto mieten, da es in der Gegend nicht viele Taxis gibt. Der Eigent\u00fcmer ist nett und wohnt in der N\u00e4he, um bei allem zu helfen, er hat uns die Sauna auf dem Grundst\u00fcck angeboten.\" (WoodHouse)\n\t\t\t\t<\/h4>\n\t\t\t<h5>\n\t\t\t\t\tAmeena (Vereinigte Arabische Emirate)\n\t\t\t\t<\/h5>\n\t\t\t<h4>\n\t\t\t\t\tEs war ein wirklich toller Urlaub, tolle Gastgeber. Sauna, 2 B\u00e4der, Waschmaschine, Geschirrsp\u00fcler und alle notwendigen Ger\u00e4te. Wir haben sogar Waschmittel und Klarsp\u00fcler f\u00fcr 4 Waschmaschinen und Sp\u00fclmaschinentabs bekommen. Es gibt einen Garten, einen Grill, alles ist perfekt. Parkplatz vor der T\u00fcr und ein paar Minuten mit dem Auto zum P+R, von wo aus man mit \u00f6ffentlichen Verkehrsmitteln nach Budapest kommt. Wir w\u00fcrden jederzeit wiederkommen (2 Erwachsene und 1 Kind auf Reisen).\n\t\t\t\t<\/h4>\n\t\t\t\t<img decoding=\"async\" src=\"https:\/\/b48apartment.eu\/wp-content\/uploads\/bb-plugin\/cache\/f8d56752-d4c3-4296-86b4-59a78f60edde-circle.webp\" alt=\"f8d56752-d4c3-4296-86b4-59a78f60edde\" itemprop=\"image\"\/>\n\t\t\t<h5>\n\t\t\t\t\tossilinchen<br \/>&nbsp; (Deutschland)\n\t\t\t\t<\/h5>\n\t\t\t<h4>\n\t\t\t\t\tZolt\u00e1n und seine Frau sind warmherzig, gastfreundlich und sehr nett. Sie haben 4 Mieteinheiten auf ihrem Grundst\u00fcck (dies ist die zweite, in der ich \u00fcbernachtet habe). Die Tatsache, dass sich diese Mieteinheiten in einem bewachten Bereich befinden, gibt Ihnen ein zus\u00e4tzliches Gef\u00fchl von Sicherheit und Ruhe. Und da ein neuer Park, ein Lebensmittelgesch\u00e4ft und ein nettes kleines Caf\u00e9 nur einen kurzen Spaziergang entfernt sind, ist diese Unterkunft ein idealer Ort f\u00fcr einen Kurzurlaub.\n\t\t\t\t<\/h4>\n\t\t\t\t<img decoding=\"async\" src=\"https:\/\/b48apartment.eu\/wp-content\/uploads\/bb-plugin\/cache\/29496d2c-2e7e-4fa8-87b2-620f41d553c0-circle.webp\" alt=\"29496d2c-2e7e-4fa8-87b2-620f41d553c0\" itemprop=\"image\"\/>\n\t\t\t<h5>\n\t\t\t\t\tSharon (Slowenien)\n\t\t\t\t<\/h5>\n\t\t\t<h4>\n\t\t\t\t\t\"Die Wohnung ist sehr komfortabel eingerichtet und mit allem ausgestattet (Waschmaschine, Herd, Kaffeemaschine, Klimaanlage, TV, Wifi, Terrasse usw.) und sehr sauber! Der Gastgeber Zolt\u00e1n ist sehr h\u00f6flich, zuvorkommend und hilfsbereit und spricht perfekt Deutsch. Wir w\u00fcrden gerne wiederkommen!\" (BigFlat)\n\t\t\t\t<\/h4>\n\t\t\t\t<img decoding=\"async\" src=\"https:\/\/b48apartment.eu\/wp-content\/uploads\/bb-plugin\/cache\/mozes-circle.png\" alt=\"mozes\" itemprop=\"image\"\/>\n\t\t\t<h5>\n\t\t\t\t\tMozes (Ungarisch)\n\t\t\t\t<\/h5>\n\t\t\t<h4>\n\t\t\t\t\t\"Sehr sch\u00f6ne, saubere Wohnung Die Gastgeber sind sehr freundlich Ich kann es jedem empfehlen wir kommen gerne wieder.\" (BigFlat)\n\t\t\t\t<\/h4>\n\t\t\t<h5>\n\t\t\t\t\tGabor (Deutsch)\n\t\t\t\t<\/h5>\n\t\t\t<h4>\n\t\t\t\t\t\"Zoltan ist ein gro\u00dfartiger Gastgeber und wir k\u00f6nnen diese Unterkunft sehr empfehlen. Alles war einfach und unkompliziert, das Einchecken war einfach. Die Wohnung war super sauber und gem\u00fctlich. Wir sind nur eine Nacht geblieben, aber f\u00fcr einen l\u00e4ngeren Aufenthalt w\u00e4re es toll. Wir hoffen, dass wir eines Tages wiederkommen :)\" (BigFlat)\n\t\t\t\t<\/h4>\n\t\t\t\t<img decoding=\"async\" src=\"https:\/\/b48apartment.eu\/wp-content\/uploads\/bb-plugin\/cache\/Roman_BigFlat-circle.webp\" alt=\"Roman_BigFlat\" itemprop=\"image\"\/>\n\t\t\t<h5>\n\t\t\t\t\tRoman\n\t\t\t\t<\/h5>\n\t\t\t<h4>\n\t\t\t\t\t\"Gut eingerichtete Wohnung. 15 km vom Zentrum von Budapest entfernt an der Autobahn. Perfekt f\u00fcr Familien. Besitzerin ist hilfsbereit. Sauber, bequeme Betten. Kann ich nur empfehlen\" (BigFlat)\n\t\t\t\t<\/h4>\n\t\t\t\t<img decoding=\"async\" src=\"https:\/\/b48apartment.eu\/wp-content\/uploads\/bb-plugin\/cache\/smit-circle.jpg\" alt=\"smit\" itemprop=\"image\"\/>\n\t\t\t<h5>\n\t\t\t\t\tJi\u0159\u00ed (Tschechische Republik)\n\t\t\t\t<\/h5>\n\t\t\t<h4>\n\t\t\t\t\t\"Sch\u00f6ne, ger\u00e4umige, saubere und moderne Wohnung. Wir waren mit allem sehr zufrieden. Auch die Gastgeber waren sehr nett.\" (BigFlat)\n\t\t\t\t<\/h4>\n\t\t\t\t<img decoding=\"async\" src=\"https:\/\/b48apartment.eu\/wp-content\/uploads\/bb-plugin\/cache\/marcos-150x150-1-circle.jpg\" alt=\"marcos-150x150\" itemprop=\"image\"\/>\n\t\t\t<h5>\n\t\t\t\t\tZsolt (Ungarisch)\n\t\t\t\t<\/h5>\n\t\t\t<h4>\n\t\t\t\t\t\"Gem\u00fctliches, gut ausgestattetes Ferienhaus (Geschirr, Utensilien, Handt\u00fccher, K\u00fcchenger\u00e4te, Ofen, Kaffeemaschine usw.). Sauber. Sehr nah an der Autobahn, gute Verkehrsanbindung. Ein gut sortierter Lebensmittelladen befindet sich buchst\u00e4blich auf der anderen Stra\u00dfenseite.\" (WoodHouse)\n\t\t\t\t<\/h4>\n\t\t\t<h5>\n\t\t\t\t\tBeate (Polnisch)\n\t\t\t\t<\/h5>\n\t\t\t<h5>\n\t\t\t\t\t\"Diese Wohnung war genau wie beschrieben: sehr ruhig und nicht zu weit vom Zentrum von Budapest entfernt. Gem\u00fctlich, die K\u00fcche ist gut ausgestattet, wenn Sie Ihre eigenen Mahlzeiten zubereiten m\u00f6chten. Es gibt viel Platz und eine sch\u00f6ne Terrasse, auf der man Kaffee trinken, ein Buch lesen oder essen kann. Ich empfehle diese Wohnung, wenn Sie Budapest besuchen. Vielen Dank f\u00fcr alles.\"\n\t\t\t\t<\/h5>\n\t\t\t\t<img decoding=\"async\" src=\"https:\/\/b48apartment.eu\/wp-content\/uploads\/bb-plugin\/cache\/239f0062-e2c8-438c-aa45-e095b7da5671-circle.webp\" alt=\"239f0062-e2c8-438c-aa45-e095b7da5671\" itemprop=\"image\"\/>\n\t\t\t<h5>\n\t\t\t\t\tRodica (USA)\n\t\t\t\t<\/h5>\n\t\t\t<h5>\n\t\t\t\t\t\"Absolut empfehlenswerte Unterkunft. Die Gastgeber sind sehr freundlich und sprechen sogar sehr gut Deutsch. Die Wohnung ist sehr modern und sehr sauber. Die Saunalandschaft ist das T\u00fcpfelchen auf dem i. Die 15-20 Minuten nach Budapest sind perfekt. Insgesamt sind die 5 Sterne v\u00f6llig verdient! Wir freuen uns schon auf das n\u00e4chste Mal.\" (Duplex)\n\t\t\t\t<\/h5>\n\t\t\t<h5>\n\t\t\t\t\tAdam (Deutsch)\n\t\t\t\t<\/h5>\n\t\t\t<h5>\n\t\t\t\t\t\"Leider kann ich keine Bewertung abgeben, da ich nur f\u00fcnf Sterne geben kann. Das ist nicht genug. Es ist viel besser als ein F\u00fcnf-Sterne-Haus. Ruhig, friedlich, freundliches Personal und alle Einrichtungen, die Sie brauchen k\u00f6nnten, sind wahrscheinlich vorhanden, um Ihnen zu dienen. Sehr empfehlenswert f\u00fcr kurze und lange Aufenthalte...\" (Duplex)\n\t\t\t\t<\/h5>\n\t\t\t\t<img decoding=\"async\" src=\"https:\/\/b48apartment.eu\/wp-content\/uploads\/bb-plugin\/cache\/Seregley-Akos-circle.png\" alt=\"\u00c1kos Seregley\" itemprop=\"image\"\/>\n\t\t\t<h5>\n\t\t\t\t\tSeregley \u00c1kos (Mo.)\n\t\t\t\t<\/h5>\n\t\t\t<h5>\n\t\t\t\t\t\"Wir waren auf der Suche nach einem ruhigen kleinen Ort au\u00dferhalb des Stadtzentrums und Zoltans AirBnB war der perfekte Ort. Zoltans herzlicher Empfang und seine gro\u00dfz\u00fcgige Gastfreundschaft lie\u00dfen uns wissen, dass wir genau das gefunden hatten, wonach wir gesucht hatten.\" (WoodHouse)\n\t\t\t\t<\/h5>\n\t\t\t\t<img decoding=\"async\" src=\"https:\/\/b48apartment.eu\/wp-content\/uploads\/bb-plugin\/cache\/Sharon-circle.webp\" alt=\"Sharon\" itemprop=\"image\"\/>\n\t\t\t<h5>\n\t\t\t\t\tSharon\n\t\t\t\t<\/h5>\n\t\t\t<h5>\n\t\t\t\t\t\"Alles war super nett! Sehr nette Gastgeber. Wir fanden das Haus gem\u00fctlich, sauber und angenehm! Auch unsere Hunde haben es genossen. Wir haben sie sehr willkommen gehei\u00dfen! Auch das Parken eines gro\u00dfen Autos vor der T\u00fcr war kein Problem.  Budapest ist leicht zu erreichen.\" (BigFlat)\n\t\t\t\t<\/h5>\n\t\t\t\t<img decoding=\"async\" src=\"https:\/\/b48apartment.eu\/wp-content\/uploads\/bb-plugin\/cache\/cherryt-150x150-1-circle.jpg\" alt=\"cherryt-150x150\" itemprop=\"image\"\/>\n\t\t\t<h5>\n\t\t\t\t\tVictoria (Niederlande)\n\t\t\t\t<\/h5>\n\t\t\t<h4>\n\t\t\t\t\t\"Ein wunderbar friedlicher Ort, um die Seele baumeln zu lassen. Tolle Leute, die einem durch die schweren Zeiten helfen!\" (BigFlat)\n\t\t\t\t<\/h4>\n\t\t\t\t<img decoding=\"async\" src=\"https:\/\/b48apartment.eu\/wp-content\/uploads\/bb-plugin\/cache\/michellep-circle.jpg\" alt=\"michellep\" itemprop=\"image\"\/>\n\t\t\t<h5>\n\t\t\t\t\tKristina (Ukraine)\n\t\t\t\t<\/h5>\n\t\t\t\t<img decoding=\"async\" src=\"http:\/\/b48apartment.eu\/wp-content\/uploads\/2022\/03\/B48_logo_vilagos_alpha.png\" alt=\"B48_logo_vilagos_alpha\" itemprop=\"image\"\/>\n\t\t\t<h2>\n\t\t\t\t\tAuch Sie sind herzlich eingeladen!\n\t\t\t\t<\/h2>","protected":false},"excerpt":{"rendered":"<p>Feedback von zufriedenen Kunden Wie immer hatten wir eine tolle Zeit. Die Wohnung ist einfach ideal f\u00fcr unsere vierk\u00f6pfige Familie, sie hat alles, was wir brauchen, sie ist sauber, komfortabel und gem\u00fctlich. Die Gastgeber sind sehr nett, aufmerksam und \u00fcberraschen uns immer mit einer Kleinigkeit. Wir haben bereits unsere Unterkunft f\u00fcr den Sommer gebucht und freuen uns schon auf unseren n\u00e4chsten Urlaub in T\u00f6r\u00f6kb\u00e1lint. Alles ist gro\u00dfartig! Krisztina Gause ...<\/p>\n<p class=\"read-more\"> <a class=\"\" href=\"https:\/\/b48apartment.eu\/de\/bewertungen\/\"> <span class=\"screen-reader-text\">Bewertungen<\/span> Mehr lesen \"<\/a><\/p>","protected":false},"author":1,"featured_media":0,"parent":0,"menu_order":0,"comment_status":"closed","ping_status":"closed","template":"","meta":{"site-sidebar-layout":"no-sidebar","site-content-layout":"page-builder","ast-global-header-display":"","ast-main-header-display":"","ast-hfb-above-header-display":"","ast-hfb-below-header-display":"","ast-hfb-mobile-header-display":"","site-post-title":"disabled","ast-breadcrumbs-content":"","ast-featured-img":"disabled","footer-sml-layout":"","theme-transparent-header-meta":"enabled","adv-header-id-meta":"","stick-header-meta":"","header-above-stick-meta":"","header-main-stick-meta":"","header-below-stick-meta":"","ngg_post_thumbnail":0,"footnotes":""},"class_list":["post-16","page","type-page","status-publish","hentry"],"_links":{"self":[{"href":"https:\/\/b48apartment.eu\/de\/wp-json\/wp\/v2\/pages\/16","targetHints":{"allow":["GET"]}}],"collection":[{"href":"https:\/\/b48apartment.eu\/de\/wp-json\/wp\/v2\/pages"}],"about":[{"href":"https:\/\/b48apartment.eu\/de\/wp-json\/wp\/v2\/types\/page"}],"author":[{"embeddable":true,"href":"https:\/\/b48apartment.eu\/de\/wp-json\/wp\/v2\/users\/1"}],"replies":[{"embeddable":true,"href":"https:\/\/b48apartment.eu\/de\/wp-json\/wp\/v2\/comments?post=16"}],"version-history":[{"count":0,"href":"https:\/\/b48apartment.eu\/de\/wp-json\/wp\/v2\/pages\/16\/revisions"}],"wp:attachment":[{"href":"https:\/\/b48apartment.eu\/de\/wp-json\/wp\/v2\/media?parent=16"}],"curies":[{"name":"wp","href":"https:\/\/api.w.org\/{rel}","templated":true}]}}