{"id":1296,"date":"2024-02-10T19:44:53","date_gmt":"2024-02-10T18:44:53","guid":{"rendered":"https:\/\/b48apartment.eu\/?page_id=1296"},"modified":"2024-02-10T19:45:39","modified_gmt":"2024-02-10T18:45:39","slug":"beeindrucken-4","status":"publish","type":"page","link":"https:\/\/b48apartment.eu\/de\/beeindrucken-4\/","title":{"rendered":"Cookie-Richtlinie"},"content":{"rendered":"<h1>\n\t\t\t\t\tCookie-Richtlinie\n\t\t\t\t<\/h1>\n\t<p><em>Diese Cookie-Richtlinie wurde zuletzt am 10. Februar 2024 aktualisiert und gilt f\u00fcr B\u00fcrger und Einwohner des Europ\u00e4ischen Wirtschaftsraums und der Schweiz.<\/em><\/p>\n<ol>\n<li><strong> Einf\u00fchrung<\/strong><\/li>\n<\/ol>\n<p>Unsere Website, die <a href=\"https:\/\/b48apartment.eu\/de\/\">https:\/\/b48apartment.eu<\/a> (a tov\u00e1bbiakban: &#8222;a weboldal&#8221;) cookie-kat \u00e9s m\u00e1s kapcsol\u00f3d\u00f3 technol\u00f3gi\u00e1kat haszn\u00e1l (az egyszer\u0171s\u00e9g kedv\u00e9\u00e9rt minden technol\u00f3gi\u00e1ra &#8222;cookie-k\u00e9nt&#8221; hivatkozunk). S\u00fctiket az \u00e1ltalunk megb\u00edzott harmadik felek is elhelyeznek. Az al\u00e1bbi dokumentumban t\u00e1j\u00e9koztatjuk \u00d6nt a cookie-k weboldalunkon t\u00f6rt\u00e9n\u0151 haszn\u00e1lat\u00e1r\u00f3l.<\/p>\n<p><strong>2 Was sind Cookies?<\/strong><\/p>\n<p>Ein Cookie ist eine einfache kleine Datei, die zusammen mit der Internetadresse einer Website gesendet wird und von Ihrem Webbrowser auf Ihrem Computer oder einem anderen Ger\u00e4t gespeichert werden kann. Die darin gespeicherten Informationen k\u00f6nnen bei sp\u00e4teren Besuchen an unsere Server oder die Server der betreffenden Drittanbieter gesendet werden.<\/p>\n<ol start=\"3\">\n<li><strong> Was sind Skripte?<\/strong><\/li>\n<\/ol>\n<p>Ein Skript ist ein Programmcode, der dazu dient, unsere Website funktionsf\u00e4hig und interaktiv zu gestalten. Dieser Code wird auf unseren Servern oder auf Ihrem Ger\u00e4t ausgef\u00fchrt.<\/p>\n<p><strong>4 Was ist ein Web-Signal?<\/strong><\/p>\n<p>Ein Web-Beacon (auch Pixel-Tag genannt) ist ein kleiner, unsichtbarer Text- oder Bildausschnitt auf einer Webseite, der zur Verfolgung des Webseitenverkehrs verwendet wird. Zu diesem Zweck werden mithilfe von Web-Beacons verschiedene Daten \u00fcber Sie gespeichert.<\/p>\n<ol start=\"5\">\n<li><strong> Cookies<\/strong><\/li>\n<\/ol>\n<p><strong>5.1 Technische oder funktionale Cookies<\/strong><\/p>\n<p>Bestimmte Cookies stellen sicher, dass bestimmte Teile unserer Website ordnungsgem\u00e4\u00df funktionieren und dass Ihre Benutzereinstellungen bekannt bleiben. Durch das Setzen von funktionalen Cookies erleichtern wir Ihnen den Besuch unserer Website. So m\u00fcssen Sie beispielsweise nicht immer wieder dieselben Daten eingeben, wenn Sie unsere Website besuchen, oder Ihre Artikel bleiben bis zur Bezahlung in Ihrem Warenkorb. Diese Cookies k\u00f6nnen wir auch ohne Ihre Zustimmung setzen.<\/p>\n<p><strong>5.2 Analytische Cookies<\/strong><\/p>\n<p>Wir verwenden Analyse-Cookies, um die Benutzerfreundlichkeit unserer Website zu optimieren. Diese Analyse-Cookies geben uns Einblicke in die Nutzung unserer Website. F\u00fcr die Platzierung von Analyse-Cookies bitten wir um Ihre Zustimmung.<\/p>\n<p><strong>5.3 Marketing-\/Tracking-Cookies<\/strong><\/p>\n<p>Marketing-\/Tracking-Cookies sind Cookies oder andere lokale Speicherformen, die zur Erstellung von Nutzerprofilen verwendet werden, um Werbung anzuzeigen oder den Nutzer auf dieser Website oder \u00fcber mehrere Websites hinweg f\u00fcr \u00e4hnliche Marketingzwecke zu verfolgen.<\/p>\n<ol start=\"6\">\n<li><strong> platzierte Kekse<\/strong><\/li>\n<\/ol>\n<p><strong>CloudFlare<\/strong><\/p>\n<p>Funktional<\/p>\n<p>Zustimmung zum Cloudflare-Dienst<\/p>\n<p><strong>Google-Schriftarten<\/strong><\/p>\n<p>Marketing<\/p>\n<p>Zustimmung zum Google-Fonts-Dienst<\/p>\n<p><strong>Sonstiges<\/strong><\/p>\n<p>Gegenstand der Untersuchung<\/p>\n<p>Beitrag zu sonstigen Dienstleistungen<\/p>\n<ol start=\"7\">\n<li><strong> Beitrag<\/strong><\/li>\n<\/ol>\n<p>Amikor el\u0151sz\u00f6r l\u00e1togat el a weboldalunkra, egy felugr\u00f3 ablakot jelen\u00edt\u00fcnk meg, amely a s\u00fctikr\u0151l ad magyar\u00e1zatot. Amint a &#8222;Be\u00e1ll\u00edt\u00e1sok ment\u00e9se&#8221; gombra kattint, hozz\u00e1j\u00e1rul\u00e1s\u00e1t adja ahhoz, hogy az \u00d6n \u00e1ltal kiv\u00e1lasztott \u00f6sszes cookie-kateg\u00f3ri\u00e1t \u00e9s b\u0151v\u00edtm\u00e9nyt a jelen cookie-nyilatkozatban le\u00edrtak szerint haszn\u00e1lhassuk. B\u00f6ng\u00e9sz\u0151j\u00e9n kereszt\u00fcl letilthatja a cookie-k haszn\u00e1lat\u00e1t, de k\u00e9rj\u00fck, vegye figyelembe, hogy ebben az esetben el\u0151fordulhat, hogy weboldalunk nem m\u0171k\u00f6dik megfelel\u0151en.<\/p>\n<p><strong>7.1 Verwaltung der Einwilligungseinstellungen<\/strong><\/p>\n<p>Die Cookie-Richtlinien wurden ohne Javascript-Unterst\u00fctzung geladen. Unter AMP k\u00f6nnen Sie die Zustimmungsschaltfl\u00e4che am Ende der Seite verwenden.<\/p>\n<ol start=\"8\">\n<li><strong> Aktivierung\/Deaktivierung und L\u00f6schen von Cookies<\/strong><\/li>\n<\/ol>\n<p>Sie k\u00f6nnen Cookies automatisch oder manuell \u00fcber Ihren Internetbrowser l\u00f6schen. Sie k\u00f6nnen auch festlegen, dass bestimmte Cookies nicht gespeichert werden sollen. Eine weitere M\u00f6glichkeit besteht darin, Ihren Internetbrowser so einzustellen, dass Sie \u00fcber jedes einzelne gespeicherte Cookie informiert werden. Weitere Informationen zu diesen Optionen finden Sie in den Anweisungen in der Hilfe Ihres Browsers.<\/p>\n<p>Bitte beachten Sie, dass unsere Website nicht ordnungsgem\u00e4\u00df funktioniert, wenn Sie alle Cookies deaktiviert haben. Wenn Sie Cookies aus Ihrem Browser l\u00f6schen, werden diese erneut gesetzt, sobald Sie unsere Website erneut besuchen.<\/p>\n<ol start=\"9\">\n<li><strong> Ihre Rechte in Bezug auf Ihre personenbezogenen Daten<\/strong><\/li>\n<\/ol>\n<p>In Bezug auf Ihre personenbezogenen Daten verf\u00fcgen Sie \u00fcber die folgenden Rechte:<\/p>\n<ul>\n<li>Sie haben das Recht zu erfahren, warum Ihre personenbezogenen Daten verwendet werden, was mit ihnen geschieht und wie lange sie gespeichert werden.<\/li>\n<li>Zugriffsrecht: Sie haben das Recht, Ihre bei uns gespeicherten personenbezogenen Daten einzusehen.<\/li>\n<li>Recht auf Berichtigung: Sie haben jederzeit das Recht, Ihre personenbezogenen Daten zu \u00e4ndern, zu berichtigen, zu l\u00f6schen oder zu sperren.<\/li>\n<li>Wenn Sie uns Ihre Einwilligung zur Verarbeitung Ihrer Daten erteilt haben, haben Sie das Recht, diese Einwilligung zu widerrufen und Ihre personenbezogenen Daten zu l\u00f6schen.<\/li>\n<li>Recht auf Daten\u00fcbertragbarkeit: Sie haben das Recht, von einem Datenverantwortlichen alle Ihre personenbezogenen Daten anzufordern und diese vollst\u00e4ndig an einen anderen Datenverantwortlichen zu \u00fcbertragen.<\/li>\n<li>Widerspruchsrecht: Sie haben das Recht, der Verarbeitung Ihrer Daten zu widersprechen. Wir werden diesem Wunsch nachkommen, es sei denn, es liegen berechtigte Gr\u00fcnde f\u00fcr die Verarbeitung vor.<\/li>\n<\/ul>\n<p>Um diese Rechte auszu\u00fcben, bitten wir Sie, sich mit uns in Verbindung zu setzen. Bitte beachten Sie die Kontaktdaten am Ende der Cookie-Erkl\u00e4rung. Sollten Sie Beschwerden hinsichtlich der Verarbeitung Ihrer Daten haben, stehen wir Ihnen gerne zur Verf\u00fcgung. Sie haben auch das Recht, sich an die Aufsichtsbeh\u00f6rde (Datenschutzbeh\u00f6rde) zu wenden.<\/p>\n<ol start=\"10\">\n<li><strong> Erreichbarkeiten<\/strong><\/li>\n<\/ol>\n<p>Sollten Sie Fragen oder Anmerkungen zu unserer Cookie-Richtlinie und dieser Erkl\u00e4rung haben, kontaktieren Sie uns bitte \u00fcber die folgenden Kontaktdaten:<\/p>\nBrigitta Kov\u00e1cs<br \/>\n2045 T\u00f6r\u00f6kb\u00e1lint, Baross utca 48<br \/>\nUngarn<br \/>\nWebsite: <a href=\"https:\/\/b48apartment.eu\/de\/\">https:\/\/b48apartment.eu<\/a><br \/>\nE-Mail: ue.tnemtrapa84b@ofni<br \/>\nTelefonnummer: +36-20-456-9779\n<p>Diese Cookie-Richtlinie wurde am 10. Februar 2024 mit der <a href=\"https:\/\/cookiedatabase.org\/\">cookiedatabase.org.<\/a><\/p>\n<p>&nbsp;<\/p>\n\t<h2>\n\t\t\t\t\t4\n\t\t\t\t<\/h2>\n\t\t\t<p>Wohnung zur Miete verf\u00fcgbar<\/p>\n\t<h2>\n\t\t\t\t\t20\n\t\t\t\t<\/h2>\n\t\t\t<p>G\u00e4ste k\u00f6nnen bequem schlafen<\/p>\n\t<h2>\n\t\t\t\t\t15\n\t\t\t\t<\/h2>\n\t\t\t<p>haben wir Besucher aus<\/p>\n\t<h2>\n\t\t\t\t\t300+\n\t\t\t\t<\/h2>\n\t\t\t<p>Gast, der bei uns wohnt<\/p>\n\t<h3>\n\t\t\t\t\tWir danken Ihnen im Voraus f\u00fcr Ihre Vorschl\u00e4ge und Ihr Feedback.\n\t\t\t\t<\/h3>\n\t\t\t\t<img decoding=\"async\" src=\"https:\/\/b48apartment.eu\/wp-content\/uploads\/bb-plugin\/cache\/Viber-Bild_2022-04-16_11-40-03-130-300x225-square.jpg\" alt=\"Viber-Bild_2022-04-16_11-40-03-130\" itemprop=\"image\"\/>\n\t<h5>\n\t\t\t\t\tBrigitta und Zolt\u00e1n Kov\u00e1cs\n\t\t\t\t<\/h5>\n\t\t\t<p>Hauseigent\u00fcmer<\/p>","protected":false},"excerpt":{"rendered":"<p>Cookie-szab\u00e1lyzat A jelen Cookie-szab\u00e1lyzatot legut\u00f3bb 2024. febru\u00e1r 10-\u00e9n friss\u00edtett\u00e9k, \u00e9s az Eur\u00f3pai Gazdas\u00e1gi T\u00e9rs\u00e9g \u00e9s Sv\u00e1jc polg\u00e1raira \u00e9s lakosaira vonatkozik. bevezet\u00e9s Weboldalunk, a https:\/\/b48apartment.eu (a tov\u00e1bbiakban: &#8222;a weboldal&#8221;) cookie-kat \u00e9s m\u00e1s kapcsol\u00f3d\u00f3 technol\u00f3gi\u00e1kat haszn\u00e1l (az egyszer\u0171s\u00e9g kedv\u00e9\u00e9rt minden technol\u00f3gi\u00e1ra &#8222;cookie-k\u00e9nt&#8221; hivatkozunk). S\u00fctiket az \u00e1ltalunk megb\u00edzott harmadik felek is elhelyeznek. Az al\u00e1bbi dokumentumban t\u00e1j\u00e9koztatjuk \u00d6nt a &hellip;<\/p>\n<p class=\"read-more\"> <a class=\"\" href=\"https:\/\/b48apartment.eu\/de\/beeindrucken-4\/\"> <span class=\"screen-reader-text\">Cookie-Richtlinie<\/span> Mehr lesen \"<\/a><\/p>","protected":false},"author":1,"featured_media":0,"parent":0,"menu_order":0,"comment_status":"closed","ping_status":"closed","template":"","meta":{"site-sidebar-layout":"no-sidebar","site-content-layout":"page-builder","ast-global-header-display":"","ast-main-header-display":"","ast-hfb-above-header-display":"","ast-hfb-below-header-display":"","ast-hfb-mobile-header-display":"","site-post-title":"disabled","ast-breadcrumbs-content":"","ast-featured-img":"disabled","footer-sml-layout":"","theme-transparent-header-meta":"enabled","adv-header-id-meta":"","stick-header-meta":"","header-above-stick-meta":"","header-main-stick-meta":"","header-below-stick-meta":"","ngg_post_thumbnail":0,"footnotes":""},"class_list":["post-1296","page","type-page","status-publish","hentry"],"_links":{"self":[{"href":"https:\/\/b48apartment.eu\/de\/wp-json\/wp\/v2\/pages\/1296","targetHints":{"allow":["GET"]}}],"collection":[{"href":"https:\/\/b48apartment.eu\/de\/wp-json\/wp\/v2\/pages"}],"about":[{"href":"https:\/\/b48apartment.eu\/de\/wp-json\/wp\/v2\/types\/page"}],"author":[{"embeddable":true,"href":"https:\/\/b48apartment.eu\/de\/wp-json\/wp\/v2\/users\/1"}],"replies":[{"embeddable":true,"href":"https:\/\/b48apartment.eu\/de\/wp-json\/wp\/v2\/comments?post=1296"}],"version-history":[{"count":0,"href":"https:\/\/b48apartment.eu\/de\/wp-json\/wp\/v2\/pages\/1296\/revisions"}],"wp:attachment":[{"href":"https:\/\/b48apartment.eu\/de\/wp-json\/wp\/v2\/media?parent=1296"}],"curies":[{"name":"wp","href":"https:\/\/api.w.org\/{rel}","templated":true}]}}